{"id":1157,"date":"2018-07-24T09:07:16","date_gmt":"2018-07-24T07:07:16","guid":{"rendered":"http:\/\/houssiere.eu\/?page_id=1157"},"modified":"2018-07-24T09:07:16","modified_gmt":"2018-07-24T07:07:16","slug":"7-joggy-est-enjoint-a-la-competition","status":"publish","type":"page","link":"https:\/\/houssiere.eu\/index.php\/7-joggy-est-enjoint-a-la-competition\/","title":{"rendered":"7. Joggy est enjoint \u00e0 la comp\u00e9tition"},"content":{"rendered":"<p lang=\"fr-BE\"><span style=\"font-family: Times New Roman, serif;\">\u00ab\u00a0Tu fais la Thoracique, Joggy\u00a0?\u00a0\u00bb<\/span><\/p>\n<p lang=\"fr-BE\"><span style=\"font-family: Times New Roman, serif;\">Je crois que je puis passer le reste de mes jours \u00e0 leur dire que je m\u2019appelle Jean-Guy, ils sont \u2018ind\u00e9crottablement\u2019 braqu\u00e9s sur la course \u00e0 pied et ce surnom leur sied plus qu\u2019\u00e0 moi\u00a0! <\/span><\/p>\n<p lang=\"fr-BE\"><span style=\"font-family: Times New Roman, serif;\">\u00ab\u00a0Qu&rsquo;est-ce que c&rsquo;est\u00a0? Une cage je suppose&#8230;\u00a0\u00bb<\/span><\/p>\n<p lang=\"fr-BE\"><span style=\"font-family: Times New Roman, serif;\">\u00ab\u00a0Ben non, c&rsquo;est la nouvelle course du club vu qu&rsquo;elle compte 12 c\u00f4tes. C&rsquo;est celle qui remplace les Bosses\u00a0\u00bb.<\/span><\/p>\n<p lang=\"fr-BE\"><span style=\"font-family: Times New Roman, serif;\">\u00ab\u00a0Faire le boss, pourquoi pas, mais les bosses est-ce une histoire de chameau?\u00a0\u00bb<\/span><\/p>\n<p lang=\"fr-BE\"><span style=\"font-family: Times New Roman, serif;\">\u00ab\u00a0Eh Joggy, tu ne connaissais pas les \u00a0\u2018Bosses de la Houssi\u00e8re\u2019\u00a0?\u00a0 Une course o\u00f9 il y avait pas mal de c\u00f4tes \u00a0! Et tout dans le bois ! \u00bb\u00a0.<\/span><\/p>\n<p lang=\"fr-BE\"><span style=\"font-family: Times New Roman, serif;\">\u00ab\u00a0Les Bosses fort dures ?\u00a0\u00bb<\/span><\/p>\n<p lang=\"fr-BE\"><span style=\"font-family: Times New Roman, serif;\">S\u2019ensuivit un long expos\u00e9 technique sur le parcours, avec les surnoms locaux pour les c\u00f4tes. Cela a sacr\u00e9ment durcit notre entra\u00eenement et j&rsquo;ai pris go\u00fbt aux pentes. Mais la chaleur\u00a0? Faire \u00ab\u00a0comp\u00e9t\u2019\u00a0\u00bb en juin, c&rsquo;est prendre le risque des tasses \u00e0 l\u2019eau th\u00e9rapies.<\/span><\/p>\n<p lang=\"fr-BE\"><span style=\"font-family: Times New Roman, serif;\">Dans le bois, la plante des pieds n\u2019a pas de racine\u00a0: on ne lui en laisse pas le temps\u00a0! Ce d\u00e9cor vert, \u00e9crin pr\u00e9cieux dans lequel nos poumons s&rsquo;oxyg\u00e8nent, est partag\u00e9 lors de cette comp\u00e9tition. Et quand la chaleur est l\u00e0, l&rsquo;ombrage nous procure une d\u00e9licieuse fra\u00eecheur. Quel pied cette course sous couvert vert. <\/span><\/p>\n<p lang=\"fr-BE\"><span style=\"font-family: Times New Roman, serif;\">Ce n&rsquo;est pas pour \u00e7a qu&rsquo;il n&rsquo;y aura pas un ravitaillement \u00e0 l\u2019eau claire dans nos contr\u00e9es, certifi\u00e9 m\u00eame pas tent\u00e9 par le doping qui agit comme un coup de fouet que tu re\u00e7ois pour battre.. les autres. <\/span><\/p>\n<p lang=\"fr-BE\"><span style=\"font-family: Times New Roman, serif;\">Cela n\u2019a pas cours en course \u00e0 pied, un sport o\u00f9 l\u2019argent n\u2019a pas encore fait trop de d\u00e9g\u00e2ts. Stoppez vos sarcasmes\u00a0: laissez-moi ma na\u00efvet\u00e9 de d\u00e9butant\u00a0!<\/span><\/p>\n<p lang=\"fr-BE\"><img loading=\"lazy\" decoding=\"async\" class=\"alignright size-medium wp-image-1158\" src=\"http:\/\/houssiere.eu\/wp-content\/uploads\/2018\/07\/montee-300x169.jpg\" alt=\"Mont\u00e9e dans le bois de la Houssi\u00e8re\" width=\"300\" height=\"169\" srcset=\"https:\/\/houssiere.eu\/wp-content\/uploads\/2018\/07\/montee-300x169.jpg 300w, https:\/\/houssiere.eu\/wp-content\/uploads\/2018\/07\/montee-768x432.jpg 768w, https:\/\/houssiere.eu\/wp-content\/uploads\/2018\/07\/montee.jpg 1024w, https:\/\/houssiere.eu\/wp-content\/uploads\/2018\/07\/montee-500x281.jpg 500w\" sizes=\"auto, (max-width: 300px) 100vw, 300px\" \/><\/p>\n<p lang=\"fr-BE\"><span style=\"font-family: Times New Roman, serif;\">Avez vous d\u00e9j\u00e0 remarqu\u00e9 que lorsqu\u2019on se donne du mal on se fait du bien\u00a0? Parce qu\u2019on a dur, mais parfois aussi parce qu\u2019on passe pr\u00e8s d\u2019un nid de gu\u00eapes.<\/span><\/p>\n<p lang=\"fr-BE\"><span style=\"font-family: Times New Roman, serif;\">Ce qui \u00e9tait le cas aujourd&rsquo;hui\u00a0! Les courses nature ont leurs revers les tempes bourdonnent parfois, mais les essaims aussi\u00a0! On parle d\u2019une taille de gu\u00eape. Le d\u00e9suet \u2018gu\u00eapi\u00e8re\u2019 avec ses lassants lacets faisait-il ressortir l\u2019essaim\u00a0? <\/span><\/p>\n<p lang=\"fr-BE\"><span style=\"font-family: Times New Roman, serif;\">Ouf, passage sans piq\u00fbre, nous avalons les bosses \u00e0 un rythme effr\u00e9n\u00e9. Devant moi, Alex qui avait dit\u00a0: \u00ab\u00a0Je suis rentr\u00e9 cette nuit, \u00e0 une heure du matin\u2026\u00a0\u00bb. La phrase est correcte, mais bizarre aussi. Et on ne dit jamais \u00ab\u00a0Ce matin, \u00e0 une heure de la nuit\u2026\u00a0\u00bb. Et il est devant moi qui suis all\u00e9 me coucher \u00e0 22h\u00a0! <\/span><\/p>\n<p lang=\"fr-BE\"><span style=\"font-family: Times New Roman, serif;\">Lors de cet entra\u00eenement sur site, je tente un sprint final avec un c\u0153ur \u00e0 190 pour gagner&#8230;une place. Nous organiserons la comp\u00e9tition, donc pas de participation pour nous.<\/span><\/p>\n<p lang=\"fr-BE\"><span style=\"font-family: Times New Roman, serif;\">\u00ab\u00a0Si tu n\u2019es pas d\u00e9go\u00fbt\u00e9 apr\u00e8s cette course, tu es bon pour en faire quelques autres\u00a0!\u00a0\u00bb. La seule chose que je go\u00fbte, c\u2019est la joie de l\u2019effort accompli. \u00c7a y est, je suis accro. <\/span><\/p>\n<p lang=\"fr-BE\"><span style=\"font-family: Times New Roman, serif;\">A l\u2019apr\u00e8s-course, Micky analyse sa montre de g\u00e9om\u00e8tre. \u00ab\u00a0Ils annoncent 12km, j\u2019en ai 11,95\u00a0: l\u2019erreur est juste\u00a0\u00bb. \u00ab\u00a0Tu as raison\u00a0\u00bb, dit Marcel, \u00ab\u00a0C\u2019est juste une erreur\u00a0\u00bb. A les entendre je comprends mieux pourquoi on parle de justice quand on d\u00e9signe les tribunaux. L\u2019erreur aussi y est relative\u2026<\/span><\/p>\n<p lang=\"fr-BE\"><span style=\"font-family: Times New Roman, serif;\">\u00ab\u00a0Au fond\u00a0\u00bb, dit Marcel, \u00ab\u00a0Tout est dans tout et inversement\u00a0\u00bb.<\/span><\/p>\n<p lang=\"fr-BE\"><span style=\"font-family: Times New Roman, serif;\">\u00ab\u00a0Ah non\u00a0!\u00a0\u00bb, dit le grand mince,\u00a0 \u00ab\u00a0Ainsi \u2018vite\u2019 se dit rapidement, mais \u2018rapidement\u2019 ne se dit pas vite\u00a0\u00bb<\/span><\/p>\n<p lang=\"fr-BE\"><span style=\"font-family: Times New Roman, serif;\">\u00ab\u00a0\u2026\u2026.\u00a0\u00bb<\/span><\/p>\n<p lang=\"fr-BE\"><span style=\"font-family: Times New Roman, serif;\">Comme le dit l\u2019employ\u00e9 du cimeti\u00e8re devant sa terre rase sans fosse ou ailleurs\u00a0: il y a une bi\u00e8re bien fra\u00eeche pas loin, mais c&rsquo;est pour l&rsquo;apr\u00e8s-course\u00a0! Certains sont dans les starting blocks, nous on est plut\u00f4t arrival d\u00e9bloquent.<\/span><\/p>\n<p lang=\"fr-BE\"><span style=\"font-family: Times New Roman, serif;\">Allez, la philosophie du dimanche pendant que l\u2019on refait le monde en disant des b\u00eatises, \u00e0 la terrasse de Torine, \u00e7a aussi cela fait partie de la course \u00e0 pied\u00a0!<\/span><\/p>\n<p lang=\"fr-BE\"><span style=\"font-family: Times New Roman, serif;\">J.Air<\/span><\/p>\n","protected":false},"excerpt":{"rendered":"<p>\u00ab\u00a0Tu fais la Thoracique, Joggy\u00a0?\u00a0\u00bb Je crois que je puis passer le reste de mes jours \u00e0 leur dire que je m\u2019appelle Jean-Guy, ils sont \u2018ind\u00e9crottablement\u2019 braqu\u00e9s sur la course \u00e0 pied et ce surnom leur sied plus qu\u2019\u00e0 moi\u00a0! &hellip; <a href=\"https:\/\/houssiere.eu\/index.php\/7-joggy-est-enjoint-a-la-competition\/\">Continuer la lecture <span class=\"meta-nav\">&rarr;<\/span><\/a><\/p>\n","protected":false},"author":1,"featured_media":0,"parent":0,"menu_order":0,"comment_status":"closed","ping_status":"closed","template":"","meta":{"jetpack_post_was_ever_published":false,"footnotes":""},"class_list":["post-1157","page","type-page","status-publish","hentry"],"jetpack_sharing_enabled":true,"jetpack_shortlink":"https:\/\/wp.me\/P8shbt-iF","_links":{"self":[{"href":"https:\/\/houssiere.eu\/index.php\/wp-json\/wp\/v2\/pages\/1157","targetHints":{"allow":["GET"]}}],"collection":[{"href":"https:\/\/houssiere.eu\/index.php\/wp-json\/wp\/v2\/pages"}],"about":[{"href":"https:\/\/houssiere.eu\/index.php\/wp-json\/wp\/v2\/types\/page"}],"author":[{"embeddable":true,"href":"https:\/\/houssiere.eu\/index.php\/wp-json\/wp\/v2\/users\/1"}],"replies":[{"embeddable":true,"href":"https:\/\/houssiere.eu\/index.php\/wp-json\/wp\/v2\/comments?post=1157"}],"version-history":[{"count":1,"href":"https:\/\/houssiere.eu\/index.php\/wp-json\/wp\/v2\/pages\/1157\/revisions"}],"predecessor-version":[{"id":1159,"href":"https:\/\/houssiere.eu\/index.php\/wp-json\/wp\/v2\/pages\/1157\/revisions\/1159"}],"wp:attachment":[{"href":"https:\/\/houssiere.eu\/index.php\/wp-json\/wp\/v2\/media?parent=1157"}],"curies":[{"name":"wp","href":"https:\/\/api.w.org\/{rel}","templated":true}]}}