{"id":1211,"date":"2018-09-01T15:16:56","date_gmt":"2018-09-01T13:16:56","guid":{"rendered":"http:\/\/houssiere.eu\/?page_id=1211"},"modified":"2026-03-26T13:53:08","modified_gmt":"2026-03-26T12:53:08","slug":"actualite","status":"publish","type":"page","link":"https:\/\/houssiere.eu\/index.php\/actualite\/","title":{"rendered":"Thoracique"},"content":{"rendered":"<h1>La Thoracique a des archives!<\/h1>\n<h1>Pour l&rsquo;\u00e9dition 2025, cliquez\u00a0<a href=\"https:\/\/houssiere.eu\/index.php\/actualite\/la-thoracique-2025\/\" target=\"_blank\" rel=\"noopener\">ICI ! <\/a>Pour l&rsquo;\u00e9dition 2024, cliquez\u00a0<a href=\"https:\/\/houssiere.eu\/index.php\/thoracique-2024\/\" target=\"_blank\" rel=\"noopener\">ICI<\/a> .Pour l&rsquo;\u00e9dition 2023, cliquez <a href=\"https:\/\/houssiere.eu\/index.php\/thoracique-de-la-houssiere-2023\/\" target=\"_blank\" rel=\"noopener\">ICI<\/a> Pour l&rsquo;\u00e9dition 2022, cliquez <a href=\"https:\/\/houssiere.eu\/index.php\/la-thoracique-de-la-houssiere-2022\/\">ici<\/a> !<\/h1>\n<h1><span style=\"color: #0000ff;\">La Thoracique de la Houssi\u00e8re (Course foresti\u00e8re)<img loading=\"lazy\" decoding=\"async\" class=\"alignright size-medium wp-image-1594\" src=\"http:\/\/houssiere.eu\/wp-content\/uploads\/2019\/02\/Thoracique-arbre-cote-soleil-mini-300x260.jpg\" alt=\"Logo Thoracique Houssiere\" width=\"300\" height=\"260\" srcset=\"https:\/\/houssiere.eu\/wp-content\/uploads\/2019\/02\/Thoracique-arbre-cote-soleil-mini-300x260.jpg 300w, https:\/\/houssiere.eu\/wp-content\/uploads\/2019\/02\/Thoracique-arbre-cote-soleil-mini-346x300.jpg 346w, https:\/\/houssiere.eu\/wp-content\/uploads\/2019\/02\/Thoracique-arbre-cote-soleil-mini.jpg 691w\" sizes=\"auto, (max-width: 300px) 100vw, 300px\" \/> 2025- Nederlandse versie hieronder &#8211; English version below<br \/>\n<\/span><\/h1>\n<p>La 6\u00e8me \u00e9dition de notre course foresti\u00e8re, la Thoracique de la Houssi\u00e8re, aura lieu <strong>le <span style=\"color: #800000;\">dimanche<\/span> 13 septembre 2026 \u00e0 10h30<\/strong>, sur la distance de 12,4 km. Douze c\u00f4tes (d&rsquo;o\u00f9 le nom) l\u00e9g\u00e8res (D+ de 188m) 100% sous couvert v\u00e9g\u00e9tal, ce qui est toujours sympa si le mois de septembre est ensoleill\u00e9. La Mini-Thoracique compte 6,4 km et moins de c\u00f4tes.\u00a0 Attention nous ne disposons pas de moyens \u00e9lectroniques de paiement fiables, vu que nous sommes quasi au milieu du bois.<\/p>\n<p>Pour vous <span style=\"color: #ff0000;\"><strong>inscrire<\/strong> <\/span>c&rsquo;est sur le site de Chronorace :\u00a0<a href=\"https:\/\/prod.chronorace.be\/registration\/SelectActivity.aspx?iframe=1&amp;eventId=2156331280834552\" target=\"_blank\" rel=\"noopener\">ICI<\/a> \u00a0.<\/p>\n<p>Le d\u00e9part commun aux deux courses sera donn\u00e9 \u00e0 10h30 au Domaine Mon Plaisir, all\u00e9e de la Dinzelle, 100 \u00e0 7090 Braine-le-Comte. Une seule boucle, diff\u00e9rente pour chaque course, essentiellement sur chemins forestiers. La Thoracique compte comme \u00e9preuve du\u00a0 <strong>challenge\u00a0<a href=\"https:\/\/houssiere.eu\/wp-content\/uploads\/2025\/11\/Flyer-Delhalle-2026-A6-recto.jpg\" target=\"_blank\" rel=\"noopener\">Delhalle<\/a> .<\/strong><\/p>\n<p><a href=\"https:\/\/www.challenge-delhalle.be\/\"><img loading=\"lazy\" decoding=\"async\" class=\"aligncenter wp-image-4799 size-full\" src=\"https:\/\/houssiere.eu\/wp-content\/uploads\/2023\/04\/logo-delhalle.png\" alt=\"\" width=\"134\" height=\"90\" \/><\/a><\/p>\n<div id=\"attachment_7089\" style=\"width: 802px\" class=\"wp-caption aligncenter\"><img loading=\"lazy\" decoding=\"async\" aria-describedby=\"caption-attachment-7089\" class=\"size-full wp-image-7089\" src=\"https:\/\/houssiere.eu\/wp-content\/uploads\/2025\/07\/profil-124-km-12-cotes.jpg\" alt=\"\" width=\"792\" height=\"230\" srcset=\"https:\/\/houssiere.eu\/wp-content\/uploads\/2025\/07\/profil-124-km-12-cotes.jpg 792w, https:\/\/houssiere.eu\/wp-content\/uploads\/2025\/07\/profil-124-km-12-cotes-300x87.jpg 300w, https:\/\/houssiere.eu\/wp-content\/uploads\/2025\/07\/profil-124-km-12-cotes-768x223.jpg 768w, https:\/\/houssiere.eu\/wp-content\/uploads\/2025\/07\/profil-124-km-12-cotes-500x145.jpg 500w\" sizes=\"auto, (max-width: 792px) 100vw, 792px\" \/><p id=\"caption-attachment-7089\" class=\"wp-caption-text\">Les 12 c\u00f4tes de la Thoracique.. et la descente de 1300m vers l&rsquo;arriv\u00e9e!<\/p><\/div>\n<div id=\"attachment_7189\" style=\"width: 594px\" class=\"wp-caption alignright\"><img loading=\"lazy\" decoding=\"async\" aria-describedby=\"caption-attachment-7189\" class=\"wp-image-7189 size-large\" src=\"https:\/\/houssiere.eu\/wp-content\/uploads\/2025\/09\/profil-Mini-Thoracique-64-km-1024x436.png\" alt=\"profil mini thoracique\" width=\"584\" height=\"249\" srcset=\"https:\/\/houssiere.eu\/wp-content\/uploads\/2025\/09\/profil-Mini-Thoracique-64-km-1024x436.png 1024w, https:\/\/houssiere.eu\/wp-content\/uploads\/2025\/09\/profil-Mini-Thoracique-64-km-300x128.png 300w, https:\/\/houssiere.eu\/wp-content\/uploads\/2025\/09\/profil-Mini-Thoracique-64-km-768x327.png 768w, https:\/\/houssiere.eu\/wp-content\/uploads\/2025\/09\/profil-Mini-Thoracique-64-km-500x213.png 500w, https:\/\/houssiere.eu\/wp-content\/uploads\/2025\/09\/profil-Mini-Thoracique-64-km.png 1197w\" sizes=\"auto, (max-width: 584px) 100vw, 584px\" \/><p id=\"caption-attachment-7189\" class=\"wp-caption-text\">Profil de la Mini-Thoracique &#8211; 6,4 km et les 1300 derniers m\u00e8tres en descente!<\/p><\/div>\n<p>&nbsp;<\/p>\n<p><img loading=\"lazy\" decoding=\"async\" class=\"aligncenter size-full wp-image-1939\" src=\"http:\/\/houssiere.eu\/wp-content\/uploads\/2019\/06\/depart02-1.jpg\" alt=\"\" width=\"658\" height=\"623\" srcset=\"https:\/\/houssiere.eu\/wp-content\/uploads\/2019\/06\/depart02-1.jpg 658w, https:\/\/houssiere.eu\/wp-content\/uploads\/2019\/06\/depart02-1-300x284.jpg 300w, https:\/\/houssiere.eu\/wp-content\/uploads\/2019\/06\/depart02-1-317x300.jpg 317w\" sizes=\"auto, (max-width: 658px) 100vw, 658px\" \/><\/p>\n<p>Venez oxyg\u00e9ner vos poumons dans l&rsquo;\u00e9crin vert du bois de la Houssi\u00e8re \u00e0 Braine-le-Comte.<\/p>\n<p><a href=\"https:\/\/houssiere.eu\/wp-content\/uploads\/2025\/12\/Brochure-Delhalle-12-Thoracique.pdf\">Brochure Delhalle 12 Thoracique<\/a><\/p>\n<p>&nbsp;<\/p>\n<div id=\"attachment_1419\" style=\"width: 594px\" class=\"wp-caption aligncenter\"><img loading=\"lazy\" decoding=\"async\" aria-describedby=\"caption-attachment-1419\" class=\"wp-image-1419 size-large\" src=\"http:\/\/houssiere.eu\/wp-content\/uploads\/2018\/11\/Bois-houssiere-HAC-km6-1024x576.jpg\" alt=\"Thoracique HAC\" width=\"584\" height=\"329\" srcset=\"https:\/\/houssiere.eu\/wp-content\/uploads\/2018\/11\/Bois-houssiere-HAC-km6-1024x576.jpg 1024w, https:\/\/houssiere.eu\/wp-content\/uploads\/2018\/11\/Bois-houssiere-HAC-km6-300x169.jpg 300w, https:\/\/houssiere.eu\/wp-content\/uploads\/2018\/11\/Bois-houssiere-HAC-km6-768x432.jpg 768w, https:\/\/houssiere.eu\/wp-content\/uploads\/2018\/11\/Bois-houssiere-HAC-km6-500x281.jpg 500w, https:\/\/houssiere.eu\/wp-content\/uploads\/2018\/11\/Bois-houssiere-HAC-km6.jpg 1200w\" sizes=\"auto, (max-width: 584px) 100vw, 584px\" \/><p id=\"caption-attachment-1419\" class=\"wp-caption-text\">Une des pentes de la Thoracique.<\/p><\/div>\n<p><strong>Commodit\u00e9s<\/strong>: vestiaires avec douches, ravitaillement, petite restauration sur place, tombola, plaine de jeux accessible pour les enfants, mais sous la surveillance des accompagnants, dans le Bois de la Houssi\u00e8re. Parking en prairie voisine si le temps le permet ( vu que c&rsquo;est interdit dans le bois) 400 places. <strong>Pr\u00e9sence obligatoire<\/strong> tant pour les podiums que pour la tombola (les pr\u00e9-inscrits du Delhalle: pensez \u00e0 venir prendre votre billet de tombola \u00e0 la table du Delhalle). Prize-money au scratch des 5 dames et 5 hommes sur le 12 km et des 3 dames et 3 hommes sur le 6 km.<\/p>\n<p>Si le parking en prairie ne vous convient pas, notre plan de secours est alors de vous conseiller de stationner le long de l\u2019avenue du Point du Jour ou du Marouset et de rejoindre le d\u00e9part ( \u00e0 800m) par la dr\u00e8ve des Chasseurs et ne vous y engagez pas en voiture. Plan en annexe Marouset ici <a href=\"https:\/\/houssiere.eu\/wp-content\/uploads\/2022\/05\/parking-HAC.pdf\" target=\"_blank\" rel=\"noopener\">parking .\u00a0<\/a><\/p>\n<p><strong>Pr\u00e9-inscriptions <\/strong>: Les pr\u00e9-inscriptions sont bienvenues par le biais de Chronorace, notre chronom\u00e9treur.<\/p>\n<p><strong>Inscriptions<\/strong> : sur place \u00e0 partir de 9h, en cash ou payconiq, attention \u00e0 la faiblesse des moyens \u00e9lectroniques comme signal\u00e9 ci-avant.<\/p>\n<p><strong>Logements et visites<\/strong>: sur le site officiel visit wallonia, accessible <a href=\"https:\/\/visitwallonia.be\/\" target=\"_blank\" rel=\"noopener\">ici<\/a>.<\/p>\n<p><strong>Renseignements<\/strong>: Didier Renard par mail renardd31@gmail.com ou au t\u00e9l 0475\/511703.<\/p>\n<p><img loading=\"lazy\" decoding=\"async\" class=\"aligncenter wp-image-1525 size-large\" src=\"http:\/\/houssiere.eu\/wp-content\/uploads\/2018\/12\/cote-biches-1024x576.jpg\" alt=\"Jogging Thoracic\" width=\"584\" height=\"329\" srcset=\"https:\/\/houssiere.eu\/wp-content\/uploads\/2018\/12\/cote-biches-1024x576.jpg 1024w, https:\/\/houssiere.eu\/wp-content\/uploads\/2018\/12\/cote-biches-300x169.jpg 300w, https:\/\/houssiere.eu\/wp-content\/uploads\/2018\/12\/cote-biches-768x432.jpg 768w, https:\/\/houssiere.eu\/wp-content\/uploads\/2018\/12\/cote-biches-500x281.jpg 500w, https:\/\/houssiere.eu\/wp-content\/uploads\/2018\/12\/cote-biches.jpg 1200w\" sizes=\"auto, (max-width: 584px) 100vw, 584px\" \/><\/p>\n<p><span style=\"color: #993366;\"><strong>De Thoracic van de Houssi\u00e8re<\/strong><\/span><\/p>\n<p>Hier vindt u informatie over onze bosrace, de Thoracique de la Houssi\u00e8re, die plaatsvindt op zondag13 september 2026 om 10.30 uur, met twee mogelijke afstanden: 6 en 12,4 km. 12 lichte heuvels (D + 188 m) 100% onder plantdek, wat altijd leuk is als we van zonnig weer genieten.<br \/>\nDe start van beide races wordt om 10:30u gegeven op Domaine Mon Plaisir, Dinzellelaan, 100, in 7090 Braine-le-Comte. Een enkele ronde, verschillend voor elke race, voornamelijk op boswegen. De Thoracique telt als een wedstrijd van de Delhalle Challenge.<\/p>\n<p><img loading=\"lazy\" decoding=\"async\" class=\"aligncenter size-large wp-image-2028\" src=\"http:\/\/houssiere.eu\/wp-content\/uploads\/2019\/08\/bois-768x1024.jpeg\" alt=\"\" width=\"584\" height=\"779\" srcset=\"https:\/\/houssiere.eu\/wp-content\/uploads\/2019\/08\/bois-768x1024.jpeg 768w, https:\/\/houssiere.eu\/wp-content\/uploads\/2019\/08\/bois-225x300.jpeg 225w, https:\/\/houssiere.eu\/wp-content\/uploads\/2019\/08\/bois.jpeg 800w\" sizes=\"auto, (max-width: 584px) 100vw, 584px\" \/><\/p>\n<p>Kom wat zuivere lucht inademen in het groene bos van de Houssi\u00e8re.<\/p>\n<p><strong>Voorzieningen<\/strong>: <span style=\"color: #000000;\"><span style=\"font-family: Times New Roman, serif;\"><span style=\"font-size: medium;\">kleedkamers met douches, versnaperingen, kleine restauratie ter plaatse, tombola, speeltuin toegankelijk voor kinderen, maar onder toezicht van ouders\/begeleiders, in het bos \u00ab\u00a0Bois de la Houssi\u00e8re\u00a0\u00bb. Parkeren in de aangrenzende weide als het weer het toelaat (verboden in het bos). Anders langs de Avenue du Marouset en toegang te voet via de Dr\u00e8ve des Chasseurs (800m).<\/span><\/span><\/span><\/p>\n<p><strong>Pre-registraties<\/strong>: door Chronorace,\u00a0<a href=\"https:\/\/prod.chronorace.be\/registration\/SelectActivity.aspx?eventId=2157860289051079&amp;iframe=1&amp;hash=fmB6p_J-Te3dnrah_rLaEFA6aWU\" target=\"_blank\" rel=\"noopener\">HIER<\/a>\u00a0 .<\/p>\n<p><strong>Inschrijving ter plaatse<\/strong>\u00a0 vanaf 9u zaterdag.<\/p>\n<p><strong>Overnachten<\/strong>: inlichtingen op offici\u00eble website wallonia.be, <a href=\"https:\/\/visitwallonia.be\/nl?cookie_lang=nl\" target=\"_blank\" rel=\"noopener\">hier<\/a> .<\/p>\n<p><strong>Informatie<\/strong>: Didier Renard door mail renardd31@gmail.com<\/p>\n<p>U bent hartelijk welkom\u00a0!<\/p>\n<p>&nbsp;<\/p>\n<p><img loading=\"lazy\" decoding=\"async\" class=\"aligncenter wp-image-1524 size-large\" src=\"http:\/\/houssiere.eu\/wp-content\/uploads\/2018\/12\/depart-1024x576.jpg\" alt=\"Course \u00e0 pied la Thoracique\" width=\"584\" height=\"329\" srcset=\"https:\/\/houssiere.eu\/wp-content\/uploads\/2018\/12\/depart.jpg 1024w, https:\/\/houssiere.eu\/wp-content\/uploads\/2018\/12\/depart-300x169.jpg 300w, https:\/\/houssiere.eu\/wp-content\/uploads\/2018\/12\/depart-768x432.jpg 768w, https:\/\/houssiere.eu\/wp-content\/uploads\/2018\/12\/depart-500x281.jpg 500w\" sizes=\"auto, (max-width: 584px) 100vw, 584px\" \/><\/p>\n<p><strong><span style=\"color: #993366;\">The Thoracic of the Houssi\u00e8re<\/span><\/strong><\/p>\n<p>Here you will find information on the 5th edition of our forest race, the Thoracique de la Houssi\u00e8re, which will take place in 2025 on Sunday, September 13 at 10:30 am, in two distances: 6 and 12,4 km. 12 rather light hills (D + 188m) 100% under plant cover, which is always nice if we are lucky enough to enjoy a sunny weather.<\/p>\n<p>The start of both races will be given at 3 pm at the Domaine Mon Plaisir, Dinzelle lane, 100, in 7090 Braine-le-Comte (Belgium). A single loop, different for each race,\u00a0 mainly on forest paths. The Thoracique race count as a competition at Delhalle Challenge.<\/p>\n<p><img loading=\"lazy\" decoding=\"async\" class=\"aligncenter size-large wp-image-2029\" src=\"http:\/\/houssiere.eu\/wp-content\/uploads\/2019\/08\/groupe-bois3-1024x683.jpg\" alt=\"\" width=\"584\" height=\"390\" srcset=\"https:\/\/houssiere.eu\/wp-content\/uploads\/2019\/08\/groupe-bois3-1024x683.jpg 1024w, https:\/\/houssiere.eu\/wp-content\/uploads\/2019\/08\/groupe-bois3-300x200.jpg 300w, https:\/\/houssiere.eu\/wp-content\/uploads\/2019\/08\/groupe-bois3-768x512.jpg 768w, https:\/\/houssiere.eu\/wp-content\/uploads\/2019\/08\/groupe-bois3-450x300.jpg 450w, https:\/\/houssiere.eu\/wp-content\/uploads\/2019\/08\/groupe-bois3.jpg 1199w\" sizes=\"auto, (max-width: 584px) 100vw, 584px\" \/><\/p>\n<p>Come and oxygenate your lungs in the green wood of the Houssi\u00e8re.<\/p>\n<p><strong>Facilities<\/strong>: cloakroom with showers, food, snacks on site, a raffle, a playground for children, but under the supervision of accompanying persons. You can park in the neighbouring meadow, if the weather allows it. Otherwise along the Marouset avenue , and then on foot through the Dr\u00e8ve des Chasseurs (800m).<\/p>\n<p><strong>Pre-registrations<\/strong>: through Chronorace,\u00a0\u00a0<a href=\"https:\/\/prod.chronorace.be\/registration\/SelectActivity.aspx?eventId=2157860289051079&amp;iframe=1&amp;hash=fmB6p_J-Te3dnrah_rLaEFA6aWU\" target=\"_blank\" rel=\"noopener\">HERE<\/a> .<\/p>\n<p><strong>Registration<\/strong>\u00a0 on sunday between 9 and 10:30 am.<\/p>\n<p><strong>To sleep or for inquiries<\/strong>: official belgian website:\u00a0 wallonia.be, or clic <a href=\"https:\/\/visitwallonia.com\/en-gb?cookie_lang=en-gb\" target=\"_blank\" rel=\"noopener\">here<\/a> \u00a0 .<\/p>\n<p><strong>Information<\/strong>: Didier Renard : mail renardd31@gmail.com<\/p>\n<p><img loading=\"lazy\" decoding=\"async\" class=\"aligncenter size-large wp-image-5426\" src=\"https:\/\/houssiere.eu\/wp-content\/uploads\/2023\/11\/photo-cote-hac-2023-thoracique-1024x683.jpg\" alt=\"\" width=\"584\" height=\"390\" srcset=\"https:\/\/houssiere.eu\/wp-content\/uploads\/2023\/11\/photo-cote-hac-2023-thoracique-1024x683.jpg 1024w, https:\/\/houssiere.eu\/wp-content\/uploads\/2023\/11\/photo-cote-hac-2023-thoracique-300x200.jpg 300w, https:\/\/houssiere.eu\/wp-content\/uploads\/2023\/11\/photo-cote-hac-2023-thoracique-768x512.jpg 768w, https:\/\/houssiere.eu\/wp-content\/uploads\/2023\/11\/photo-cote-hac-2023-thoracique-450x300.jpg 450w, https:\/\/houssiere.eu\/wp-content\/uploads\/2023\/11\/photo-cote-hac-2023-thoracique.jpg 1280w\" sizes=\"auto, (max-width: 584px) 100vw, 584px\" \/><\/p>\n<p>&nbsp;<\/p>\n<p style=\"text-align: center;\"><span style=\"color: #00ff00;\"><strong>\u00a0<\/strong><\/span><\/p>\n","protected":false},"excerpt":{"rendered":"<p>La Thoracique a des archives! Pour l&rsquo;\u00e9dition 2025, cliquez\u00a0ICI ! Pour l&rsquo;\u00e9dition 2024, cliquez\u00a0ICI .Pour l&rsquo;\u00e9dition 2023, cliquez ICI Pour l&rsquo;\u00e9dition 2022, cliquez ici ! La Thoracique de la Houssi\u00e8re (Course foresti\u00e8re) 2025- Nederlandse versie hieronder &#8211; English version below &hellip; <a href=\"https:\/\/houssiere.eu\/index.php\/actualite\/\">Continuer la lecture <span class=\"meta-nav\">&rarr;<\/span><\/a><\/p>\n","protected":false},"author":1,"featured_media":0,"parent":0,"menu_order":0,"comment_status":"closed","ping_status":"closed","template":"","meta":{"jetpack_post_was_ever_published":false,"footnotes":""},"class_list":["post-1211","page","type-page","status-publish","hentry"],"jetpack_sharing_enabled":true,"jetpack_shortlink":"https:\/\/wp.me\/P8shbt-jx","_links":{"self":[{"href":"https:\/\/houssiere.eu\/index.php\/wp-json\/wp\/v2\/pages\/1211","targetHints":{"allow":["GET"]}}],"collection":[{"href":"https:\/\/houssiere.eu\/index.php\/wp-json\/wp\/v2\/pages"}],"about":[{"href":"https:\/\/houssiere.eu\/index.php\/wp-json\/wp\/v2\/types\/page"}],"author":[{"embeddable":true,"href":"https:\/\/houssiere.eu\/index.php\/wp-json\/wp\/v2\/users\/1"}],"replies":[{"embeddable":true,"href":"https:\/\/houssiere.eu\/index.php\/wp-json\/wp\/v2\/comments?post=1211"}],"version-history":[{"count":128,"href":"https:\/\/houssiere.eu\/index.php\/wp-json\/wp\/v2\/pages\/1211\/revisions"}],"predecessor-version":[{"id":7658,"href":"https:\/\/houssiere.eu\/index.php\/wp-json\/wp\/v2\/pages\/1211\/revisions\/7658"}],"wp:attachment":[{"href":"https:\/\/houssiere.eu\/index.php\/wp-json\/wp\/v2\/media?parent=1211"}],"curies":[{"name":"wp","href":"https:\/\/api.w.org\/{rel}","templated":true}]}}