{"id":1345,"date":"2018-11-01T21:11:30","date_gmt":"2018-11-01T20:11:30","guid":{"rendered":"http:\/\/houssiere.eu\/?page_id=1345"},"modified":"2020-12-08T14:53:12","modified_gmt":"2020-12-08T13:53:12","slug":"en-tendons-efficaces-nous-courons-bien-entendu","status":"publish","type":"page","link":"https:\/\/houssiere.eu\/index.php\/en-tendons-efficaces-nous-courons-bien-entendu\/","title":{"rendered":"En tendons efficaces, nous courons\u00a0; bien entendu\u00a0!"},"content":{"rendered":"<p align=\"RIGHT\"><span style=\"color: #006600;\"><span style=\"font-family: Times New Roman, serif;\"><span style=\"font-size: medium;\"><b>A VOTRE SANTE<\/b><\/span><\/span><\/span><\/p>\n<p align=\"RIGHT\"><span style=\"color: #000000;\"><span style=\"font-family: Times New Roman, serif;\"><span style=\"font-size: small;\">Ou comment dire des choses s\u00e9rieuses avec l\u00e9g\u00e8ret\u00e9\u00a0! <\/span><\/span><\/span><\/p>\n<p><span style=\"font-family: Times New Roman, serif;\">Nous avons une merveilleuse organisation dans le corps humain\u00a0! La pratique de la course \u00e0 pied en mobilise une bonne partie. Notre article du jour attire votre attention sur les tendons. Nous avons d\u00e9j\u00e0 abord\u00e9 une partie du sujet dans la rubrique \u00ab\u00a0tendinopathie\u00a0\u00bb ou celle de \u00ab\u00a0l&rsquo;essuie-glace\u00a0\u00bb, mais notre souci du jour est de vous informer avant que vous n&rsquo;ayez \u00e0 lire ces rubriques\u00a0!<\/span><\/p>\n<p><img loading=\"lazy\" decoding=\"async\" class=\"aligncenter wp-image-1347 size-large\" src=\"https:\/\/houssiere.eu\/wp-content\/uploads\/2018\/11\/point-insertion-tendon-1024x576.jpg\" alt=\"R\u00f4le du tendon HAC\" width=\"584\" height=\"329\" srcset=\"https:\/\/houssiere.eu\/wp-content\/uploads\/2018\/11\/point-insertion-tendon-1024x576.jpg 1024w, https:\/\/houssiere.eu\/wp-content\/uploads\/2018\/11\/point-insertion-tendon-300x169.jpg 300w, https:\/\/houssiere.eu\/wp-content\/uploads\/2018\/11\/point-insertion-tendon-768x432.jpg 768w, https:\/\/houssiere.eu\/wp-content\/uploads\/2018\/11\/point-insertion-tendon-500x281.jpg 500w, https:\/\/houssiere.eu\/wp-content\/uploads\/2018\/11\/point-insertion-tendon.jpg 1920w\" sizes=\"auto, (max-width: 584px) 100vw, 584px\" \/><\/p>\n<p><span style=\"font-family: Times New Roman, serif;\">Le tendon relie un os \u00e0 un muscle quant au ligament il relie deux os. La fibre de collag\u00e8ne constitue l&rsquo;essentiel de ce tendon, contrairement \u00e0 nos remarques stupides qui vous collent la g\u00e8ne lors de la lecture d&rsquo;un article complexe. Certains tendons sont entour\u00e9s d&rsquo;une gaine tendineuse contenant un lubrifiant, similaire \u00e0 celui produit par les bourses s\u00e9reuses\u00a0et destin\u00e9<\/span> \u00e0 faciliter les mouvements, \u00e0 r\u00e9duire la friction (et donc la surchauffe) bref, \u00e0 amoindrir les usures possibles dues \u00e0 l&rsquo;utilisation du tendon. Le cours de la bourse n&rsquo;a cependant rien avoir avec l&rsquo;utilisation de ces bourses quand on court. S\u00e9reusement, le crash boursier du tendon s&rsquo;appelle une bursite. Si l&rsquo;on vous conseille de boire, c&rsquo;est parce qu&rsquo;un tendon est constitu\u00e9 de 70% d&rsquo;eau et de 30% de masse s\u00e8che\u00a0! On a bien dit de l&rsquo;eau\u00a0! Et ce lubrifiant est imp\u00e9ratif pour faire notre parcours de course \u00e0 pied.<\/p>\n<p>&nbsp;<\/p>\n<p>M\u00e9caniquement, un muscle se contracte. S&rsquo;il n&rsquo;est reli\u00e9 \u00e0 rien, il ne sert \u00e0 rien. Achille l&rsquo;avait bien compris\u00a0: pas facile de se mouvoir si le tendon qui porte son nom est rompu. Avant d&rsquo;en arriver l\u00e0, il faut vraiment une sacr\u00e9e pathologie ou un sacr\u00e9 choc\u00a0! Donc de chouettes muscles, hyper dou\u00e9s pour la course \u00e0 pied, ne sont utiles que s&rsquo;ils sont reli\u00e9s par les tendons \u00e0 nos diverses parties du corps. Le muscle est le moteur, la transmission c&rsquo;est gr\u00e2ce au tendon et les os font les leviers\u00a0!<\/p>\n<p><img loading=\"lazy\" decoding=\"async\" class=\"aligncenter wp-image-1346 size-large\" src=\"https:\/\/houssiere.eu\/wp-content\/uploads\/2018\/11\/structure-tendon-jr-1024x409.jpg\" alt=\"Structure du tendon\" width=\"584\" height=\"233\" srcset=\"https:\/\/houssiere.eu\/wp-content\/uploads\/2018\/11\/structure-tendon-jr-1024x409.jpg 1024w, https:\/\/houssiere.eu\/wp-content\/uploads\/2018\/11\/structure-tendon-jr-300x120.jpg 300w, https:\/\/houssiere.eu\/wp-content\/uploads\/2018\/11\/structure-tendon-jr-768x307.jpg 768w, https:\/\/houssiere.eu\/wp-content\/uploads\/2018\/11\/structure-tendon-jr-500x200.jpg 500w, https:\/\/houssiere.eu\/wp-content\/uploads\/2018\/11\/structure-tendon-jr.jpg 1129w\" sizes=\"auto, (max-width: 584px) 100vw, 584px\" \/><\/p>\n<p>Vous comprenez d\u00e8s lors l&rsquo;utilit\u00e9 de choyer vos tendons\u00a0: lubrification optimale, entra\u00eenements progressifs, repos entre les s\u00e9ances longues, \u00e9tirements doux 30 min apr\u00e8s l&rsquo;effort, bref se persuader que ces tendons sont aussi indispensables que les muscles, sinon, ils vous le font savoir et leur inflammation est tr\u00e8s diff\u00e9rentes des autres inflammations de votre corps.<\/p>\n<p>Il n&rsquo;y a pas beaucoup de vaisseaux sanguins dans un tendon mais des nerfs, oui\u00a0: il faut plein d&rsquo;informations pour adapter la traction musculaire. S&rsquo;il y a 4000 tendons dans le corps, il n&rsquo;y a \u00ab\u00a0que\u00a0\u00bb 570 muscles qui s&rsquo;y accrochent et vous en d\u00e9duirez donc qu&rsquo;il y a souvent plusieurs tendons par muscle. 570\u00a0!! Imaginez la quantit\u00e9 d&rsquo;informations trait\u00e9es par votre cerveau \u00e0 chaque foul\u00e9e, pendant que vous balancez votre corps de gauche \u00e0 droite et d&rsquo;avant en arri\u00e8re. Et en faisant des bonds pendant ce temps l\u00e0. Ben oui, la marche olympique oblige que l&rsquo;un des pieds reste au sol, la course \u00e0 pied, elle, vous permet de quitter tr\u00e8s momentan\u00e9ment la surface terrestre\u00a0! Chaque muscle doit travailler pr\u00e9cis\u00e9ment et les tendons doivent envoyer et recevoir des informations sur cette tension pr\u00e9cise \u00e0 avoir. A chaque impulsion, le joggeur s&rsquo;envoie en l&rsquo;air et notre oreille interne en g\u00e8re le positionnement dans l&rsquo;espace.<\/p>\n<p><img loading=\"lazy\" decoding=\"async\" class=\"aligncenter wp-image-1348 size-full\" src=\"https:\/\/houssiere.eu\/wp-content\/uploads\/2018\/11\/pied-sol.jpg\" alt=\"Elasticit\u00e9 du tendon\" width=\"776\" height=\"803\" srcset=\"https:\/\/houssiere.eu\/wp-content\/uploads\/2018\/11\/pied-sol.jpg 776w, https:\/\/houssiere.eu\/wp-content\/uploads\/2018\/11\/pied-sol-290x300.jpg 290w, https:\/\/houssiere.eu\/wp-content\/uploads\/2018\/11\/pied-sol-768x795.jpg 768w\" sizes=\"auto, (max-width: 776px) 100vw, 776px\" \/><\/p>\n<p>Une cinquantaine de muscles dans chaque jambe, 50 dans chaque bras. Les muscles \u00e9l\u00e9vateurs des c\u00f4tes qui ont du boulot lors de notre jogging (le \u00ab\u00a0point de c\u00f4t\u00e9\u00a0\u00bb est l\u00e0 pour nous le rappeler) vous imaginez comme le microprocesseur c\u00e9r\u00e9bral s&rsquo;active sacr\u00e9ment lors d&rsquo;un footing sympa\u00a0!<\/p>\n<p>Il est donc important de choyer tant nos neurones que nos tendons\u00a0! Pourtant, il doit se nourrir ce tendon\u00a0! C&rsquo;est par le biais des membranes entourant les fibrilles que les \u00e9l\u00e9ments nutritifs sont apport\u00e9s et l&rsquo;eau conserv\u00e9e. Un tendon immobilis\u00e9 s&rsquo;atrophie, il lui faut du mouvement pour se nourrir\u00a0! Les personnes \u00e2g\u00e9es qui s&rsquo;entra\u00eenent voient les caract\u00e9ristiques visco-\u00e9lastiques se maintenir bien plus longtemps que ceux qui ne s&rsquo;entra\u00eenent pas\u00a0 (3).<\/p>\n<p>Le manque d&rsquo;activit\u00e9 rend les tendons rigides et fragiles et les assouplir \u00e0 nouveau est lent, difficile et d\u00e9licat (mais possible). C&rsquo;est le mouvement qui hydrate les tendons. Donc bougeons\u00a0!! Et buvons de l&rsquo;eau, surtout avant un effort\u00a0: c&rsquo;est primordial. Primordial\u00a0: premier dans l&rsquo;ordre. Si vous voulez gagner &#8230;de la tranquillit\u00e9\u00a0!<\/p>\n<p>Si un m\u00e9decin vous en prescrit, n&rsquo;oubliez pas que le collag\u00e8ne doit \u00eatre du collag\u00e8ne natif, c&rsquo;est-\u00e0-dire non d\u00e9natur\u00e9. Et que la prise de ce collag\u00e8ne s&rsquo;accompagne imp\u00e9rativement de vitamine C, une bonne orange suffit\u00a0! (2) Attention, ce n&rsquo;est pas parce que le collag\u00e8ne est \u00e0 l&rsquo;origine de la g\u00e9latine de vos confiseries favorites qu&rsquo;il faut s&rsquo;en gaver\u00a0! Ce collag\u00e8ne-l\u00e0 est d\u00e9natur\u00e9.<\/p>\n<p>Pour votre compl\u00e8te information, retenez quelques \u00e9l\u00e9ments toxiques pour les tendons\u00a0: outre la d\u00e9shydratation, cause premi\u00e8re de tendinopathies, les statines (3), les cortico\u00efdes et les fluoroquinolones, qui se trouvent dans certains antibiotiques. Ces antibiotiques (de type Ciproxine <sup>1<\/sup>) favorisent les tendinites , voire les ruptures du tendon\u00a0! Ne pas courir pendant la prise et au moins une semaine apr\u00e8s\u00a0! Les atteintes dues \u00e0 la prise de cet antibiotique sont irr\u00e9versibles.<\/p>\n<p>Vous voil\u00e0 inform\u00e9s de la fa\u00e7on dont fonctionne vos sains tendons et ne doutez plus de l&rsquo;utilit\u00e9 du sport pour le maintien de leurs fonctionnalit\u00e9s. Ce sont les exc\u00e8s (km, fr\u00e9quences, intensit\u00e9,&#8230;), les erreurs de mat\u00e9riel (chaussures,..), l&rsquo;absence d\u2019absorption d&rsquo;eau en suffisance qui sont \u00e0 l&rsquo;origine de nos soucis, bien avant la pratique sportive elle-m\u00eame.<\/p>\n<p align=\"RIGHT\">Sportez-vous bien\u00a0!<\/p>\n<p align=\"RIGHT\">J. Air<\/p>\n<ol>\n<li><a href=\"https:\/\/compendium.ch\/mpro\/mnr\/20684\/html\/fr?Platform=Desktop\"><span style=\"font-size: small;\">https:\/\/compendium.ch\/mpro\/mnr\/20684\/html\/fr?Platform=Desktop<\/span><\/a><\/li>\n<\/ol>\n<ol start=\"2\">\n<li><a href=\"https:\/\/eur-lex.europa.eu\/legal-content\/FR\/TXT\/PDF\/?uri=CELEX:32012R0432&amp;from=FR\"><span style=\"font-size: small;\">https:\/\/eur-lex.europa.eu\/legal-content\/FR\/TXT\/PDF\/?uri=CELEX:32012R0432&amp;from=FR<\/span><\/a><\/li>\n<li><span style=\"font-size: small;\"><a href=\"https:\/\/orbi.uliege.be\/bitstream\/2268\/175415\/1\/Tendon%20et%20tendinopathie%20-%20Kaux.pdf\">https:\/\/orbi.uliege.be\/bitstream\/2268\/175415\/1\/Tendon%20et%20tendinopathie%20-%20Kaux.pdf<\/a><\/span><\/li>\n<\/ol>\n","protected":false},"excerpt":{"rendered":"<p>A VOTRE SANTE Ou comment dire des choses s\u00e9rieuses avec l\u00e9g\u00e8ret\u00e9\u00a0! Nous avons une merveilleuse organisation dans le corps humain\u00a0! La pratique de la course \u00e0 pied en mobilise une bonne partie. Notre article du jour attire votre attention sur &hellip; <a href=\"https:\/\/houssiere.eu\/index.php\/en-tendons-efficaces-nous-courons-bien-entendu\/\">Continuer la lecture <span class=\"meta-nav\">&rarr;<\/span><\/a><\/p>\n","protected":false},"author":1,"featured_media":0,"parent":0,"menu_order":0,"comment_status":"closed","ping_status":"closed","template":"","meta":{"footnotes":""},"class_list":["post-1345","page","type-page","status-publish","hentry"],"jetpack_sharing_enabled":true,"jetpack_shortlink":"https:\/\/wp.me\/P8shbt-lH","_links":{"self":[{"href":"https:\/\/houssiere.eu\/index.php\/wp-json\/wp\/v2\/pages\/1345","targetHints":{"allow":["GET"]}}],"collection":[{"href":"https:\/\/houssiere.eu\/index.php\/wp-json\/wp\/v2\/pages"}],"about":[{"href":"https:\/\/houssiere.eu\/index.php\/wp-json\/wp\/v2\/types\/page"}],"author":[{"embeddable":true,"href":"https:\/\/houssiere.eu\/index.php\/wp-json\/wp\/v2\/users\/1"}],"replies":[{"embeddable":true,"href":"https:\/\/houssiere.eu\/index.php\/wp-json\/wp\/v2\/comments?post=1345"}],"version-history":[{"count":3,"href":"https:\/\/houssiere.eu\/index.php\/wp-json\/wp\/v2\/pages\/1345\/revisions"}],"predecessor-version":[{"id":3066,"href":"https:\/\/houssiere.eu\/index.php\/wp-json\/wp\/v2\/pages\/1345\/revisions\/3066"}],"wp:attachment":[{"href":"https:\/\/houssiere.eu\/index.php\/wp-json\/wp\/v2\/media?parent=1345"}],"curies":[{"name":"wp","href":"https:\/\/api.w.org\/{rel}","templated":true}]}}