{"id":1403,"date":"2018-11-19T09:33:07","date_gmt":"2018-11-19T08:33:07","guid":{"rendered":"http:\/\/houssiere.eu\/?page_id=1403"},"modified":"2018-11-19T09:33:07","modified_gmt":"2018-11-19T08:33:07","slug":"8-joggy-est-en-panne","status":"publish","type":"page","link":"https:\/\/houssiere.eu\/index.php\/8-joggy-est-en-panne\/","title":{"rendered":"8. Joggy est en panne"},"content":{"rendered":"<p><span style=\"color: #000000;\"><span style=\"font-family: Times New Roman, serif;\"><span style=\"font-size: medium;\"><i>Pour vous faire sourire, quelques histoires invent\u00e9es. Un personnage imaginaire se lance dans le jogging. Nous l\u2019appellerons \u00ab\u00a0Joggy\u00a0\u00bb. Il fr\u00e9quente un peloton tout aussi imaginaire. Toute ressemblance avec des personnages r\u00e9els est bien s\u00fbr fortuite.<\/i><\/span><\/span><\/span><\/p>\n<p><img loading=\"lazy\" decoding=\"async\" class=\"aligncenter size-large wp-image-1404\" src=\"http:\/\/houssiere.eu\/wp-content\/uploads\/2018\/11\/joggy-08-1024x576.jpg\" alt=\"\" width=\"584\" height=\"329\" srcset=\"https:\/\/houssiere.eu\/wp-content\/uploads\/2018\/11\/joggy-08-1024x576.jpg 1024w, https:\/\/houssiere.eu\/wp-content\/uploads\/2018\/11\/joggy-08-300x169.jpg 300w, https:\/\/houssiere.eu\/wp-content\/uploads\/2018\/11\/joggy-08-768x432.jpg 768w, https:\/\/houssiere.eu\/wp-content\/uploads\/2018\/11\/joggy-08-500x281.jpg 500w, https:\/\/houssiere.eu\/wp-content\/uploads\/2018\/11\/joggy-08.jpg 1200w\" sizes=\"auto, (max-width: 584px) 100vw, 584px\" \/><\/p>\n<p><span style=\"font-family: Times New Roman, serif;\"><span style=\"font-size: medium;\">Voil\u00e0 qu&rsquo;arrive le moment tant attendu\u00a0: je devrais \u00eatre pr\u00eat pour ma comp\u00e8t&rsquo;. Je vous rappelle qu&rsquo;on ne dit pas comp\u00e9tition, mais comp\u00e8t&rsquo;. Les jargonautes qui m&rsquo;entourent sont dou\u00e9s pour les abr\u00e9viations, \u00e7a je vous l&rsquo;assure. Ils ont transform\u00e9 mon pr\u00e9nom compos\u00e9 de Jean-Guy en un ridicule Joggy qui me colle aux baskets. D&rsquo;ailleurs, on ne court pas en baskets. <\/span><\/span><\/p>\n<p><span style=\"font-family: Times New Roman, serif;\"><span style=\"font-size: medium;\">\u00ab\u00a0Joggy, tes chaussures sont us\u00e9es\u00a0\u00bb, ass\u00e8ne le Grand.<\/span><\/span><\/p>\n<p><span style=\"font-family: Times New Roman, serif;\"><span style=\"font-size: medium;\">Je suis fatigu\u00e9 ces derniers temps et me voir asticot\u00e9 de la sorte devant les plus jolies filles du peloton, cela ne me botte pas, m\u00eame pour des chaussures\u00a0. Se prendre une veste quand on a le blues, c&rsquo;est une sacr\u00e9e pantalonnade. <\/span><\/span><\/p>\n<p><span style=\"font-family: Times New Roman, serif;\"><span style=\"font-size: medium;\">Je le prends de haut\u00a0: \u00ab\u00a0Et tu sais sans doute voir mes semelles quand je suis debout\u00a0?\u00a0Qu&rsquo;ont-elles mes godasses\u00a0?\u00a0\u00bb<\/span><\/span><\/p>\n<p><span style=\"font-family: Times New Roman, serif;\"><span style=\"font-size: medium;\">\u00ab\u00a0Ben, quand je te regarde par derri\u00e8re, elles s&rsquo;affaissent, si j&rsquo;ose dire\u00a0!\u00a0\u00bb. <\/span><\/span><\/p>\n<p><span style=\"font-family: Times New Roman, serif;\"><span style=\"font-size: medium;\">C&rsquo;est facile de mettre des rieurs et des post\u00e9rieurs de son c\u00f4t\u00e9. N&#8217;emp\u00eache\u00a0: comme le guerrier africain , un doute m&rsquo;assaille. Qui donc aurait l&rsquo;id\u00e9e de se mettre devant une glace et de regarder si ses chaussures s&rsquo;affaissent \u00e0 l&rsquo;arri\u00e8re\u00a0?<\/span><\/span><\/p>\n<p><span style=\"font-family: Times New Roman, serif;\"><span style=\"font-size: medium;\">\u00ab\u00a0Tu trouves \u00e7a aussi Sylvia\u00a0?\u00a0\u00bb. Je d\u00e9teste quand on me teste. Elles scrutent, toujours pr\u00eates, si j&rsquo;ai un penchant \u00e0 mes talons. <\/span><\/span><\/p>\n<p><span style=\"font-family: Times New Roman, serif;\"><span style=\"font-size: medium;\">\u00ab Cheval le dire \u00e0 son papa que l&rsquo;\u00e9talon penche\u00a0\u00bb. <\/span><\/span><\/p>\n<p><span style=\"font-family: Times New Roman, serif;\"><span style=\"font-size: medium;\">Les voil\u00e0 partis dans leurs d\u00e9lires. Rien de pire\u00a0! Sauv\u00e9 par notre Sage qui rappelle la meute \u00e0 l&rsquo;ordre\u00a0: \u00ab\u00a0Il est l&rsquo;heure, vous parlerez en courant et si vous parlez trop, on acc\u00e9l\u00e9rera, trad\u00e9rid\u00e9ra\u00a0\u00bb.<\/span><\/span><\/p>\n<p><span style=\"font-family: Times New Roman, serif;\"><span style=\"font-size: medium;\">Du coup, ils babillent moins, discutent du circuit, les paires (mais pas de chaussures), trios ou quatuors se forment et nous voil\u00e0 partis. M\u00eame si nous ne sommes pas au galop, cela me trotte en t\u00eate malgr\u00e9 tout\u00a0: est-ce que mon pied penche\u00a0? Suis-je un disciple de Pise\u00a0? La chaux de Pise emp\u00eache l&rsquo;\u00e9rection droite de la Tour, le talon de ma chaussure a-t-il le m\u00eame effet\u00a0?<\/span><\/span><\/p>\n<p><span style=\"font-family: Times New Roman, serif;\"><span style=\"font-size: medium;\">Mais c&rsquo;est vrai que je ferais bien d&rsquo;y faire attention, ne dit-on pas que des douleurs aux genoux ou au dos peuvent provenir de chaussures us\u00e9es\u00a0? Au fond, ma fatigue de ces derniers jours, ne serait-elle pas due \u00e0 ces chaussures qui me rendraient moins performant\u00a0?<\/span><\/span><\/p>\n<p><span style=\"font-family: Times New Roman, serif;\"><span style=\"font-size: medium;\">Je me rapproche du Grand\u00a0: \u00ab\u00a0A quoi voit-on que les chaussures ne sont plus bonnes\u00a0?\u00a0La semelle est us\u00e9e\u00a0?\u00a0\u00bb<\/span><\/span><\/p>\n<p><span style=\"font-family: Times New Roman, serif;\"><span style=\"font-size: medium;\">\u00ab\u00a0Non,non, Joggy\u00a0! Les semelles sont costaudes et souvent elles ont l&rsquo;air nickel. Mais c&rsquo;est la mousse qui se trouve au-dessus qui est moins amortissante ou d\u00e9form\u00e9e. Tu sens une diff\u00e9rence de densit\u00e9 en pressant sur ta semelle. Ton talon penche sans doute \u00e0 cause de \u00e7a. Tu peux encore te promener ou faire ton jardin avec celles-ci, mais plus courir\u00a0!!\u00a0\u00bb.<\/span><\/span><\/p>\n<p><span style=\"font-family: Times New Roman, serif;\"><span style=\"font-size: medium;\">Grrr, on croit qu&rsquo;un investissement \u00e9lev\u00e9 suffit, mais non, il est \u00e0 renouveler&#8230; Me voil\u00e0 en panne de chaussure maintenant\u00a0! On aura tout vu\u00a0! Je sais qu&rsquo;il ne faut pas utiliser ses chaussures outre mesure, j&rsquo;ai \u00e9t\u00e9 attentif au kilom\u00e9trage. Au fond, \u00ab\u00a0outre mesure\u00a0\u00bb est-ce que cela veut dire mesurer des outres. Boire avec mesure, \u00e7a on conna\u00eet, c&rsquo;est la copine de mod\u00e9ration. D&rsquo;ailleurs, c&rsquo;est que je vais faire apr\u00e8s-course\u00a0!<\/span><\/span><\/p>\n<p><span style=\"font-family: Times New Roman, serif;\"><span style=\"font-size: medium;\">Et je vais devoir aller chez le d\u00e9panneur. Apr\u00e8s tout, pour un marchand de chaussures, la course, c&rsquo;est le pied\u00a0!<\/span><\/span><\/p>\n<p align=\"RIGHT\"><span style=\"font-family: Times New Roman, serif;\"><span style=\"font-size: medium;\">J.Air<\/span><\/span><\/p>\n","protected":false},"excerpt":{"rendered":"<p>Pour vous faire sourire, quelques histoires invent\u00e9es. Un personnage imaginaire se lance dans le jogging. Nous l\u2019appellerons \u00ab\u00a0Joggy\u00a0\u00bb. Il fr\u00e9quente un peloton tout aussi imaginaire. Toute ressemblance avec des personnages r\u00e9els est bien s\u00fbr fortuite. Voil\u00e0 qu&rsquo;arrive le moment tant &hellip; <a href=\"https:\/\/houssiere.eu\/index.php\/8-joggy-est-en-panne\/\">Continuer la lecture <span class=\"meta-nav\">&rarr;<\/span><\/a><\/p>\n","protected":false},"author":1,"featured_media":0,"parent":0,"menu_order":0,"comment_status":"closed","ping_status":"closed","template":"","meta":{"jetpack_post_was_ever_published":false,"footnotes":""},"class_list":["post-1403","page","type-page","status-publish","hentry"],"jetpack_sharing_enabled":true,"jetpack_shortlink":"https:\/\/wp.me\/P8shbt-mD","_links":{"self":[{"href":"https:\/\/houssiere.eu\/index.php\/wp-json\/wp\/v2\/pages\/1403","targetHints":{"allow":["GET"]}}],"collection":[{"href":"https:\/\/houssiere.eu\/index.php\/wp-json\/wp\/v2\/pages"}],"about":[{"href":"https:\/\/houssiere.eu\/index.php\/wp-json\/wp\/v2\/types\/page"}],"author":[{"embeddable":true,"href":"https:\/\/houssiere.eu\/index.php\/wp-json\/wp\/v2\/users\/1"}],"replies":[{"embeddable":true,"href":"https:\/\/houssiere.eu\/index.php\/wp-json\/wp\/v2\/comments?post=1403"}],"version-history":[{"count":1,"href":"https:\/\/houssiere.eu\/index.php\/wp-json\/wp\/v2\/pages\/1403\/revisions"}],"predecessor-version":[{"id":1405,"href":"https:\/\/houssiere.eu\/index.php\/wp-json\/wp\/v2\/pages\/1403\/revisions\/1405"}],"wp:attachment":[{"href":"https:\/\/houssiere.eu\/index.php\/wp-json\/wp\/v2\/media?parent=1403"}],"curies":[{"name":"wp","href":"https:\/\/api.w.org\/{rel}","templated":true}]}}