{"id":1675,"date":"2019-03-11T14:36:48","date_gmt":"2019-03-11T13:36:48","guid":{"rendered":"http:\/\/houssiere.eu\/?page_id=1675"},"modified":"2019-03-11T14:36:48","modified_gmt":"2019-03-11T13:36:48","slug":"9-joggy-a-de-nouvelles-chaussures","status":"publish","type":"page","link":"https:\/\/houssiere.eu\/index.php\/9-joggy-a-de-nouvelles-chaussures\/","title":{"rendered":"9. Joggy a de nouvelles chaussures"},"content":{"rendered":"<p><span style=\"font-family: Times New Roman, serif;\">Courir cela rime avec plaisir. Avec mourir aussi me direz-vous. Bah, mourir de plaisir c&rsquo;est agr\u00e9able.<\/span><\/p>\n<p><span style=\"font-family: Times New Roman, serif;\">Comment expliquer l&rsquo;euphorie de la course \u00e0 pied\u00a0? Au d\u00e9but, vous avez mal partout, des soucis pour enfiler les entra\u00eenements, la volont\u00e9 de ne pas suivre les plans d&rsquo;entra\u00eenement car vous avez un pass\u00e9, vous, et avec vous c&rsquo;est diff\u00e9rent, non mais\u00a0! Puis il faut l&rsquo;humilit\u00e9 de se dire que des milliers de coureurs ont un jour d\u00e9but\u00e9, qu&rsquo;il y avait derri\u00e8re ces conseils des ann\u00e9es d&rsquo;exp\u00e9rience et que donc, oui, pour d\u00e9buter il faut y aller calmement.<\/span><\/p>\n<p><span style=\"font-family: Times New Roman, serif;\"><img loading=\"lazy\" decoding=\"async\" class=\"aligncenter size-medium wp-image-1676\" src=\"http:\/\/houssiere.eu\/wp-content\/uploads\/2019\/03\/joggy9-225x300.jpg\" alt=\"Joggy 9\" width=\"225\" height=\"300\" srcset=\"https:\/\/houssiere.eu\/wp-content\/uploads\/2019\/03\/joggy9-225x300.jpg 225w, https:\/\/houssiere.eu\/wp-content\/uploads\/2019\/03\/joggy9-768x1024.jpg 768w, https:\/\/houssiere.eu\/wp-content\/uploads\/2019\/03\/joggy9.jpg 960w\" sizes=\"auto, (max-width: 225px) 100vw, 225px\" \/>Jusqu&rsquo;\u00e0 en oublier, un jour, que l&rsquo;on court<\/span><\/p>\n<p><span style=\"font-family: Times New Roman, serif;\">Qui\u00a0? Quoi?Comment\u00a0? Oublier que l&rsquo;on court\u00a0? Non, Alo\u00efs ne vous a pas atteint\u00a0: un jour vient o\u00f9 le b\u00e9n\u00e9fice des entra\u00eenements vous permet de regarder la nature, de b\u00e9nir les jacinthes des bois qui fleurissent votre parcours, de pouvoir deviser avec votre voisin ou votre voisine et de terminer sans \u00eatre crev\u00e9-mort-foutu\u00a0!<\/span><\/p>\n<p><span style=\"font-family: Times New Roman, serif;\">\u00c7a y est, vous \u00eates joggeur. Quel pied\u00a0! Et du coup la bonne humeur vous guette et cette maladie-l\u00e0 est sacr\u00e9ment contagieuse\u00a0! <\/span><\/p>\n<p><span style=\"font-family: Times New Roman, serif;\">C&rsquo;est donc le c\u0153ur joyeux que vous vous rendez \u00e0 l\u2019entra\u00eenement.<\/span><\/p>\n<p><span style=\"font-family: Times New Roman, serif;\">\u00ab\u00a0Alors, Joggy, non seulement tu t&rsquo;entra\u00eenes, mais en plus tu \u00e9trennes ce que tu as achet\u00e9 avec tes \u00e9trennes? Pas mal tes nouvelles godasses\u00a0!\u00a0\u00bb Inutile de leur dire que mon pr\u00e9nom est Jean-Guy, ils n&rsquo;en n&rsquo;ont rien \u00e0 faire. Que j&rsquo;ai d\u00e9j\u00e0 rod\u00e9 mes chaussures non plus.<\/span><\/p>\n<p><span style=\"font-family: Times New Roman, serif;\">\u00ab\u00a0Eh les gars, on va s&rsquo;\u00e9chauffer dans l&rsquo;arboretum\u00a0? Il faut baptiser les chaussures de Joggy\u00a0!\u00a0\u00bb<\/span><\/p>\n<p><span style=\"font-family: Times New Roman, serif;\">Ben voyons. C&rsquo;est la coutume, un bon parcours boueux pour que vos chaussures ne soient plus un centre d\u2019int\u00e9r\u00eat&#8230; <\/span><\/p>\n<p><span style=\"font-family: Times New Roman, serif;\">\u00ab\u00a0D&rsquo;accord, Alex, mais c&rsquo;est toi qui montre le chemin\u00a0\u00bb . Et le groupe de s&rsquo;\u00e9brouer en direction de cet arboretum. S&rsquo;\u00e9brouer pour s&rsquo;\u00e9bouer, quel raccourci qui ne manque pas d&rsquo;air. Le rythme est lent pour le plaisir du babil\u00a0: ils ont tous une blague ou une anecdote. \u00ab\u00a0Comment est-ce qu&rsquo;on appelle un chat tout-terrain\u00a0? Un cat-cat\u00a0\u00bb Et Albert ronronne de son bon jeu de mot. Etc&#8230;<\/span><\/p>\n<p><span style=\"font-family: Times New Roman, serif;\">Je regarde une derni\u00e8re fois mes chaussures bien propres et je m&rsquo;engage dans l&rsquo;\u00e9troite boucle o\u00f9 se trouve la boue. Au moment de prendre mon \u00e9lan, le blagueur de service me donne un petit coup d&rsquo;\u00e9paule, rien de bien grave, mais suffisant\u00a0: je croyais tenir plus longtemps et le splotch de mon pied dans la flaque de boue les rend hilares. C&rsquo;est fait, ils me laisseront tranquille\u00a0!<\/span><\/p>\n<p><span style=\"font-family: Times New Roman, serif;\">Du coup, mes chaussures glissent\u00a0: est-ce d\u00fb au vaccin antigrip\u00a0? Et les voil\u00e0 qui d\u00e9cident d&rsquo;escalader une sacr\u00e9e pente, ces sacripants\u00a0! Devant moi, je vois des hanches au plus haut d\u2019essieux. Et me voil\u00e0 \u00e0 gamberger alors que mon c\u0153ur s&rsquo;acc\u00e9l\u00e8re. C&rsquo;est l\u00e0 que les kilos surnum\u00e9raires me rappellent qu&rsquo;il faut continuer \u00e0 s&rsquo;entra\u00eener sinon le groupe se reforme mais qu&rsquo;avec l\u2019\u00e2ge les formes se regroupent. <\/span><\/p>\n<p><span style=\"font-family: Times New Roman, serif;\">Mon \u00e9boueur s&rsquo;\u00e9broue sur la cr\u00eate, un large sourire sur son visage\u00a0:<\/span><\/p>\n<p><span style=\"font-family: Times New Roman, serif;\">\u00ab\u00a0\u00c7a glisse, Joggy\u00a0?\u00a0\u00bb<\/span><\/p>\n<p><span style=\"font-family: Times New Roman, serif;\">\u00ab\u00a0Oui, sur la carapace de mon indiff\u00e9rence\u00a0\u00bb<\/span><\/p>\n<p><span style=\"font-family: Times New Roman, serif;\">Ah, les joyeuset\u00e9s de la vie en groupe, mais un groupe bien sympa\u00a0!<\/span><\/p>\n<p><span style=\"font-family: Times New Roman, serif;\">J. Air<\/span><\/p>\n<p><span style=\"font-family: Times New Roman, serif;\"><br \/>\n<\/span><\/p>\n","protected":false},"excerpt":{"rendered":"<p>Courir cela rime avec plaisir. Avec mourir aussi me direz-vous. Bah, mourir de plaisir c&rsquo;est agr\u00e9able. Comment expliquer l&rsquo;euphorie de la course \u00e0 pied\u00a0? Au d\u00e9but, vous avez mal partout, des soucis pour enfiler les entra\u00eenements, la volont\u00e9 de ne &hellip; <a href=\"https:\/\/houssiere.eu\/index.php\/9-joggy-a-de-nouvelles-chaussures\/\">Continuer la lecture <span class=\"meta-nav\">&rarr;<\/span><\/a><\/p>\n","protected":false},"author":1,"featured_media":0,"parent":0,"menu_order":0,"comment_status":"closed","ping_status":"closed","template":"","meta":{"jetpack_post_was_ever_published":false,"footnotes":""},"class_list":["post-1675","page","type-page","status-publish","hentry"],"jetpack_sharing_enabled":true,"jetpack_shortlink":"https:\/\/wp.me\/P8shbt-r1","_links":{"self":[{"href":"https:\/\/houssiere.eu\/index.php\/wp-json\/wp\/v2\/pages\/1675","targetHints":{"allow":["GET"]}}],"collection":[{"href":"https:\/\/houssiere.eu\/index.php\/wp-json\/wp\/v2\/pages"}],"about":[{"href":"https:\/\/houssiere.eu\/index.php\/wp-json\/wp\/v2\/types\/page"}],"author":[{"embeddable":true,"href":"https:\/\/houssiere.eu\/index.php\/wp-json\/wp\/v2\/users\/1"}],"replies":[{"embeddable":true,"href":"https:\/\/houssiere.eu\/index.php\/wp-json\/wp\/v2\/comments?post=1675"}],"version-history":[{"count":1,"href":"https:\/\/houssiere.eu\/index.php\/wp-json\/wp\/v2\/pages\/1675\/revisions"}],"predecessor-version":[{"id":1677,"href":"https:\/\/houssiere.eu\/index.php\/wp-json\/wp\/v2\/pages\/1675\/revisions\/1677"}],"wp:attachment":[{"href":"https:\/\/houssiere.eu\/index.php\/wp-json\/wp\/v2\/media?parent=1675"}],"curies":[{"name":"wp","href":"https:\/\/api.w.org\/{rel}","templated":true}]}}