{"id":203,"date":"2017-04-14T12:42:48","date_gmt":"2017-04-14T10:42:48","guid":{"rendered":"http:\/\/houssiere.eu\/?page_id=203"},"modified":"2021-02-19T21:02:35","modified_gmt":"2021-02-19T20:02:35","slug":"sante","status":"publish","type":"page","link":"https:\/\/houssiere.eu\/index.php\/sante\/","title":{"rendered":"Sant\u00e9"},"content":{"rendered":"<p>Dans cette rubrique, vous trouverez des conseils ou des informations tant sur la sant\u00e9 que sur les petits soucis physiques inh\u00e9rents au jogging! Comme ils sont rares, cela ne devrait pas vous emp\u00eacher de continuer la course \u00e0 pied&#8230; qui nous apporte \u00e0 tous tellement de <a href=\"http:\/\/houssiere.eu\/index.php\/sante\/les-bienfaits-de-la-course-a-pied\/\">bienfaits<\/a> . Bonne lecture!<\/p>\n<style type=\"text\/css\">\n\t<!-- @page { margin: 2cm } P { margin-bottom: 0.21cm } --><br \/>\t<\/style>\n<p>Pr\u00e9ambule<\/p>\n<p>Nous avons l&rsquo;habitude de dire des choses &lsquo;s\u00e9rieuses&rsquo; sur un ton l\u00e9ger\u00a0: on peut faire son travail s\u00e9rieusement sans se prendre au s\u00e9rieux. Tout ce que vous lirez dans ces colonnes est d\u00fbment v\u00e9rifi\u00e9\u00a0!<\/p>\n<p>Le <a href=\"http:\/\/houssiere.eu\/index.php\/sante\/le-syndrome-de-lessuie-glace\/\">genou<\/a><\/p>\n<p>Le <a href=\"http:\/\/houssiere.eu\/index.php\/sante\/lepine-calcaneenne\/\">talon <\/a>,\u00a0 <a href=\"https:\/\/houssiere.eu\/index.php\/entorse-de-la-cheville-et-enthesopathie-plantaire\/\">l\u2019entorse et l&rsquo;enth\u00e9sopathie<\/a><\/p>\n<p>La <a href=\"http:\/\/houssiere.eu\/index.php\/en-tendons-efficaces-nous-courons-bien-entendu\/\">structure du tendon<\/a> et le <a href=\"http:\/\/houssiere.eu\/index.php\/sante\/la-tendinopathie-dachille\/\">tendon d&rsquo;Achille<\/a><\/p>\n<p>Le <a href=\"http:\/\/houssiere.eu\/index.php\/sante\/la-periostite-tibiale\/\">tibia<\/a><\/p>\n<p>Le <a href=\"http:\/\/houssiere.eu\/index.php\/sante\/fais-ceci-fesse-cela\/\">fessier<\/a><\/p>\n<p>Le <a href=\"http:\/\/houssiere.eu\/index.php\/la-course-a-pied-met-du-sel-dans-notre-vie\/\">sel<\/a><\/p>\n","protected":false},"excerpt":{"rendered":"<p>Dans cette rubrique, vous trouverez des conseils ou des informations tant sur la sant\u00e9 que sur les petits soucis physiques inh\u00e9rents au jogging! Comme ils sont rares, cela ne devrait pas vous emp\u00eacher de continuer la course \u00e0 pied&#8230; qui &hellip; <a href=\"https:\/\/houssiere.eu\/index.php\/sante\/\">Continuer la lecture <span class=\"meta-nav\">&rarr;<\/span><\/a><\/p>\n","protected":false},"author":1,"featured_media":0,"parent":0,"menu_order":0,"comment_status":"closed","ping_status":"closed","template":"","meta":{"jetpack_post_was_ever_published":false,"footnotes":""},"class_list":["post-203","page","type-page","status-publish","hentry"],"jetpack_sharing_enabled":true,"jetpack_shortlink":"https:\/\/wp.me\/P8shbt-3h","_links":{"self":[{"href":"https:\/\/houssiere.eu\/index.php\/wp-json\/wp\/v2\/pages\/203","targetHints":{"allow":["GET"]}}],"collection":[{"href":"https:\/\/houssiere.eu\/index.php\/wp-json\/wp\/v2\/pages"}],"about":[{"href":"https:\/\/houssiere.eu\/index.php\/wp-json\/wp\/v2\/types\/page"}],"author":[{"embeddable":true,"href":"https:\/\/houssiere.eu\/index.php\/wp-json\/wp\/v2\/users\/1"}],"replies":[{"embeddable":true,"href":"https:\/\/houssiere.eu\/index.php\/wp-json\/wp\/v2\/comments?post=203"}],"version-history":[{"count":13,"href":"https:\/\/houssiere.eu\/index.php\/wp-json\/wp\/v2\/pages\/203\/revisions"}],"predecessor-version":[{"id":3048,"href":"https:\/\/houssiere.eu\/index.php\/wp-json\/wp\/v2\/pages\/203\/revisions\/3048"}],"wp:attachment":[{"href":"https:\/\/houssiere.eu\/index.php\/wp-json\/wp\/v2\/media?parent=203"}],"curies":[{"name":"wp","href":"https:\/\/api.w.org\/{rel}","templated":true}]}}