{"id":2149,"date":"2019-10-07T21:47:47","date_gmt":"2019-10-07T19:47:47","guid":{"rendered":"http:\/\/houssiere.eu\/?page_id=2149"},"modified":"2025-10-03T20:19:17","modified_gmt":"2025-10-03T18:19:17","slug":"organisations","status":"publish","type":"page","link":"https:\/\/houssiere.eu\/index.php\/organisations\/","title":{"rendered":"Organisations"},"content":{"rendered":"<p>Le HAC organise diverses activit\u00e9s (suivez les liens pour plus d&rsquo;informations) : la s\u00e9ance <a href=\"https:\/\/houssiere.eu\/index.php\/organisations\/seance-dinitiation\/\" target=\"_blank\" rel=\"noopener\">d\u00e9couverte<\/a> gratuite \u00e0 d\u00e9terminer selon vos souhaits, la <a href=\"https:\/\/houssiere.eu\/index.php\/actualite\/\" target=\"_blank\" rel=\"noopener\">Thoracique<\/a> de la Houssi\u00e8re le 12 septembre\u00a0 2026 et le repas annuel auxquels vous \u00eates cordialement convi\u00e9s! Les renseignements sont sur la page\u00a0<a href=\"https:\/\/houssiere.eu\/index.php\/repas-annuel-du-houssiere-athletic-club\/\" target=\"_blank\" rel=\"noopener\">repas<\/a> .<\/p>\n<p>&nbsp;<\/p>\n<p><img loading=\"lazy\" decoding=\"async\" class=\"aligncenter size-large wp-image-4471\" src=\"https:\/\/houssiere.eu\/wp-content\/uploads\/2022\/11\/salle-hac-2022-1024x768.jpg\" alt=\"repas annuel hac\" width=\"584\" height=\"438\" srcset=\"https:\/\/houssiere.eu\/wp-content\/uploads\/2022\/11\/salle-hac-2022-1024x768.jpg 1024w, https:\/\/houssiere.eu\/wp-content\/uploads\/2022\/11\/salle-hac-2022-300x225.jpg 300w, https:\/\/houssiere.eu\/wp-content\/uploads\/2022\/11\/salle-hac-2022-768x576.jpg 768w, https:\/\/houssiere.eu\/wp-content\/uploads\/2022\/11\/salle-hac-2022-400x300.jpg 400w, https:\/\/houssiere.eu\/wp-content\/uploads\/2022\/11\/salle-hac-2022.jpg 1280w\" sizes=\"auto, (max-width: 584px) 100vw, 584px\" \/><\/p>\n<p><strong>Le samedi 29 octobre 2022, nous organisions une <a href=\"https:\/\/houssiere.eu\/index.php\/balade-des-zombies\/\">balade des Zombies<\/a> 2022. Mais cette activit\u00e9 n&rsquo;est plus organis\u00e9e pour le moment.<\/strong><\/p>\n<p><img loading=\"lazy\" decoding=\"async\" class=\"aligncenter size-full wp-image-4391\" src=\"https:\/\/houssiere.eu\/wp-content\/uploads\/2022\/10\/sorciere.jpg\" alt=\"\" width=\"517\" height=\"775\" srcset=\"https:\/\/houssiere.eu\/wp-content\/uploads\/2022\/10\/sorciere.jpg 517w, https:\/\/houssiere.eu\/wp-content\/uploads\/2022\/10\/sorciere-200x300.jpg 200w\" sizes=\"auto, (max-width: 517px) 100vw, 517px\" \/><\/p>\n<p><strong><span style=\"color: #800000;\">Le dimanche 27 mars 2022 nous organisions une s\u00e9ance d&rsquo;initiation<\/span><\/strong><\/p>\n<p>Vous d\u00e9butez la course \u00e0 pied? Vous \u00eates un occasionnel du jogging ? Vous recherchez un groupe de marche? Vous \u00eates un coureur performant ? Quel que soit le niveau vous \u00eates bienvenu(e). Venez avec votre tenue de sport et c&rsquo;est parti!<\/p>\n<p><img loading=\"lazy\" decoding=\"async\" class=\"aligncenter wp-image-3520 size-medium\" src=\"https:\/\/houssiere.eu\/wp-content\/uploads\/2021\/12\/018-florence-300x200.jpg\" alt=\"\" width=\"300\" height=\"200\" srcset=\"https:\/\/houssiere.eu\/wp-content\/uploads\/2021\/12\/018-florence-300x200.jpg 300w, https:\/\/houssiere.eu\/wp-content\/uploads\/2021\/12\/018-florence-1024x683.jpg 1024w, https:\/\/houssiere.eu\/wp-content\/uploads\/2021\/12\/018-florence-768x512.jpg 768w, https:\/\/houssiere.eu\/wp-content\/uploads\/2021\/12\/018-florence-450x300.jpg 450w, https:\/\/houssiere.eu\/wp-content\/uploads\/2021\/12\/018-florence.jpg 1127w\" sizes=\"auto, (max-width: 300px) 100vw, 300px\" \/><\/p>\n<p>&nbsp;<\/p>\n<p><strong><span style=\"color: #800000;\">Le samedi 20 novembre 2021 nous organisions notre troisi\u00e8me repas du club !<\/span><\/strong><\/p>\n<p>Avec un beau succ\u00e8s, gr\u00e2ce \u00e0 vous tous! Tant le midi, que le soir, vous avez \u00e9t\u00e9 nombreux \u00e0 nous soutenir. Dans la rubrique d&rsquo;accueil nous avons publi\u00e9 un petit reportage photographique \u00ab\u00a0souvenir\u00a0\u00bb!<\/p>\n<p>A l&rsquo;ann\u00e9e prochaine: le 19 novembre 2022!<\/p>\n<p><img loading=\"lazy\" decoding=\"async\" class=\"aligncenter wp-image-3507 size-large\" src=\"https:\/\/houssiere.eu\/wp-content\/uploads\/2021\/11\/en-soiree-1024x768.jpg\" alt=\"\" width=\"584\" height=\"438\" srcset=\"https:\/\/houssiere.eu\/wp-content\/uploads\/2021\/11\/en-soiree-1024x768.jpg 1024w, https:\/\/houssiere.eu\/wp-content\/uploads\/2021\/11\/en-soiree-300x225.jpg 300w, https:\/\/houssiere.eu\/wp-content\/uploads\/2021\/11\/en-soiree-768x576.jpg 768w, https:\/\/houssiere.eu\/wp-content\/uploads\/2021\/11\/en-soiree-400x300.jpg 400w, https:\/\/houssiere.eu\/wp-content\/uploads\/2021\/11\/en-soiree.jpg 1280w\" sizes=\"auto, (max-width: 584px) 100vw, 584px\" \/><\/p>\n<p>&nbsp;<\/p>\n<p>Le samedi 30 octobre, nous avons organis\u00e9 la balade des Zombies: les d\u00e9tails sont affich\u00e9s sous l&rsquo;onglet Zombies!<\/p>\n<p><strong>Le jeudi 21 mai 2020 nous organisions une s\u00e9ance de d\u00e9couverte de la course \u00e0 pied<\/strong><\/p>\n<p>Les d\u00e9tails sont sur la page annexe ( <a href=\"https:\/\/houssiere.eu\/index.php\/organisations\/seance-dinitiation\/\">ici ) .<\/a><\/p>\n<p lang=\"fr-BE\"><span style=\"color: #000000;\"><span style=\"font-family: Times New Roman, serif;\"><span style=\"font-size: medium;\">Le samedi 23 novembre 2019 nous organisions notre second repas du club!<\/span><\/span><\/span><\/p>\n<p lang=\"fr-BE\">Merci \u00e0 tous pour votre soutien!<\/p>\n<p lang=\"fr-BE\"><img loading=\"lazy\" decoding=\"async\" class=\"aligncenter size-large wp-image-2357\" src=\"http:\/\/houssiere.eu\/wp-content\/uploads\/2019\/11\/salle01-1024x576.jpg\" alt=\"\" width=\"584\" height=\"329\" srcset=\"https:\/\/houssiere.eu\/wp-content\/uploads\/2019\/11\/salle01-1024x576.jpg 1024w, https:\/\/houssiere.eu\/wp-content\/uploads\/2019\/11\/salle01-300x169.jpg 300w, https:\/\/houssiere.eu\/wp-content\/uploads\/2019\/11\/salle01-768x432.jpg 768w, https:\/\/houssiere.eu\/wp-content\/uploads\/2019\/11\/salle01-1536x864.jpg 1536w, https:\/\/houssiere.eu\/wp-content\/uploads\/2019\/11\/salle01-2048x1152.jpg 2048w, https:\/\/houssiere.eu\/wp-content\/uploads\/2019\/11\/salle01-500x281.jpg 500w\" sizes=\"auto, (max-width: 584px) 100vw, 584px\" \/><\/p>\n<p lang=\"fr-BE\">Les photos souvenir (Merci Danielle!) sont accessibles via le lien qui se trouve <a href=\"https:\/\/photos.app.goo.gl\/GFotfhCH67RXLYiu6\">ici .<\/a><\/p>\n","protected":false},"excerpt":{"rendered":"<p>Le HAC organise diverses activit\u00e9s (suivez les liens pour plus d&rsquo;informations) : la s\u00e9ance d\u00e9couverte gratuite \u00e0 d\u00e9terminer selon vos souhaits, la Thoracique de la Houssi\u00e8re le 12 septembre\u00a0 2026 et le repas annuel auxquels vous \u00eates cordialement convi\u00e9s! Les &hellip; <a href=\"https:\/\/houssiere.eu\/index.php\/organisations\/\">Continuer la lecture <span class=\"meta-nav\">&rarr;<\/span><\/a><\/p>\n","protected":false},"author":1,"featured_media":0,"parent":0,"menu_order":0,"comment_status":"closed","ping_status":"closed","template":"","meta":{"jetpack_post_was_ever_published":false,"footnotes":""},"class_list":["post-2149","page","type-page","status-publish","hentry"],"jetpack_sharing_enabled":true,"jetpack_shortlink":"https:\/\/wp.me\/P8shbt-yF","_links":{"self":[{"href":"https:\/\/houssiere.eu\/index.php\/wp-json\/wp\/v2\/pages\/2149","targetHints":{"allow":["GET"]}}],"collection":[{"href":"https:\/\/houssiere.eu\/index.php\/wp-json\/wp\/v2\/pages"}],"about":[{"href":"https:\/\/houssiere.eu\/index.php\/wp-json\/wp\/v2\/types\/page"}],"author":[{"embeddable":true,"href":"https:\/\/houssiere.eu\/index.php\/wp-json\/wp\/v2\/users\/1"}],"replies":[{"embeddable":true,"href":"https:\/\/houssiere.eu\/index.php\/wp-json\/wp\/v2\/comments?post=2149"}],"version-history":[{"count":37,"href":"https:\/\/houssiere.eu\/index.php\/wp-json\/wp\/v2\/pages\/2149\/revisions"}],"predecessor-version":[{"id":7301,"href":"https:\/\/houssiere.eu\/index.php\/wp-json\/wp\/v2\/pages\/2149\/revisions\/7301"}],"wp:attachment":[{"href":"https:\/\/houssiere.eu\/index.php\/wp-json\/wp\/v2\/media?parent=2149"}],"curies":[{"name":"wp","href":"https:\/\/api.w.org\/{rel}","templated":true}]}}