{"id":3292,"date":"2021-09-09T16:34:26","date_gmt":"2021-09-09T14:34:26","guid":{"rendered":"https:\/\/houssiere.eu\/?page_id=3292"},"modified":"2024-09-20T20:51:57","modified_gmt":"2024-09-20T18:51:57","slug":"balade-des-zombies","status":"publish","type":"page","link":"https:\/\/houssiere.eu\/index.php\/balade-des-zombies\/","title":{"rendered":"Zombies"},"content":{"rendered":"<p><span style=\"font-family: Times New Roman, serif;\">Le Houssi\u00e8re Athletic Club a toujours tenu \u00e0 vous accueillir dans de bonnes conditions. Malheureusement, cette ann\u00e9e, des soucis d&rsquo;infrastructure et d&rsquo;organisation ne nous permettront pas d&rsquo;assurer une festivit\u00e9 de qualit\u00e9 et nous pr\u00e9f\u00e9rons annuler notre exp\u00e9rience Zombies pr\u00e9vue en octobre 2024 plut\u00f4t que de vous d\u00e9cevoir. <\/span><\/p>\n<p><img loading=\"lazy\" decoding=\"async\" class=\"aligncenter size-large wp-image-6288\" src=\"https:\/\/houssiere.eu\/wp-content\/uploads\/2024\/09\/bandeau-zombie-2024-annule-1024x334.jpg\" alt=\"\" width=\"584\" height=\"190\" srcset=\"https:\/\/houssiere.eu\/wp-content\/uploads\/2024\/09\/bandeau-zombie-2024-annule-1024x334.jpg 1024w, https:\/\/houssiere.eu\/wp-content\/uploads\/2024\/09\/bandeau-zombie-2024-annule-300x98.jpg 300w, https:\/\/houssiere.eu\/wp-content\/uploads\/2024\/09\/bandeau-zombie-2024-annule-768x251.jpg 768w, https:\/\/houssiere.eu\/wp-content\/uploads\/2024\/09\/bandeau-zombie-2024-annule-1536x502.jpg 1536w, https:\/\/houssiere.eu\/wp-content\/uploads\/2024\/09\/bandeau-zombie-2024-annule-500x163.jpg 500w, https:\/\/houssiere.eu\/wp-content\/uploads\/2024\/09\/bandeau-zombie-2024-annule.jpg 1589w\" sizes=\"auto, (max-width: 584px) 100vw, 584px\" \/><\/p>\n<p>&nbsp;<\/p>\n<p><strong><span style=\"color: #ff0000;\">L&rsquo;\u00e9dition 2023 \u00e9tait \u00e9galement un succ\u00e8s<\/span><\/strong><\/p>\n<p><img loading=\"lazy\" decoding=\"async\" class=\"aligncenter size-large wp-image-5410\" src=\"https:\/\/houssiere.eu\/wp-content\/uploads\/2023\/10\/balade-2023-1024x768.jpg\" alt=\"\" width=\"584\" height=\"438\" srcset=\"https:\/\/houssiere.eu\/wp-content\/uploads\/2023\/10\/balade-2023-1024x768.jpg 1024w, https:\/\/houssiere.eu\/wp-content\/uploads\/2023\/10\/balade-2023-300x225.jpg 300w, https:\/\/houssiere.eu\/wp-content\/uploads\/2023\/10\/balade-2023-768x576.jpg 768w, https:\/\/houssiere.eu\/wp-content\/uploads\/2023\/10\/balade-2023-400x300.jpg 400w, https:\/\/houssiere.eu\/wp-content\/uploads\/2023\/10\/balade-2023.jpg 1280w\" sizes=\"auto, (max-width: 584px) 100vw, 584px\" \/><\/p>\n<p>Merci et bravo \u00e0 notre organisatrice, G\u00e9raldine Verstaen.<\/p>\n<p><img loading=\"lazy\" decoding=\"async\" class=\"aligncenter size-large wp-image-5411\" src=\"https:\/\/houssiere.eu\/wp-content\/uploads\/2023\/10\/geraldine01-1024x906.png\" alt=\"\" width=\"584\" height=\"517\" srcset=\"https:\/\/houssiere.eu\/wp-content\/uploads\/2023\/10\/geraldine01-1024x906.png 1024w, https:\/\/houssiere.eu\/wp-content\/uploads\/2023\/10\/geraldine01-300x265.png 300w, https:\/\/houssiere.eu\/wp-content\/uploads\/2023\/10\/geraldine01-768x679.png 768w, https:\/\/houssiere.eu\/wp-content\/uploads\/2023\/10\/geraldine01-339x300.png 339w, https:\/\/houssiere.eu\/wp-content\/uploads\/2023\/10\/geraldine01.png 1158w\" sizes=\"auto, (max-width: 584px) 100vw, 584px\" \/><\/p>\n<p>Notre reportage se trouve sur la page souvenir 2023, accessible <a href=\"https:\/\/houssiere.eu\/index.php\/balade-des-zombies-2023-du-hac-de-braine-le-comte\/\" target=\"_blank\" rel=\"noopener\">ICI<\/a>\u00a0 .<\/p>\n<p><span style=\"color: #ff0000;\"><strong><span style=\"font-family: Times New Roman, serif;\">L\u2019\u00e9dition 2022 \u00e9tait un succ\u00e8s.<\/span><\/strong><\/span><\/p>\n<p><img loading=\"lazy\" decoding=\"async\" class=\"aligncenter size-large wp-image-4394\" src=\"https:\/\/houssiere.eu\/wp-content\/uploads\/2022\/10\/tombes-1024x683.jpg\" alt=\"zombies hac 2022\" width=\"584\" height=\"390\" srcset=\"https:\/\/houssiere.eu\/wp-content\/uploads\/2022\/10\/tombes-1024x683.jpg 1024w, https:\/\/houssiere.eu\/wp-content\/uploads\/2022\/10\/tombes-300x200.jpg 300w, https:\/\/houssiere.eu\/wp-content\/uploads\/2022\/10\/tombes-768x512.jpg 768w, https:\/\/houssiere.eu\/wp-content\/uploads\/2022\/10\/tombes-450x300.jpg 450w, https:\/\/houssiere.eu\/wp-content\/uploads\/2022\/10\/tombes.jpg 1162w\" sizes=\"auto, (max-width: 584px) 100vw, 584px\" \/><\/p>\n<p><span style=\"font-family: Times New Roman, serif;\">Vous trouverez notre reportage 2022 en cliquant <\/span><a href=\"https:\/\/houssiere.eu\/index.php\/balade-de-zombies-2022\/\">ici<\/a> .<\/p>\n<p>A l&rsquo;ann\u00e9e prochaine!<\/p>\n<p><strong><span style=\"color: #ff0000;\">Ceux qui sont inscrits et en ordre de paiement recevront un mail de confirmation.<br \/>\n<\/span><\/strong><\/p>\n<p><span style=\"font-family: Times New Roman, serif;\">La Balade des Zombies est une animation cr\u00e9\u00e9e dans le cadre d&rsquo;Halloween par le HAC et qui consiste en une balade traversant une dizaine de zones \u00e0 Zombies dans le bois de la Houssi\u00e8re, pour effrayer les mortels qui se prom\u00e8neront dans le bois la soir\u00e9e ou la nuit.<\/span><\/p>\n<p><span style=\"font-family: Times New Roman, serif;\">Dans ces zones, le parcours familial verra les petits gentiment effray\u00e9s et la f\u00e9erie consiste en cette promenade semi-nocturne sur les sentiers du bois (pensez \u00e0 vous v\u00eatir en fonction et \u00e0 emporter une lampe). Le parcours effrayant, plus tardif, est destin\u00e9 aux plus grands! Les mortels portent un brassard o\u00f9 sont suspendues trois vies et -dans les zones \u00e0 Zombies- les Zombies peuvent vous courir apr\u00e8s pour arracher une vie! Si \u00e0 la fin du parcours, vous avez enc<\/span><span style=\"font-family: Times New Roman, serif;\">ore au moins une vie, vous pouvez participer \u00e0 la tombola des survivants.Cela reste bon enfant, pour les participants comme pour les Zombies! En plus, il y a un jeu du mot myst\u00e8re pour agr\u00e9menter votre parcours!<br \/>\n<\/span><\/p>\n<p><img loading=\"lazy\" decoding=\"async\" class=\"aligncenter wp-image-4280 size-thumbnail\" src=\"https:\/\/houssiere.eu\/wp-content\/uploads\/2022\/09\/tombes-hac-zombies-150x150.jpg\" alt=\"Balade zombies 2022\" width=\"150\" height=\"150\" \/><\/p>\n<p><span style=\"font-family: Times New Roman, serif;\">Les inscriptions sont cl\u00f4tur\u00e9es!<br \/>\n<\/span><\/p>\n<p><span style=\"color: #ff0000;\"><strong>Balade des Zombies 2022<\/strong><\/span><\/p>\n<p>Nous vous attendons le samedi 29 octobre 2022 puisque nous relan\u00e7ons l&rsquo;op\u00e9ration, avec de joyeuses animations! Si vous souhaitez participer comme promeneur, les inscriptions se prendront \u00e0 partir du 15 septembre. Comme nous \u00e9tions sold out l&rsquo;ann\u00e9e pass\u00e9e, nous avons d\u00e9cid\u00e9 de scinder l&rsquo;activit\u00e9 en deux parties: une pour les petits enfants et une pour les adultes et les plus grands. Si vous souhaitez animer un stand zombie et participer \u00e0 notre tombola et prize money, contactez G\u00e9raldine par mail:\u00a0 geraldine AT houssiere.eu<\/p>\n<p><img loading=\"lazy\" decoding=\"async\" class=\"aligncenter size-full wp-image-4188\" src=\"https:\/\/houssiere.eu\/wp-content\/uploads\/2022\/08\/zombies-2022.jpg\" alt=\"\" width=\"986\" height=\"625\" srcset=\"https:\/\/houssiere.eu\/wp-content\/uploads\/2022\/08\/zombies-2022.jpg 986w, https:\/\/houssiere.eu\/wp-content\/uploads\/2022\/08\/zombies-2022-300x190.jpg 300w, https:\/\/houssiere.eu\/wp-content\/uploads\/2022\/08\/zombies-2022-768x487.jpg 768w, https:\/\/houssiere.eu\/wp-content\/uploads\/2022\/08\/zombies-2022-473x300.jpg 473w\" sizes=\"auto, (max-width: 986px) 100vw, 986px\" \/><\/p>\n<p><span style=\"color: #ff0000;\"><strong>Balade des Zombies 2021<\/strong><\/span><\/p>\n<p><img loading=\"lazy\" decoding=\"async\" class=\"aligncenter size-full wp-image-3380\" src=\"https:\/\/houssiere.eu\/wp-content\/uploads\/2021\/10\/merci-zombie.jpg\" alt=\"\" width=\"521\" height=\"334\" srcset=\"https:\/\/houssiere.eu\/wp-content\/uploads\/2021\/10\/merci-zombie.jpg 521w, https:\/\/houssiere.eu\/wp-content\/uploads\/2021\/10\/merci-zombie-300x192.jpg 300w, https:\/\/houssiere.eu\/wp-content\/uploads\/2021\/10\/merci-zombie-468x300.jpg 468w\" sizes=\"auto, (max-width: 521px) 100vw, 521px\" \/><\/p>\n<p><strong><span style=\"color: #800000;\">&#8230;pour votre enthousiasme ! Et \u00e0 l&rsquo;ann\u00e9e prochaine !!<\/span><\/strong><\/p>\n<p lang=\"fr-FR\" align=\"JUSTIFY\">Ce samedi 30 octobre 2021, des centaines de promeneurs ont effectu\u00e9 une balade assez terrifiante de 4 km dans notre bois de la Houssi\u00e8re. Des dizaines de zombies ont tent\u00e9 d\u2019arracher des vies \u00e0 de pauvres mortels volontaires. Avec comme vainqueur un plaisir partag\u00e9. Le HAC remercie les nombreux participants et les groupes de Zombies! Bravo aux \u00ab\u00a0Clowns\u00a0\u00bb qui remportent le vote des participants! Voici quelques souvenirs!<\/p>\n<p lang=\"fr-FR\" align=\"JUSTIFY\"><img loading=\"lazy\" decoding=\"async\" class=\"aligncenter size-full wp-image-3428\" src=\"https:\/\/houssiere.eu\/wp-content\/uploads\/2021\/11\/cuisine.jpg\" alt=\"\" width=\"1024\" height=\"683\" srcset=\"https:\/\/houssiere.eu\/wp-content\/uploads\/2021\/11\/cuisine.jpg 1024w, https:\/\/houssiere.eu\/wp-content\/uploads\/2021\/11\/cuisine-300x200.jpg 300w, https:\/\/houssiere.eu\/wp-content\/uploads\/2021\/11\/cuisine-768x512.jpg 768w, https:\/\/houssiere.eu\/wp-content\/uploads\/2021\/11\/cuisine-450x300.jpg 450w\" sizes=\"auto, (max-width: 1024px) 100vw, 1024px\" \/> <img loading=\"lazy\" decoding=\"async\" class=\"aligncenter size-large wp-image-3429\" src=\"https:\/\/houssiere.eu\/wp-content\/uploads\/2021\/11\/deco-vero-christine.jpg\" alt=\"\" width=\"584\" height=\"390\" srcset=\"https:\/\/houssiere.eu\/wp-content\/uploads\/2021\/11\/deco-vero-christine.jpg 1024w, https:\/\/houssiere.eu\/wp-content\/uploads\/2021\/11\/deco-vero-christine-300x200.jpg 300w, https:\/\/houssiere.eu\/wp-content\/uploads\/2021\/11\/deco-vero-christine-768x512.jpg 768w, https:\/\/houssiere.eu\/wp-content\/uploads\/2021\/11\/deco-vero-christine-450x300.jpg 450w\" sizes=\"auto, (max-width: 584px) 100vw, 584px\" \/> <img loading=\"lazy\" decoding=\"async\" class=\"aligncenter size-large wp-image-3430\" src=\"https:\/\/houssiere.eu\/wp-content\/uploads\/2021\/11\/frites-Michel-774x1024.jpg\" alt=\"\" width=\"584\" height=\"773\" srcset=\"https:\/\/houssiere.eu\/wp-content\/uploads\/2021\/11\/frites-Michel-774x1024.jpg 774w, https:\/\/houssiere.eu\/wp-content\/uploads\/2021\/11\/frites-Michel-227x300.jpg 227w, https:\/\/houssiere.eu\/wp-content\/uploads\/2021\/11\/frites-Michel-768x1016.jpg 768w, https:\/\/houssiere.eu\/wp-content\/uploads\/2021\/11\/frites-Michel.jpg 968w\" sizes=\"auto, (max-width: 584px) 100vw, 584px\" \/> <img loading=\"lazy\" decoding=\"async\" class=\"aligncenter size-large wp-image-3431\" src=\"https:\/\/houssiere.eu\/wp-content\/uploads\/2021\/11\/laurent-hac-874x1024.jpg\" alt=\"\" width=\"584\" height=\"684\" srcset=\"https:\/\/houssiere.eu\/wp-content\/uploads\/2021\/11\/laurent-hac-874x1024.jpg 874w, https:\/\/houssiere.eu\/wp-content\/uploads\/2021\/11\/laurent-hac-256x300.jpg 256w, https:\/\/houssiere.eu\/wp-content\/uploads\/2021\/11\/laurent-hac-768x900.jpg 768w, https:\/\/houssiere.eu\/wp-content\/uploads\/2021\/11\/laurent-hac.jpg 900w\" sizes=\"auto, (max-width: 584px) 100vw, 584px\" \/> <img loading=\"lazy\" decoding=\"async\" class=\"aligncenter size-large wp-image-3432\" src=\"https:\/\/houssiere.eu\/wp-content\/uploads\/2021\/11\/maquillage.jpg\" alt=\"\" width=\"584\" height=\"390\" srcset=\"https:\/\/houssiere.eu\/wp-content\/uploads\/2021\/11\/maquillage.jpg 1024w, https:\/\/houssiere.eu\/wp-content\/uploads\/2021\/11\/maquillage-300x200.jpg 300w, https:\/\/houssiere.eu\/wp-content\/uploads\/2021\/11\/maquillage-768x512.jpg 768w, https:\/\/houssiere.eu\/wp-content\/uploads\/2021\/11\/maquillage-450x300.jpg 450w\" sizes=\"auto, (max-width: 584px) 100vw, 584px\" \/> <img loading=\"lazy\" decoding=\"async\" class=\"aligncenter size-large wp-image-3433\" src=\"https:\/\/houssiere.eu\/wp-content\/uploads\/2021\/11\/mortels-qui-attendent-1024x614.jpg\" alt=\"\" width=\"584\" height=\"350\" srcset=\"https:\/\/houssiere.eu\/wp-content\/uploads\/2021\/11\/mortels-qui-attendent-1024x614.jpg 1024w, https:\/\/houssiere.eu\/wp-content\/uploads\/2021\/11\/mortels-qui-attendent-300x180.jpg 300w, https:\/\/houssiere.eu\/wp-content\/uploads\/2021\/11\/mortels-qui-attendent-768x461.jpg 768w, https:\/\/houssiere.eu\/wp-content\/uploads\/2021\/11\/mortels-qui-attendent-1536x921.jpg 1536w, https:\/\/houssiere.eu\/wp-content\/uploads\/2021\/11\/mortels-qui-attendent-2048x1228.jpg 2048w, https:\/\/houssiere.eu\/wp-content\/uploads\/2021\/11\/mortels-qui-attendent-500x300.jpg 500w\" sizes=\"auto, (max-width: 584px) 100vw, 584px\" \/> <img loading=\"lazy\" decoding=\"async\" class=\"aligncenter size-large wp-image-3434\" src=\"https:\/\/houssiere.eu\/wp-content\/uploads\/2021\/11\/pause-repas.jpg\" alt=\"\" width=\"584\" height=\"438\" srcset=\"https:\/\/houssiere.eu\/wp-content\/uploads\/2021\/11\/pause-repas.jpg 1024w, https:\/\/houssiere.eu\/wp-content\/uploads\/2021\/11\/pause-repas-300x225.jpg 300w, https:\/\/houssiere.eu\/wp-content\/uploads\/2021\/11\/pause-repas-768x576.jpg 768w, https:\/\/houssiere.eu\/wp-content\/uploads\/2021\/11\/pause-repas-400x300.jpg 400w\" sizes=\"auto, (max-width: 584px) 100vw, 584px\" \/> <img loading=\"lazy\" decoding=\"async\" class=\"aligncenter size-large wp-image-3435\" src=\"https:\/\/houssiere.eu\/wp-content\/uploads\/2021\/11\/prepa-hac-1024x700.jpg\" alt=\"\" width=\"584\" height=\"399\" srcset=\"https:\/\/houssiere.eu\/wp-content\/uploads\/2021\/11\/prepa-hac-1024x700.jpg 1024w, https:\/\/houssiere.eu\/wp-content\/uploads\/2021\/11\/prepa-hac-300x205.jpg 300w, https:\/\/houssiere.eu\/wp-content\/uploads\/2021\/11\/prepa-hac-768x525.jpg 768w, https:\/\/houssiere.eu\/wp-content\/uploads\/2021\/11\/prepa-hac-439x300.jpg 439w, https:\/\/houssiere.eu\/wp-content\/uploads\/2021\/11\/prepa-hac.jpg 1177w\" sizes=\"auto, (max-width: 584px) 100vw, 584px\" \/> <img loading=\"lazy\" decoding=\"async\" class=\"aligncenter size-large wp-image-3436\" src=\"https:\/\/houssiere.eu\/wp-content\/uploads\/2021\/11\/prepa-zombies-1.jpg\" alt=\"\" width=\"584\" height=\"633\" srcset=\"https:\/\/houssiere.eu\/wp-content\/uploads\/2021\/11\/prepa-zombies-1.jpg 853w, https:\/\/houssiere.eu\/wp-content\/uploads\/2021\/11\/prepa-zombies-1-277x300.jpg 277w, https:\/\/houssiere.eu\/wp-content\/uploads\/2021\/11\/prepa-zombies-1-768x833.jpg 768w\" sizes=\"auto, (max-width: 584px) 100vw, 584px\" \/> <img loading=\"lazy\" decoding=\"async\" class=\"aligncenter size-large wp-image-3437\" src=\"https:\/\/houssiere.eu\/wp-content\/uploads\/2021\/11\/preparatifs-HAC-682x1024.jpg\" alt=\"\" width=\"584\" height=\"877\" srcset=\"https:\/\/houssiere.eu\/wp-content\/uploads\/2021\/11\/preparatifs-HAC-682x1024.jpg 682w, https:\/\/houssiere.eu\/wp-content\/uploads\/2021\/11\/preparatifs-HAC-200x300.jpg 200w, https:\/\/houssiere.eu\/wp-content\/uploads\/2021\/11\/preparatifs-HAC-768x1152.jpg 768w, https:\/\/houssiere.eu\/wp-content\/uploads\/2021\/11\/preparatifs-HAC.jpg 853w\" sizes=\"auto, (max-width: 584px) 100vw, 584px\" \/> <img loading=\"lazy\" decoding=\"async\" class=\"aligncenter size-large wp-image-3438\" src=\"https:\/\/houssiere.eu\/wp-content\/uploads\/2021\/11\/quasi-prets.jpg\" alt=\"\" width=\"584\" height=\"390\" srcset=\"https:\/\/houssiere.eu\/wp-content\/uploads\/2021\/11\/quasi-prets.jpg 1024w, https:\/\/houssiere.eu\/wp-content\/uploads\/2021\/11\/quasi-prets-300x200.jpg 300w, https:\/\/houssiere.eu\/wp-content\/uploads\/2021\/11\/quasi-prets-768x512.jpg 768w, https:\/\/houssiere.eu\/wp-content\/uploads\/2021\/11\/quasi-prets-450x300.jpg 450w\" sizes=\"auto, (max-width: 584px) 100vw, 584px\" \/> <img loading=\"lazy\" decoding=\"async\" class=\"aligncenter size-large wp-image-3439\" src=\"https:\/\/houssiere.eu\/wp-content\/uploads\/2021\/11\/zombiesses.jpg\" alt=\"\" width=\"584\" height=\"389\" srcset=\"https:\/\/houssiere.eu\/wp-content\/uploads\/2021\/11\/zombiesses.jpg 900w, https:\/\/houssiere.eu\/wp-content\/uploads\/2021\/11\/zombiesses-300x200.jpg 300w, https:\/\/houssiere.eu\/wp-content\/uploads\/2021\/11\/zombiesses-768x512.jpg 768w, https:\/\/houssiere.eu\/wp-content\/uploads\/2021\/11\/zombiesses-450x300.jpg 450w\" sizes=\"auto, (max-width: 584px) 100vw, 584px\" \/><\/p>\n<p lang=\"fr-FR\" align=\"JUSTIFY\">Merci aussi \u00e0 notre sponsor DPI, qui offre des produits dentaires (le lien est\u00a0 <a href=\"https:\/\/www.dentalpromotion.be\/\">ici<\/a> ).<\/p>\n","protected":false},"excerpt":{"rendered":"<p>Le Houssi\u00e8re Athletic Club a toujours tenu \u00e0 vous accueillir dans de bonnes conditions. Malheureusement, cette ann\u00e9e, des soucis d&rsquo;infrastructure et d&rsquo;organisation ne nous permettront pas d&rsquo;assurer une festivit\u00e9 de qualit\u00e9 et nous pr\u00e9f\u00e9rons annuler notre exp\u00e9rience Zombies pr\u00e9vue en &hellip; <a href=\"https:\/\/houssiere.eu\/index.php\/balade-des-zombies\/\">Continuer la lecture <span class=\"meta-nav\">&rarr;<\/span><\/a><\/p>\n","protected":false},"author":1,"featured_media":0,"parent":0,"menu_order":0,"comment_status":"closed","ping_status":"closed","template":"","meta":{"jetpack_post_was_ever_published":false,"footnotes":""},"class_list":["post-3292","page","type-page","status-publish","hentry"],"jetpack_sharing_enabled":true,"jetpack_shortlink":"https:\/\/wp.me\/P8shbt-R6","_links":{"self":[{"href":"https:\/\/houssiere.eu\/index.php\/wp-json\/wp\/v2\/pages\/3292","targetHints":{"allow":["GET"]}}],"collection":[{"href":"https:\/\/houssiere.eu\/index.php\/wp-json\/wp\/v2\/pages"}],"about":[{"href":"https:\/\/houssiere.eu\/index.php\/wp-json\/wp\/v2\/types\/page"}],"author":[{"embeddable":true,"href":"https:\/\/houssiere.eu\/index.php\/wp-json\/wp\/v2\/users\/1"}],"replies":[{"embeddable":true,"href":"https:\/\/houssiere.eu\/index.php\/wp-json\/wp\/v2\/comments?post=3292"}],"version-history":[{"count":45,"href":"https:\/\/houssiere.eu\/index.php\/wp-json\/wp\/v2\/pages\/3292\/revisions"}],"predecessor-version":[{"id":6292,"href":"https:\/\/houssiere.eu\/index.php\/wp-json\/wp\/v2\/pages\/3292\/revisions\/6292"}],"wp:attachment":[{"href":"https:\/\/houssiere.eu\/index.php\/wp-json\/wp\/v2\/media?parent=3292"}],"curies":[{"name":"wp","href":"https:\/\/api.w.org\/{rel}","templated":true}]}}