{"id":356,"date":"2017-06-30T15:59:33","date_gmt":"2017-06-30T13:59:33","guid":{"rendered":"http:\/\/houssiere.eu\/?page_id=356"},"modified":"2017-06-30T15:59:33","modified_gmt":"2017-06-30T13:59:33","slug":"1-joggy-debute","status":"publish","type":"page","link":"https:\/\/houssiere.eu\/index.php\/humour\/1-joggy-debute\/","title":{"rendered":"1. Joggy d\u00e9bute"},"content":{"rendered":"<p lang=\"fr-BE\"><span style=\"font-family: Times New Roman,serif;\">Aujourd\u2019hui c\u2019est dimanche. Sur l\u2019autel des bonnes intentions, j\u2019ai d\u00e9cid\u00e9 que j\u2019irai d\u00e9sormais jogger en for\u00eat.<\/span><\/p>\n<p lang=\"fr-BE\"><span style=\"font-family: Times New Roman,serif;\">Pr\u00e8s de chez moi, le bois de la Houssi\u00e8re est un vaste et ravissant espace vert, avec les couleurs qui changent \u00e0 la belle saison et tout et tout&#8230; Le probl\u00e8me c\u2019est que les circuits changent aussi\u2026que rien ne ressemble plus \u00e0 un sinueux sentier qu\u2019\u00e0 un cosinueux sentier. Je pris la tangente et me suis dit que j\u2019irais courir avec le groupe aujourd\u2019hui, pour d\u00e9couvrir leurs parcours\u2026Le novice que je suis se pr\u00e9sente au groupe\u2026<\/span><\/p>\n<p lang=\"fr-BE\"><img loading=\"lazy\" decoding=\"async\" class=\"aligncenter size-full wp-image-357\" src=\"http:\/\/houssiere.eu\/wp-content\/uploads\/2017\/06\/sentier-moyen.jpg\" alt=\"Un sentier du bois\" width=\"800\" height=\"450\" srcset=\"https:\/\/houssiere.eu\/wp-content\/uploads\/2017\/06\/sentier-moyen.jpg 800w, https:\/\/houssiere.eu\/wp-content\/uploads\/2017\/06\/sentier-moyen-300x169.jpg 300w, https:\/\/houssiere.eu\/wp-content\/uploads\/2017\/06\/sentier-moyen-768x432.jpg 768w, https:\/\/houssiere.eu\/wp-content\/uploads\/2017\/06\/sentier-moyen-500x281.jpg 500w\" sizes=\"auto, (max-width: 800px) 100vw, 800px\" \/><\/p>\n<p lang=\"fr-BE\"><span style=\"font-family: Times New Roman,serif;\">&#8211; Comment t\u2019appelles-tu\u00a0? m\u2019a demand\u00e9 un grand chauve.<\/span><\/p>\n<p lang=\"fr-BE\"><span style=\"font-family: Times New Roman,serif;\">&#8211; Jean-Guy\u00a0! lui ai-je r\u00e9pondu\u00a0.<\/span><\/p>\n<p lang=\"fr-BE\"><span style=\"font-family: Times New Roman,serif;\">&#8211; \u00c7a alors, c\u2019est amusant comme surnom, Joggy\u00a0!<\/span><\/p>\n<p lang=\"fr-BE\"><span style=\"font-family: Times New Roman,serif;\">&#8211; Non, pas Joggy, Jean-Guy\u00a0!<\/span><\/p>\n<p lang=\"fr-BE\"><span style=\"font-family: Times New Roman,serif;\">Peine perdue, il ne m\u2019\u00e9coutait d\u00e9j\u00e0 plus.<\/span><\/p>\n<p lang=\"fr-BE\"><span style=\"font-family: Times New Roman,serif;\">&#8211; Eh les gars, le nouveau s\u2019appelle Joggy\u00a0! <\/span><\/p>\n<p lang=\"fr-BE\"><span style=\"font-family: Times New Roman,serif;\">&#8211; Heureusement qu\u2019on ne joue pas aux boules\u2026 dit l\u2019un.<\/span><\/p>\n<p lang=\"fr-BE\"><span style=\"font-family: Times New Roman,serif;\">Depuis lors, on ne m\u2019appelle plus que Joggy. Certains nouveaux disent Jordi. Je pr\u00e9f\u00e9rerais, mais les autres corrigent toujours.<\/span><\/p>\n<p lang=\"fr-BE\"><span style=\"font-family: Times New Roman,serif;\">&#8211; Tu vas voir\u00a0: c\u2019est un tour enti\u00e8rement dans le bois\u00a0! Ce qui compte c\u2019est de partir lentement et d\u2019acc\u00e9l\u00e9rer progressivement. Le truc c\u2019est de savoir si tu sais encore parler. Alors, c\u2019est que tu es dans le bon\u00a0! <\/span><\/p>\n<p lang=\"fr-BE\"><span style=\"font-family: Times New Roman,serif;\">Ils sont sympas. Mais je crois que la partie lente a dur\u00e9 10 m\u00e8tres. Ils parlaient, riaient, disaient que Marcel \u00e9tait un coureur au fond, que les foug\u00e8res nourrissaient ses fantasmes et que la petite c\u00f4te nous ferait du bien. Pour ce qui \u00e9tait de courir \u00e0 l\u2019\u00e9conomie, c\u2019\u00e9tait de paroles dont j\u2019\u00e9tais \u00e9conome\u00a0!!<\/span><\/p>\n<p lang=\"fr-BE\"><span style=\"font-family: Times New Roman,serif;\">Si j\u2019avais des doutes sur la pr\u00e9sence d\u2019un c\u0153ur dans mon corps, je n\u2019en avais plus\u00a0! Impossible de compter les pulsations, c\u2019eut \u00e9t\u00e9 comme de compter les balles qui sortent d\u2019une mitrailleuse\u00a0! Par contre, je me suis vite rendu compte que le sport faisait transpirer\u2026<\/span><\/p>\n<p lang=\"fr-BE\"><span style=\"font-family: Times New Roman,serif;\">La c\u00f4te. Certains ont envie de passer les vacances \u00e0 la c\u00f4te. Ici, c\u2019est une course de c\u00f4te. Je ne sais pas s\u2019ils ont acc\u00e9l\u00e9r\u00e9 ou si c\u2019est moi qui ai ralenti, mais j\u2019avais beau pousser sur mes jambes, le dernier du peloton me distan\u00e7ait\u00a0! Les tempes qui battent, le souffle qui manque\u00a0: c\u2019est quasi asphyxi\u00e9 que je suis arriv\u00e9 au dessus.<\/span><\/p>\n<p lang=\"fr-BE\"><span style=\"font-family: Times New Roman,serif;\">Et en haut de la c\u00f4te, plus personne\u00a0! A gauche\u00a0: le bois, \u00e0 droite\u00a0: le bois, partout une v\u00e9g\u00e9tation dense. Quand on ne sait pas, on va tout droit, me suis-je dit. Allons-y Alonso comme le disait l&rsquo;ex-champion du monde et me voil\u00e0 parti. <\/span><\/p>\n<p lang=\"fr-BE\"><span style=\"font-family: Times New Roman,serif;\">En 300 m\u00e8tres, j\u2019\u00e9tais hors du bois\u2026 A\u00efe. Tout droit comme \u00e0 droite on ne voit que la campagne\u00a0: allons \u00e0 gauche d\u00e8s lors\u2026<\/span><\/p>\n<p lang=\"fr-BE\"><span style=\"font-family: Times New Roman,serif;\">Un chemin repart dans le bois et j\u2019entends des voix. Jeanne voulait bouter les anglois, Jean voudrait retrouver les joggois. Et comme de fait, les voil\u00e0. Ils me passent petit \u00e0 petit. Jusqu\u2019au grand chauve, pas un mot. <\/span><\/p>\n<p lang=\"fr-BE\"><span style=\"font-family: Times New Roman,serif;\">&#8211; Eh bien Joggy. Tu as pass\u00e9 la Grosse Bertha\u00a0?<\/span><\/p>\n<p lang=\"fr-BE\"><span style=\"font-family: Times New Roman,serif;\">&#8211; Euh, non\u2026 Je n\u2019ai vu aucune dame.<\/span><\/p>\n<p lang=\"fr-BE\"><span style=\"font-family: Times New Roman,serif;\">Ils ont bien ri. Comment aurais-je pu savoir que la \u00ab\u00a0Grosse Bertha\u00a0\u00bb \u00e9tait le nom donn\u00e9 \u00e0 la c\u00f4te qui f\u00fbt mon calvaire\u00a0? <\/span><\/p>\n<p lang=\"fr-BE\"><span style=\"font-family: Times New Roman,serif;\">&#8211; Tu cours sacr\u00e9ment bien en tout cas. Je n\u2019avais m\u00eame pas vu que tu \u00e9tais devant\u00a0!<\/span><\/p>\n<p lang=\"fr-BE\"><span style=\"font-family: Times New Roman,serif;\">Oui, je sais, c\u2019est malhonn\u00eate. J\u2019aurais d\u00fb lui dire que j\u2019avais coup\u00e9, que j\u2019\u00e9tais dernier, que j\u2019\u00e9tais perdu\u2026 Mais non, les paroles se sont enfouies dans les profondeurs de mon cerveau d\u00e9connect\u00e9, se sont enfuies devant la longueur de la phrase qui eut \u00e9t\u00e9 n\u00e9cessaire \u00e0 l\u2019exprimer. D\u2019ailleurs, le rythme \u00e9tait d\u00e9j\u00e0 redevenu si \u00e9lev\u00e9 que je n\u2019aurais plus rien su dire sans rendre l\u2019\u00e2me\u2026<\/span><\/p>\n<p lang=\"fr-BE\"><span style=\"font-family: Times New Roman,serif;\">Le petit r\u00e9pit que ma perte de trajet m\u2019avait octroy\u00e9 fut vite oubli\u00e9. Les stakhanovistes du battement de semelle ont rythm\u00e9 la cadence avec la vive vivacit\u00e9 des v\u00e9t\u00e9rans v\u00e9loces qui m\u2019entouraient. <\/span><\/p>\n<p lang=\"fr-BE\"><span style=\"font-family: Times New Roman,serif;\">Les cheveux aplatis par la transpiration, les yeux piquants de sueur, je regardais d\u00e9filer les troncs communs que sont les h\u00eatres qui peuplent le bois. Proche du d\u00e9lire, j\u2019entendis dans un semi-coma, qu\u2019\u00e0 gauche on pouvait rejoindre le parking. Usant d\u2019un pr\u00e9texte qui ne fut sans doute audible de personne, je bifurquai. Une route qui se divise en deux et qui commence par bi est une &#8230;bifurcation. Elle \u00e9tait en pente douce\u00a0: quelle volupt\u00e9 de courir seul et au ralenti\u2026<\/span><\/p>\n<p lang=\"fr-BE\"><span style=\"font-family: Times New Roman,serif;\">Pendant quelque dizaines de minutes, mon cerveau m\u2019avait d\u00e9connect\u00e9 des soucis de la vie quotidienne et m\u2019avait fait prendre conscience que j\u2019avais des muscles.<\/span><\/p>\n<p lang=\"fr-BE\"><span style=\"font-family: Times New Roman,serif;\">N\u2019emp\u00eache, la prochaine fois, je ferai 100 m\u00e8tres de plus avec eux\u00a0!<\/span><\/p>\n<p lang=\"fr-BE\"><span style=\"color: #000000;\"><span style=\"font-family: Times New Roman,serif;\"> J.Air<\/span><\/span><\/p>\n","protected":false},"excerpt":{"rendered":"<p>Aujourd\u2019hui c\u2019est dimanche. Sur l\u2019autel des bonnes intentions, j\u2019ai d\u00e9cid\u00e9 que j\u2019irai d\u00e9sormais jogger en for\u00eat. Pr\u00e8s de chez moi, le bois de la Houssi\u00e8re est un vaste et ravissant espace vert, avec les couleurs qui changent \u00e0 la belle &hellip; <a href=\"https:\/\/houssiere.eu\/index.php\/humour\/1-joggy-debute\/\">Continuer la lecture <span class=\"meta-nav\">&rarr;<\/span><\/a><\/p>\n","protected":false},"author":1,"featured_media":0,"parent":353,"menu_order":0,"comment_status":"closed","ping_status":"closed","template":"","meta":{"jetpack_post_was_ever_published":false,"footnotes":""},"class_list":["post-356","page","type-page","status-publish","hentry"],"jetpack_sharing_enabled":true,"jetpack_shortlink":"https:\/\/wp.me\/P8shbt-5K","_links":{"self":[{"href":"https:\/\/houssiere.eu\/index.php\/wp-json\/wp\/v2\/pages\/356","targetHints":{"allow":["GET"]}}],"collection":[{"href":"https:\/\/houssiere.eu\/index.php\/wp-json\/wp\/v2\/pages"}],"about":[{"href":"https:\/\/houssiere.eu\/index.php\/wp-json\/wp\/v2\/types\/page"}],"author":[{"embeddable":true,"href":"https:\/\/houssiere.eu\/index.php\/wp-json\/wp\/v2\/users\/1"}],"replies":[{"embeddable":true,"href":"https:\/\/houssiere.eu\/index.php\/wp-json\/wp\/v2\/comments?post=356"}],"version-history":[{"count":1,"href":"https:\/\/houssiere.eu\/index.php\/wp-json\/wp\/v2\/pages\/356\/revisions"}],"predecessor-version":[{"id":358,"href":"https:\/\/houssiere.eu\/index.php\/wp-json\/wp\/v2\/pages\/356\/revisions\/358"}],"up":[{"embeddable":true,"href":"https:\/\/houssiere.eu\/index.php\/wp-json\/wp\/v2\/pages\/353"}],"wp:attachment":[{"href":"https:\/\/houssiere.eu\/index.php\/wp-json\/wp\/v2\/media?parent=356"}],"curies":[{"name":"wp","href":"https:\/\/api.w.org\/{rel}","templated":true}]}}