{"id":3938,"date":"2022-06-05T12:55:35","date_gmt":"2022-06-05T10:55:35","guid":{"rendered":"https:\/\/houssiere.eu\/?page_id=3938"},"modified":"2022-06-11T18:17:35","modified_gmt":"2022-06-11T16:17:35","slug":"la-thoracique-de-la-houssiere-2022","status":"publish","type":"page","link":"https:\/\/houssiere.eu\/index.php\/la-thoracique-de-la-houssiere-2022\/","title":{"rendered":"La Thoracique de la Houssi\u00e8re 2022"},"content":{"rendered":"<p>Ce 4 juin 2022, 131 courageux ont affront\u00e9 la chaleur de ce d\u00e9but juin, sous le couvert v\u00e9g\u00e9tal du bois de la Houssi\u00e8re. Un parcours exigeant mais tr\u00e8s sympa! Les r\u00e9sultats sur <a href=\"https:\/\/www.goaltiming.be\/courses\/f531c410-a6ba-11ec-bd54-4547970a36b4\">Goaltiming<\/a> ou en pdf sur les liens <a href=\"https:\/\/houssiere.eu\/wp-content\/uploads\/2022\/06\/ClassementsClassementGnral-6.pdf\">6 km<\/a> ou\u00a0\u00a0<a href=\"https:\/\/houssiere.eu\/wp-content\/uploads\/2022\/06\/ClassementsClassementGnral-12km.pdf\">12 km<\/a> \u00a0 . Une belle organisation, un parcours ombrag\u00e9, beaucoup de relances, les coureurs \u00e9taient aux anges!<\/p>\n<p><img loading=\"lazy\" decoding=\"async\" class=\"aligncenter size-large wp-image-3939\" src=\"https:\/\/houssiere.eu\/wp-content\/uploads\/2022\/06\/depart-deux-1024x812.jpg\" alt=\"\" width=\"584\" height=\"463\" srcset=\"https:\/\/houssiere.eu\/wp-content\/uploads\/2022\/06\/depart-deux-1024x812.jpg 1024w, https:\/\/houssiere.eu\/wp-content\/uploads\/2022\/06\/depart-deux-300x238.jpg 300w, https:\/\/houssiere.eu\/wp-content\/uploads\/2022\/06\/depart-deux-768x609.jpg 768w, https:\/\/houssiere.eu\/wp-content\/uploads\/2022\/06\/depart-deux-1536x1218.jpg 1536w, https:\/\/houssiere.eu\/wp-content\/uploads\/2022\/06\/depart-deux-2048x1624.jpg 2048w, https:\/\/houssiere.eu\/wp-content\/uploads\/2022\/06\/depart-deux-378x300.jpg 378w\" sizes=\"auto, (max-width: 584px) 100vw, 584px\" \/> <img loading=\"lazy\" decoding=\"async\" class=\"aligncenter size-large wp-image-3940\" src=\"https:\/\/houssiere.eu\/wp-content\/uploads\/2022\/06\/depart-1024x768.jpg\" alt=\"\" width=\"584\" height=\"438\" srcset=\"https:\/\/houssiere.eu\/wp-content\/uploads\/2022\/06\/depart-1024x768.jpg 1024w, https:\/\/houssiere.eu\/wp-content\/uploads\/2022\/06\/depart-300x225.jpg 300w, https:\/\/houssiere.eu\/wp-content\/uploads\/2022\/06\/depart-768x576.jpg 768w, https:\/\/houssiere.eu\/wp-content\/uploads\/2022\/06\/depart-400x300.jpg 400w, https:\/\/houssiere.eu\/wp-content\/uploads\/2022\/06\/depart.jpg 1280w\" sizes=\"auto, (max-width: 584px) 100vw, 584px\" \/><\/p>\n<p>Le reportage photo complet est disponible par le biais des liens propos\u00e9s par les photographes! Cliquez sur les divers pr\u00e9noms pour y avoir acc\u00e8s. La liste sera actualis\u00e9e au fur et \u00e0 mesure.<\/p>\n<p>Merci \u00e0 nos photographes: <a href=\"https:\/\/photos.google.com\/share\/AF1QipMarinyhIKYBkvqStUBuJe92btlH6wu-pMMFoT5iolgVScIo3t8LZHrqJqvl-MQVQ?key=c1FhN3MtcWFtWGVSSmhOTzdwQlhKaEp2RXU1T3RB\">St\u00e9phane<\/a> , <a href=\"https:\/\/photos.app.goo.gl\/sx7pnw6ZBuCE8YpK7\">Patricia et Jacques<\/a> ,\u00a0<a href=\"https:\/\/photos.app.goo.gl\/1QyBbhvCgD7EJhAZ7\">Danielle<\/a> .<\/p>\n<p>Le HAC remercie les participants pour leur enthousiasme! Voici quelques photos du parcours<\/p>\n<p><img loading=\"lazy\" decoding=\"async\" class=\"aligncenter size-full wp-image-3977\" src=\"https:\/\/houssiere.eu\/wp-content\/uploads\/2022\/06\/a-planante.jpg\" alt=\"\" width=\"516\" height=\"775\" srcset=\"https:\/\/houssiere.eu\/wp-content\/uploads\/2022\/06\/a-planante.jpg 516w, https:\/\/houssiere.eu\/wp-content\/uploads\/2022\/06\/a-planante-200x300.jpg 200w\" sizes=\"auto, (max-width: 516px) 100vw, 516px\" \/> <img loading=\"lazy\" decoding=\"async\" class=\"aligncenter size-large wp-image-3978\" src=\"https:\/\/houssiere.eu\/wp-content\/uploads\/2022\/06\/b-ombragee.jpg\" alt=\"\" width=\"516\" height=\"775\" srcset=\"https:\/\/houssiere.eu\/wp-content\/uploads\/2022\/06\/b-ombragee.jpg 516w, https:\/\/houssiere.eu\/wp-content\/uploads\/2022\/06\/b-ombragee-200x300.jpg 200w\" sizes=\"auto, (max-width: 516px) 100vw, 516px\" \/> <img loading=\"lazy\" decoding=\"async\" class=\"aligncenter size-large wp-image-3979\" src=\"https:\/\/houssiere.eu\/wp-content\/uploads\/2022\/06\/c-pentue-1024x681.jpg\" alt=\"\" width=\"584\" height=\"388\" srcset=\"https:\/\/houssiere.eu\/wp-content\/uploads\/2022\/06\/c-pentue-1024x681.jpg 1024w, https:\/\/houssiere.eu\/wp-content\/uploads\/2022\/06\/c-pentue-300x200.jpg 300w, https:\/\/houssiere.eu\/wp-content\/uploads\/2022\/06\/c-pentue-768x511.jpg 768w, https:\/\/houssiere.eu\/wp-content\/uploads\/2022\/06\/c-pentue-451x300.jpg 451w, https:\/\/houssiere.eu\/wp-content\/uploads\/2022\/06\/c-pentue.jpg 1165w\" sizes=\"auto, (max-width: 584px) 100vw, 584px\" \/> <img loading=\"lazy\" decoding=\"async\" class=\"aligncenter size-large wp-image-3980\" src=\"https:\/\/houssiere.eu\/wp-content\/uploads\/2022\/06\/d-verte-1024x682.jpg\" alt=\"\" width=\"584\" height=\"389\" srcset=\"https:\/\/houssiere.eu\/wp-content\/uploads\/2022\/06\/d-verte-1024x682.jpg 1024w, https:\/\/houssiere.eu\/wp-content\/uploads\/2022\/06\/d-verte-300x200.jpg 300w, https:\/\/houssiere.eu\/wp-content\/uploads\/2022\/06\/d-verte-768x512.jpg 768w, https:\/\/houssiere.eu\/wp-content\/uploads\/2022\/06\/d-verte-450x300.jpg 450w, https:\/\/houssiere.eu\/wp-content\/uploads\/2022\/06\/d-verte.jpg 1163w\" sizes=\"auto, (max-width: 584px) 100vw, 584px\" \/> <img loading=\"lazy\" decoding=\"async\" class=\"aligncenter size-large wp-image-3981\" src=\"https:\/\/houssiere.eu\/wp-content\/uploads\/2022\/06\/e-sympathique-1024x683.jpg\" alt=\"\" width=\"584\" height=\"390\" srcset=\"https:\/\/houssiere.eu\/wp-content\/uploads\/2022\/06\/e-sympathique-1024x683.jpg 1024w, https:\/\/houssiere.eu\/wp-content\/uploads\/2022\/06\/e-sympathique-300x200.jpg 300w, https:\/\/houssiere.eu\/wp-content\/uploads\/2022\/06\/e-sympathique-768x512.jpg 768w, https:\/\/houssiere.eu\/wp-content\/uploads\/2022\/06\/e-sympathique-450x300.jpg 450w, https:\/\/houssiere.eu\/wp-content\/uploads\/2022\/06\/e-sympathique.jpg 1162w\" sizes=\"auto, (max-width: 584px) 100vw, 584px\" \/> <img loading=\"lazy\" decoding=\"async\" class=\"aligncenter size-large wp-image-3982\" src=\"https:\/\/houssiere.eu\/wp-content\/uploads\/2022\/06\/f-passionnante.jpg\" alt=\"\" width=\"584\" height=\"536\" srcset=\"https:\/\/houssiere.eu\/wp-content\/uploads\/2022\/06\/f-passionnante.jpg 795w, https:\/\/houssiere.eu\/wp-content\/uploads\/2022\/06\/f-passionnante-300x275.jpg 300w, https:\/\/houssiere.eu\/wp-content\/uploads\/2022\/06\/f-passionnante-768x704.jpg 768w, https:\/\/houssiere.eu\/wp-content\/uploads\/2022\/06\/f-passionnante-327x300.jpg 327w\" sizes=\"auto, (max-width: 584px) 100vw, 584px\" \/><\/p>\n<p>&nbsp;<\/p>\n<p><img loading=\"lazy\" decoding=\"async\" class=\"aligncenter size-large wp-image-3986\" src=\"https:\/\/houssiere.eu\/wp-content\/uploads\/2022\/06\/i-grande-vitesse-768x1024.jpg\" alt=\"\" width=\"584\" height=\"779\" srcset=\"https:\/\/houssiere.eu\/wp-content\/uploads\/2022\/06\/i-grande-vitesse-768x1024.jpg 768w, https:\/\/houssiere.eu\/wp-content\/uploads\/2022\/06\/i-grande-vitesse-225x300.jpg 225w, https:\/\/houssiere.eu\/wp-content\/uploads\/2022\/06\/i-grande-vitesse.jpg 960w\" sizes=\"auto, (max-width: 584px) 100vw, 584px\" \/> <img loading=\"lazy\" decoding=\"async\" class=\"aligncenter size-large wp-image-3987\" src=\"https:\/\/houssiere.eu\/wp-content\/uploads\/2022\/06\/j-podium-768x1024.jpg\" alt=\"\" width=\"584\" height=\"779\" srcset=\"https:\/\/houssiere.eu\/wp-content\/uploads\/2022\/06\/j-podium-768x1024.jpg 768w, https:\/\/houssiere.eu\/wp-content\/uploads\/2022\/06\/j-podium-225x300.jpg 225w, https:\/\/houssiere.eu\/wp-content\/uploads\/2022\/06\/j-podium.jpg 960w\" sizes=\"auto, (max-width: 584px) 100vw, 584px\" \/> <img loading=\"lazy\" decoding=\"async\" class=\"aligncenter size-large wp-image-3985\" src=\"https:\/\/houssiere.eu\/wp-content\/uploads\/2022\/06\/h-oxygenante-918x1024.jpg\" alt=\"\" width=\"584\" height=\"651\" srcset=\"https:\/\/houssiere.eu\/wp-content\/uploads\/2022\/06\/h-oxygenante-918x1024.jpg 918w, https:\/\/houssiere.eu\/wp-content\/uploads\/2022\/06\/h-oxygenante-269x300.jpg 269w, https:\/\/houssiere.eu\/wp-content\/uploads\/2022\/06\/h-oxygenante-768x857.jpg 768w, https:\/\/houssiere.eu\/wp-content\/uploads\/2022\/06\/h-oxygenante.jpg 1024w\" sizes=\"auto, (max-width: 584px) 100vw, 584px\" \/> <img loading=\"lazy\" decoding=\"async\" class=\"aligncenter size-large wp-image-3984\" src=\"https:\/\/houssiere.eu\/wp-content\/uploads\/2022\/06\/g-montees-766x1024.jpg\" alt=\"\" width=\"584\" height=\"781\" srcset=\"https:\/\/houssiere.eu\/wp-content\/uploads\/2022\/06\/g-montees-766x1024.jpg 766w, https:\/\/houssiere.eu\/wp-content\/uploads\/2022\/06\/g-montees-224x300.jpg 224w, https:\/\/houssiere.eu\/wp-content\/uploads\/2022\/06\/g-montees-768x1027.jpg 768w, https:\/\/houssiere.eu\/wp-content\/uploads\/2022\/06\/g-montees.jpg 957w\" sizes=\"auto, (max-width: 584px) 100vw, 584px\" \/> <img loading=\"lazy\" decoding=\"async\" class=\"aligncenter size-full wp-image-4007\" src=\"https:\/\/houssiere.eu\/wp-content\/uploads\/2022\/06\/descente-foya02.jpg\" alt=\"\" width=\"581\" height=\"775\" srcset=\"https:\/\/houssiere.eu\/wp-content\/uploads\/2022\/06\/descente-foya02.jpg 581w, https:\/\/houssiere.eu\/wp-content\/uploads\/2022\/06\/descente-foya02-225x300.jpg 225w\" sizes=\"auto, (max-width: 581px) 100vw, 581px\" \/> <img loading=\"lazy\" decoding=\"async\" class=\"aligncenter size-full wp-image-4006\" src=\"https:\/\/houssiere.eu\/wp-content\/uploads\/2022\/06\/descente-foya01.jpg\" alt=\"\" width=\"496\" height=\"775\" srcset=\"https:\/\/houssiere.eu\/wp-content\/uploads\/2022\/06\/descente-foya01.jpg 496w, https:\/\/houssiere.eu\/wp-content\/uploads\/2022\/06\/descente-foya01-192x300.jpg 192w\" sizes=\"auto, (max-width: 496px) 100vw, 496px\" \/> <img loading=\"lazy\" decoding=\"async\" class=\"aligncenter size-full wp-image-4005\" src=\"https:\/\/houssiere.eu\/wp-content\/uploads\/2022\/06\/cote-biche03.jpg\" alt=\"\" width=\"517\" height=\"775\" srcset=\"https:\/\/houssiere.eu\/wp-content\/uploads\/2022\/06\/cote-biche03.jpg 517w, https:\/\/houssiere.eu\/wp-content\/uploads\/2022\/06\/cote-biche03-200x300.jpg 200w\" sizes=\"auto, (max-width: 517px) 100vw, 517px\" \/> <img loading=\"lazy\" decoding=\"async\" class=\"aligncenter size-full wp-image-4004\" src=\"https:\/\/houssiere.eu\/wp-content\/uploads\/2022\/06\/cote-biche01.jpg\" alt=\"\" width=\"517\" height=\"775\" srcset=\"https:\/\/houssiere.eu\/wp-content\/uploads\/2022\/06\/cote-biche01.jpg 517w, https:\/\/houssiere.eu\/wp-content\/uploads\/2022\/06\/cote-biche01-200x300.jpg 200w\" sizes=\"auto, (max-width: 517px) 100vw, 517px\" \/> <img loading=\"lazy\" decoding=\"async\" class=\"aligncenter size-large wp-image-4003\" src=\"https:\/\/houssiere.eu\/wp-content\/uploads\/2022\/06\/avant-1024x683.jpg\" alt=\"\" width=\"584\" height=\"390\" srcset=\"https:\/\/houssiere.eu\/wp-content\/uploads\/2022\/06\/avant-1024x683.jpg 1024w, https:\/\/houssiere.eu\/wp-content\/uploads\/2022\/06\/avant-300x200.jpg 300w, https:\/\/houssiere.eu\/wp-content\/uploads\/2022\/06\/avant-768x512.jpg 768w, https:\/\/houssiere.eu\/wp-content\/uploads\/2022\/06\/avant-450x300.jpg 450w, https:\/\/houssiere.eu\/wp-content\/uploads\/2022\/06\/avant.jpg 1162w\" sizes=\"auto, (max-width: 584px) 100vw, 584px\" \/><img loading=\"lazy\" decoding=\"async\" class=\"aligncenter size-large wp-image-3983\" src=\"https:\/\/houssiere.eu\/wp-content\/uploads\/2022\/06\/f-chaud-766x1024.jpg\" alt=\"\" width=\"584\" height=\"781\" srcset=\"https:\/\/houssiere.eu\/wp-content\/uploads\/2022\/06\/f-chaud-766x1024.jpg 766w, https:\/\/houssiere.eu\/wp-content\/uploads\/2022\/06\/f-chaud-224x300.jpg 224w, https:\/\/houssiere.eu\/wp-content\/uploads\/2022\/06\/f-chaud-768x1027.jpg 768w, https:\/\/houssiere.eu\/wp-content\/uploads\/2022\/06\/f-chaud.jpg 957w\" sizes=\"auto, (max-width: 584px) 100vw, 584px\" \/><\/p>\n","protected":false},"excerpt":{"rendered":"<p>Ce 4 juin 2022, 131 courageux ont affront\u00e9 la chaleur de ce d\u00e9but juin, sous le couvert v\u00e9g\u00e9tal du bois de la Houssi\u00e8re. Un parcours exigeant mais tr\u00e8s sympa! Les r\u00e9sultats sur Goaltiming ou en pdf sur les liens 6 &hellip; <a href=\"https:\/\/houssiere.eu\/index.php\/la-thoracique-de-la-houssiere-2022\/\">Continuer la lecture <span class=\"meta-nav\">&rarr;<\/span><\/a><\/p>\n","protected":false},"author":1,"featured_media":0,"parent":0,"menu_order":0,"comment_status":"closed","ping_status":"closed","template":"","meta":{"jetpack_post_was_ever_published":false,"footnotes":""},"class_list":["post-3938","page","type-page","status-publish","hentry"],"jetpack_sharing_enabled":true,"jetpack_shortlink":"https:\/\/wp.me\/P8shbt-11w","_links":{"self":[{"href":"https:\/\/houssiere.eu\/index.php\/wp-json\/wp\/v2\/pages\/3938","targetHints":{"allow":["GET"]}}],"collection":[{"href":"https:\/\/houssiere.eu\/index.php\/wp-json\/wp\/v2\/pages"}],"about":[{"href":"https:\/\/houssiere.eu\/index.php\/wp-json\/wp\/v2\/types\/page"}],"author":[{"embeddable":true,"href":"https:\/\/houssiere.eu\/index.php\/wp-json\/wp\/v2\/users\/1"}],"replies":[{"embeddable":true,"href":"https:\/\/houssiere.eu\/index.php\/wp-json\/wp\/v2\/comments?post=3938"}],"version-history":[{"count":10,"href":"https:\/\/houssiere.eu\/index.php\/wp-json\/wp\/v2\/pages\/3938\/revisions"}],"predecessor-version":[{"id":4009,"href":"https:\/\/houssiere.eu\/index.php\/wp-json\/wp\/v2\/pages\/3938\/revisions\/4009"}],"wp:attachment":[{"href":"https:\/\/houssiere.eu\/index.php\/wp-json\/wp\/v2\/media?parent=3938"}],"curies":[{"name":"wp","href":"https:\/\/api.w.org\/{rel}","templated":true}]}}