{"id":418,"date":"2017-08-20T18:29:16","date_gmt":"2017-08-20T16:29:16","guid":{"rendered":"http:\/\/houssiere.eu\/?page_id=418"},"modified":"2023-08-11T21:39:39","modified_gmt":"2023-08-11T19:39:39","slug":"les-tiques","status":"publish","type":"page","link":"https:\/\/houssiere.eu\/index.php\/sante\/les-tiques\/","title":{"rendered":"Les tiques"},"content":{"rendered":"<p lang=\"fr-BE\"><span style=\"color: #000000;\"><span style=\"font-family: Times New Roman,serif;\">Nous avons tous vu les divers reportages \u00e0 la t\u00e9l\u00e9 sur les piq\u00fbres de tiques et les s\u00e9quelles de la maladie de Lyme. Comment se pr\u00e9munir\u00a0? Que faire en cas de souci\u00a0?<\/span><\/span><\/p>\n<p lang=\"fr-BE\"><span style=\"color: #000000;\"><span style=\"font-family: Times New Roman,serif;\">Il ne faut pas dramatiser, mais il faut \u00eatre conscient des soucis possibles, d&rsquo;o\u00f9 l&rsquo;information qui vous est apport\u00e9e dans les lignes qui suivent\u00a0!<\/span><\/span><\/p>\n<p lang=\"fr-BE\"><span style=\"color: #000000;\"><span style=\"font-family: Times New Roman,serif;\">Ces bestioles ne sont tr\u00e8s actives que d&rsquo;avril \u00e0 septembre et surtout d\u00e8s que la temp\u00e9rature est sup\u00e9rieure \u00e0 12\u00b0. Elles se trouvent un peu partout dans la nature. Donc dans vos jardins, donc dans le bois et souvent pr\u00e8s d&rsquo;un point d&rsquo;eau. Si l&rsquo;hiver est cl\u00e9ment, elles sont plus nombreuses. Si la moisson est bonne, elles seront plus nombreuses \u00e0 porter les germes de la maladie de Lyme. En effet, c&rsquo;est en piquant des souris, pour se nourrir de leur sang, que les tiques se mettent en contact avec la borr\u00e9liose, bact\u00e9rie qui est \u00e0 l&rsquo;origine de la maladie de Lyme et qui est port\u00e9e par la souris. Normalement, les tiques ne sont pas porteuses de cette bact\u00e9rie. Une piq\u00fbre de tique n&rsquo;entra\u00eene pas n\u00e9cessairement la maladie de Lyme, loin s&rsquo;en faut (1 sur 100!).<\/span><\/span><\/p>\n<h2 lang=\"fr-BE\"><span style=\"color: #000000;\"><span style=\"font-family: Times New Roman,serif;\"><b>Comment se pr\u00e9munir des tiques?<br \/>\n<\/b><\/span><\/span><\/h2>\n<p lang=\"fr-BE\"><span style=\"color: #000000;\"><span style=\"font-family: Times New Roman,serif;\">Si vous joggez en for\u00eat, en restant sur les chemins, loin des hautes herbes\u00a0: il n&rsquo;y a pas de souci\u00a0! C&rsquo;est aussi pour \u00e7a que nous sommes plusieurs dans le club \u00e0 \u00ab\u00a0\u00e9laguer\u00a0\u00bb les chemins pendant notre jogging. Quelques coups de b\u00e2ton sur les ronces, orties et autres v\u00e9g\u00e9taux qui viennent envahir nos sentiers non entretenus sont salutaires pour tous les utilisateurs de ces chemins. Qui fera une \u00e9tude pour savoir si la mode des fauchages tardifs a une influence sur la recrudescence des parasites\u00a0?<\/span><\/span><\/p>\n<p lang=\"fr-BE\"><span style=\"color: #000000;\"><span style=\"font-family: Times New Roman,serif;\">Les tiques ne tombent pas des arbres et restent dans la v\u00e9g\u00e9tation basse, plus humide. M\u00eame si, \u00e0 leur \u00e9chelle, elles sont capables de sacr\u00e9s bonds, elles ne sautent pas tr\u00e8s haut. Une fois accroch\u00e9es (\u00e0 un v\u00eatement, \u00e0 la peau), elles \u00ab\u00a0voyagent\u00a0\u00bb sur votre corps pour trouver un endroit \u00e0 piquer\u00a0! Ce d\u00e9lai est \u00e0 mettre \u00e0 profit.<\/span><\/span><\/p>\n<div id=\"attachment_1089\" style=\"width: 970px\" class=\"wp-caption aligncenter\"><img loading=\"lazy\" decoding=\"async\" aria-describedby=\"caption-attachment-1089\" class=\"size-full wp-image-1089\" src=\"http:\/\/houssiere.eu\/wp-content\/uploads\/2018\/06\/piqure.jpg\" alt=\"\" width=\"960\" height=\"720\" srcset=\"https:\/\/houssiere.eu\/wp-content\/uploads\/2018\/06\/piqure.jpg 960w, https:\/\/houssiere.eu\/wp-content\/uploads\/2018\/06\/piqure-300x225.jpg 300w, https:\/\/houssiere.eu\/wp-content\/uploads\/2018\/06\/piqure-768x576.jpg 768w, https:\/\/houssiere.eu\/wp-content\/uploads\/2018\/06\/piqure-400x300.jpg 400w\" sizes=\"auto, (max-width: 960px) 100vw, 960px\" \/><p id=\"caption-attachment-1089\" class=\"wp-caption-text\">Soyez attentifs!<\/p><\/div>\n<p lang=\"fr-BE\"><span style=\"color: #000000;\"><span style=\"font-family: Times New Roman,serif;\">L&rsquo;id\u00e9al est de ne pas se faire piquer. Portez des v\u00eatements blancs ou clairs : on voit beaucoup mieux les bestioles qui y circulent! Utilisez un insecticide r\u00e9pulsif, la\u00a0 <a href=\"https:\/\/fr.wikipedia.org\/wiki\/Perm%C3%A9thrine\" target=\"_blank\" rel=\"noopener\">perm\u00e9thrine<\/a> \u00e0 5% (spray) \u00e0 vaporiser sur vos v\u00eatements: le produit r\u00e9siste \u00e0 plusieurs lavages, donc inutile de renouveler \u00e0 chaque fois! Vu cette particularit\u00e9, il faut \u00e9viter d&rsquo;en mettre sur soi, m\u00eame si ce produit est bien tol\u00e9r\u00e9 par la peau et est rapidement m\u00e9tabolis\u00e9 par le foie : il est consid\u00e9r\u00e9 comme essentiel par l&rsquo;OMS dans la lutte contre les moustiques et les tiques, vecteurs de maladies graves ! Enduisez vos v\u00eatements avant de les mettre et privil\u00e9giez le DEET sur votre peau (qui lui part \u00e0 la savonn\u00e9e).<\/span><\/span><\/p>\n<p lang=\"fr-BE\"><span style=\"color: #000000;\"><span style=\"font-family: Times New Roman,serif;\">La perm\u00e9thrine est \u00e9galement efficace (outre vis-\u00e0-vis des moustiques et des tiques) contre les mouches, gu\u00eapes et frelons, voire les araign\u00e9es! N&rsquo;h\u00e9sitez pas \u00e0 en enduire aussi vos moustiquaires.<\/span><\/span><\/p>\n<p lang=\"fr-BE\"><span style=\"color: #000000;\"><span style=\"font-family: Times New Roman,serif;\">Ce produit n&rsquo;est pas en vente en Belgique et se commande sur internet. Derni\u00e8re remarque concernant la perm\u00e9thrine: elle est tr\u00e8s toxique pour les chats!<\/span><\/span><\/p>\n<p lang=\"fr-BE\"><span style=\"color: #000000;\"><span style=\"font-family: Times New Roman,serif;\">Le DEET (NN-di\u00e9thyl-3-m\u00e9thylbenzamide) 30%-50% est alors \u00e0 vaporiser sur la peau expos\u00e9e de mani\u00e8re \u00e0 repousser \u00e9galement l&rsquo;insecte. Il faut asperger les parties expos\u00e9es de la peau, jambes, bras, nuque, mais \u00e9vitez tant votre visage que vos muqueuses et lavez vos mains apr\u00e8s l&rsquo;application. Le DEET est tr\u00e8s efficace mais n&rsquo;est pas un produit sympa : inspectez-vous et savonnez-vous d\u00e8s que vous \u00eates \u00e0 nouveau \u00e0 l\u2019int\u00e9rieur (le DEET est insoluble dans l&rsquo;eau, il faut d\u00e8s lors du savon).<br \/>\n<\/span><\/span><\/p>\n<h2 lang=\"fr-BE\"><span style=\"color: #000000;\"><span style=\"font-family: Times New Roman,serif;\"><b>Cure si piq\u00fbre<\/b><\/span><\/span><\/h2>\n<p lang=\"fr-BE\"><span style=\"color: #000000;\"><span style=\"font-family: Times New Roman,serif;\">Si un insecte assez plat de moins de 3 \u00e0 8 mm, avec un rostre (sorte de bec) et un abdomen un peu rouge se pose sur votre v\u00eatement : &lsquo;sbrotchez-le&rsquo; car c&rsquo;est une tique. Avec un objet, pas avec <img loading=\"lazy\" decoding=\"async\" class=\"alignleft wp-image-421 size-thumbnail\" src=\"http:\/\/houssiere.eu\/wp-content\/uploads\/2017\/08\/minitique2-150x150.jpg\" alt=\"\" width=\"150\" height=\"150\" \/>vos doigts (elle survivrait!). Si elle vous pique (seules les femelles piquent) elle devient plus visible, <u>il faut la retirer<\/u> (car elle s&rsquo;implante dans la peau en laissant son abdomen dehors pour se gorger de sang) <u>avec une pince sp\u00e9ciale de pr\u00e9f\u00e9rence,<\/u> qui permet d&rsquo;\u00e9viter d&rsquo;\u00e9craser l&rsquo;abdomen et d&rsquo;ainsi la faire r\u00e9gurgiter ces fameuses bact\u00e9ries dans votre organisme. Une force constante, sans saccade ni rotation.<\/span><\/span><\/p>\n<p lang=\"fr-BE\"><img loading=\"lazy\" decoding=\"async\" class=\"wp-image-419 size-thumbnail alignright\" src=\"http:\/\/houssiere.eu\/wp-content\/uploads\/2017\/08\/minitique1-150x150.jpg\" alt=\"\" width=\"150\" height=\"150\" \/><\/p>\n<p lang=\"fr-BE\"><span style=\"color: #000000;\"><span style=\"font-family: Times New Roman,serif;\">Donc on ne tape pas dessus si elle est dedans (c&rsquo;est clair?) ! Il faut la retirer enti\u00e8re ! Mais pour bien s&rsquo;implanter, il lui faut quelques heures, donc la douche juste apr\u00e8s le jogging en observant bien sa peau lorsque l&rsquo;on s&rsquo;essuie, \u00e9limine en grande partie les probl\u00e8mes !<\/span><\/span><\/p>\n<p lang=\"fr-BE\"><span style=\"color: #000000;\"><span style=\"font-family: Times New Roman,serif;\">Si vous avez \u00e9t\u00e9 piqu\u00e9, notez le jour et l&rsquo;heure, faites une photo de la zone de votre peau atteinte et v\u00e9rifiez r\u00e9guli\u00e8rement cette zone. Il y a peu de chance pour que cela tourne mal, mais il faut \u00eatre attentif\u00a0!<\/span><\/span><\/p>\n<p lang=\"fr-BE\"><span style=\"color: #000000;\"><span style=\"font-family: Times New Roman,serif;\">Si vous voyez des rougeurs en forme de cible appara\u00eetre, l\u00e0 on ne rigole plus\u00a0: on va chez le m\u00e9decin, de pr\u00e9f\u00e9rence sp\u00e9cialis\u00e9 dans la maladie de Lyme. Montrez la photo que vous aurez faite de cet \u00e9ryth\u00e8me et expliquez-<img loading=\"lazy\" decoding=\"async\" class=\"alignleft wp-image-420 size-thumbnail\" src=\"http:\/\/houssiere.eu\/wp-content\/uploads\/2017\/08\/minipiquere-150x150.jpg\" alt=\"\" width=\"150\" height=\"150\" \/>en l&rsquo;origine. Les antibiotiques vont aider, mais le processus est souvent long\u00a0! L\u00e0 aussi, l&rsquo;adage \u00ab\u00a0Mieux vaut pr\u00e9venir que gu\u00e9rir\u00a0\u00bb est d&rsquo;application\u00a0! C&rsquo;est aussi le but de cet article\u00a0! Quel club formidable\u00a0!<\/span><\/span><\/p>\n<p lang=\"fr-BE\"><span style=\"color: #000000;\"><span style=\"font-family: Times New Roman,serif;\">Personnellement, toutes les personnes de mes connaissances qui sont atteintes de la maladie de Lyme , ont \u00e9t\u00e9 piqu\u00e9es dans leur jardin. Rassurons-nous de mani\u00e8re illusoire peut-\u00eatre en se disant qu&rsquo;on va trop vite en joggant . <\/span><\/span><\/p>\n<p lang=\"fr-BE\"><span style=\"color: #000000;\"><span style=\"font-family: Times New Roman,serif;\">Soyons cependant raisonnables\u00a0: il y a peu de chance d&rsquo;avoir des soucis. Mais notre \u00e9thique (!) c&rsquo;est de vous informer\u00a0!!<\/span><\/span><\/p>\n<p><span style=\"font-family: Times New Roman,serif;\"> J. Air<\/span><\/p>\n","protected":false},"excerpt":{"rendered":"<p>Nous avons tous vu les divers reportages \u00e0 la t\u00e9l\u00e9 sur les piq\u00fbres de tiques et les s\u00e9quelles de la maladie de Lyme. Comment se pr\u00e9munir\u00a0? Que faire en cas de souci\u00a0? Il ne faut pas dramatiser, mais il faut &hellip; <a href=\"https:\/\/houssiere.eu\/index.php\/sante\/les-tiques\/\">Continuer la lecture <span class=\"meta-nav\">&rarr;<\/span><\/a><\/p>\n","protected":false},"author":1,"featured_media":0,"parent":203,"menu_order":2,"comment_status":"closed","ping_status":"closed","template":"","meta":{"jetpack_post_was_ever_published":false,"footnotes":""},"class_list":["post-418","page","type-page","status-publish","hentry"],"jetpack_sharing_enabled":true,"jetpack_shortlink":"https:\/\/wp.me\/P8shbt-6K","_links":{"self":[{"href":"https:\/\/houssiere.eu\/index.php\/wp-json\/wp\/v2\/pages\/418","targetHints":{"allow":["GET"]}}],"collection":[{"href":"https:\/\/houssiere.eu\/index.php\/wp-json\/wp\/v2\/pages"}],"about":[{"href":"https:\/\/houssiere.eu\/index.php\/wp-json\/wp\/v2\/types\/page"}],"author":[{"embeddable":true,"href":"https:\/\/houssiere.eu\/index.php\/wp-json\/wp\/v2\/users\/1"}],"replies":[{"embeddable":true,"href":"https:\/\/houssiere.eu\/index.php\/wp-json\/wp\/v2\/comments?post=418"}],"version-history":[{"count":5,"href":"https:\/\/houssiere.eu\/index.php\/wp-json\/wp\/v2\/pages\/418\/revisions"}],"predecessor-version":[{"id":5146,"href":"https:\/\/houssiere.eu\/index.php\/wp-json\/wp\/v2\/pages\/418\/revisions\/5146"}],"up":[{"embeddable":true,"href":"https:\/\/houssiere.eu\/index.php\/wp-json\/wp\/v2\/pages\/203"}],"wp:attachment":[{"href":"https:\/\/houssiere.eu\/index.php\/wp-json\/wp\/v2\/media?parent=418"}],"curies":[{"name":"wp","href":"https:\/\/api.w.org\/{rel}","templated":true}]}}