{"id":42,"date":"2017-03-07T08:50:13","date_gmt":"2017-03-07T07:50:13","guid":{"rendered":"http:\/\/houssiere.eu\/?page_id=42"},"modified":"2026-03-27T11:20:13","modified_gmt":"2026-03-27T10:20:13","slug":"contact","status":"publish","type":"page","link":"https:\/\/houssiere.eu\/index.php\/contact\/","title":{"rendered":"Contact"},"content":{"rendered":"<h2>Vous souhaitez vous joindre \u00e0 nous?<\/h2>\n<p>Venez \u00e0 l&rsquo;un de nos rendez-vous d&rsquo;entra\u00eenement (voir la rubrique \u00ab\u00a0Pr\u00e9sentation\u00a0\u00bb) avec votre tenue de sport, vous participez imm\u00e9diatement (et gratuitement) \u00e0 la d\u00e9couverte du bois! Quoi de plus simple et sympa&#8230;<\/p>\n<p><img loading=\"lazy\" decoding=\"async\" class=\"aligncenter size-full wp-image-998\" src=\"http:\/\/houssiere.eu\/wp-content\/uploads\/2018\/04\/bois-jacinthes04moyen.jpg\" alt=\"\" width=\"800\" height=\"376\" srcset=\"https:\/\/houssiere.eu\/wp-content\/uploads\/2018\/04\/bois-jacinthes04moyen.jpg 800w, https:\/\/houssiere.eu\/wp-content\/uploads\/2018\/04\/bois-jacinthes04moyen-300x141.jpg 300w, https:\/\/houssiere.eu\/wp-content\/uploads\/2018\/04\/bois-jacinthes04moyen-768x361.jpg 768w, https:\/\/houssiere.eu\/wp-content\/uploads\/2018\/04\/bois-jacinthes04moyen-500x235.jpg 500w\" sizes=\"auto, (max-width: 800px) 100vw, 800px\" \/><\/p>\n<h2>Contactez-nous<\/h2>\n<p>Si vous souhaitez vous inscrire officiellement (une cotisation par ann\u00e9e civile) vous pouvez<strong><span style=\"color: #800000;\"> t\u00e9l\u00e9charger notre fiche d&rsquo;inscription 2026 <a href=\"https:\/\/houssiere.eu\/wp-content\/uploads\/2026\/03\/fiche-inscription-20260327.pdf\" target=\"_blank\" rel=\"noopener\">ICI<\/a>\u00a0 <\/span><\/strong>et b\u00e9n\u00e9ficier ainsi des services du club (coach, v\u00eatements, assurance).<\/p>\n<p>Pour poser des questions (et recevoir une r\u00e9ponse!) utilisez les adresses courrielles qui figurent sur cette fiche ou \u00e0 jacquesAROBASEhoussiere.eu.\u00a0 Au plaisir de vous lire!<\/p>\n<p>Des renseignements peuvent \u00eatre obtenus aupr\u00e8s de Didier Renard, pr\u00e9sident du HAC, au 0475 51 17 03.<\/p>\n<p>Suivez-nous aussi sur Facebook:\u00a0<a href=\"https:\/\/www.facebook.com\/groups\/1651511455112666\" target=\"_blank\" rel=\"noopener\">Houssi\u00e8re AC<\/a><\/p>\n<p>&nbsp;<\/p>\n","protected":false},"excerpt":{"rendered":"<p>Vous souhaitez vous joindre \u00e0 nous? Venez \u00e0 l&rsquo;un de nos rendez-vous d&rsquo;entra\u00eenement (voir la rubrique \u00ab\u00a0Pr\u00e9sentation\u00a0\u00bb) avec votre tenue de sport, vous participez imm\u00e9diatement (et gratuitement) \u00e0 la d\u00e9couverte du bois! Quoi de plus simple et sympa&#8230; Contactez-nous Si &hellip; <a href=\"https:\/\/houssiere.eu\/index.php\/contact\/\">Continuer la lecture <span class=\"meta-nav\">&rarr;<\/span><\/a><\/p>\n","protected":false},"author":1,"featured_media":0,"parent":0,"menu_order":0,"comment_status":"closed","ping_status":"closed","template":"","meta":{"footnotes":""},"class_list":["post-42","page","type-page","status-publish","hentry"],"jetpack_sharing_enabled":true,"jetpack_shortlink":"https:\/\/wp.me\/P8shbt-G","_links":{"self":[{"href":"https:\/\/houssiere.eu\/index.php\/wp-json\/wp\/v2\/pages\/42","targetHints":{"allow":["GET"]}}],"collection":[{"href":"https:\/\/houssiere.eu\/index.php\/wp-json\/wp\/v2\/pages"}],"about":[{"href":"https:\/\/houssiere.eu\/index.php\/wp-json\/wp\/v2\/types\/page"}],"author":[{"embeddable":true,"href":"https:\/\/houssiere.eu\/index.php\/wp-json\/wp\/v2\/users\/1"}],"replies":[{"embeddable":true,"href":"https:\/\/houssiere.eu\/index.php\/wp-json\/wp\/v2\/comments?post=42"}],"version-history":[{"count":29,"href":"https:\/\/houssiere.eu\/index.php\/wp-json\/wp\/v2\/pages\/42\/revisions"}],"predecessor-version":[{"id":7663,"href":"https:\/\/houssiere.eu\/index.php\/wp-json\/wp\/v2\/pages\/42\/revisions\/7663"}],"wp:attachment":[{"href":"https:\/\/houssiere.eu\/index.php\/wp-json\/wp\/v2\/media?parent=42"}],"curies":[{"name":"wp","href":"https:\/\/api.w.org\/{rel}","templated":true}]}}