{"id":4377,"date":"2022-10-30T17:41:14","date_gmt":"2022-10-30T16:41:14","guid":{"rendered":"https:\/\/houssiere.eu\/?page_id=4377"},"modified":"2022-11-01T21:35:52","modified_gmt":"2022-11-01T20:35:52","slug":"balade-de-zombies-2022","status":"publish","type":"page","link":"https:\/\/houssiere.eu\/index.php\/balade-de-zombies-2022\/","title":{"rendered":"Balade de Zombies 2022"},"content":{"rendered":"<p><span style=\"font-family: Times New Roman, serif;\">Le Houssi\u00e8re Athletic Club organisait sa seconde Balade de Zombies ce 29 octobre 2022, avec \u00e0 la clef un franc succ\u00e8s\u00a0\u00a0! Merci aux nombreux participants qui ont eu le courage de crapahuter dans le bois de la Houssi\u00e8re en pleine nuit et d\u2019affronter de sympathiques mais effrayants Zombies qui m\u00e9ritent tout autant un vibrant merci\u00a0!<\/span><\/p>\n<p><img loading=\"lazy\" decoding=\"async\" class=\"aligncenter size-large wp-image-4378\" src=\"https:\/\/houssiere.eu\/wp-content\/uploads\/2022\/10\/installation-dans-le-bois-1024x768.jpg\" alt=\"pr\u00e9paratifs hac zombies 2022\" width=\"584\" height=\"438\" srcset=\"https:\/\/houssiere.eu\/wp-content\/uploads\/2022\/10\/installation-dans-le-bois-1024x768.jpg 1024w, https:\/\/houssiere.eu\/wp-content\/uploads\/2022\/10\/installation-dans-le-bois-300x225.jpg 300w, https:\/\/houssiere.eu\/wp-content\/uploads\/2022\/10\/installation-dans-le-bois-768x576.jpg 768w, https:\/\/houssiere.eu\/wp-content\/uploads\/2022\/10\/installation-dans-le-bois-400x300.jpg 400w, https:\/\/houssiere.eu\/wp-content\/uploads\/2022\/10\/installation-dans-le-bois.jpg 1280w\" sizes=\"auto, (max-width: 584px) 100vw, 584px\" \/><\/p>\n<p><span style=\"font-family: Times New Roman, serif;\">Le vote des marcheurs a d\u00e9sign\u00e9 les laur\u00e9ats suivants dans les \u00e9quipes de Zombies\u00a0:<\/span><\/p>\n<table width=\"100%\" cellspacing=\"0\" cellpadding=\"2\">\n<tbody>\n<tr valign=\"top\">\n<td colspan=\"2\" width=\"50%\">\n<p align=\"center\"><span style=\"font-family: Times New Roman, serif;\">Balade familiale<\/span><\/p>\n<\/td>\n<td colspan=\"2\" width=\"50%\">\n<p align=\"center\"><span style=\"font-family: Times New Roman, serif;\">Balade effrayante<\/span><\/p>\n<\/td>\n<\/tr>\n<tr valign=\"top\">\n<td width=\"5%\">\n<p align=\"center\"><span style=\"font-family: Times New Roman, serif;\">1<\/span><\/p>\n<\/td>\n<td width=\"45%\"><span style=\"font-family: Times New Roman, serif;\">Les B\u00fbcherons (Z4)<\/span><\/td>\n<td width=\"6%\">\n<p align=\"center\"><span style=\"font-family: Times New Roman, serif;\">1<\/span><\/p>\n<\/td>\n<td width=\"44%\"><span style=\"font-family: Times New Roman, serif;\">Les B\u00fbcherons (Z4)<\/span><\/td>\n<\/tr>\n<tr valign=\"top\">\n<td width=\"5%\">\n<p align=\"center\"><span style=\"font-family: Times New Roman, serif;\">2<\/span><\/p>\n<\/td>\n<td width=\"45%\"><span style=\"font-family: Times New Roman, serif;\">La For\u00eat Enchant\u00e9e (Z9)<\/span><\/td>\n<td width=\"6%\">\n<p align=\"center\"><span style=\"font-family: Times New Roman, serif;\">2<\/span><\/p>\n<\/td>\n<td width=\"44%\"><span style=\"font-family: Times New Roman, serif;\">La Maison des Poup\u00e9es (Z5)<\/span><\/td>\n<\/tr>\n<tr valign=\"top\">\n<td width=\"5%\">\n<p align=\"center\"><span style=\"font-family: Times New Roman, serif;\">3<\/span><\/p>\n<\/td>\n<td width=\"45%\"><span style=\"font-family: Times New Roman, serif;\">La Maison des Poup\u00e9es (Z5)<\/span><\/td>\n<td width=\"6%\">\n<p align=\"center\"><span style=\"font-family: Times New Roman, serif;\">3<\/span><\/p>\n<\/td>\n<td width=\"44%\"><span style=\"font-family: Times New Roman, serif;\">Les Clowns (Z6)<\/span><\/td>\n<\/tr>\n<\/tbody>\n<\/table>\n<div id=\"attachment_4379\" style=\"width: 594px\" class=\"wp-caption aligncenter\"><img loading=\"lazy\" decoding=\"async\" aria-describedby=\"caption-attachment-4379\" class=\"wp-image-4379 size-large\" src=\"https:\/\/houssiere.eu\/wp-content\/uploads\/2022\/10\/le-groupe-des-bucherons-1024x768.jpg\" alt=\"\" width=\"584\" height=\"438\" srcset=\"https:\/\/houssiere.eu\/wp-content\/uploads\/2022\/10\/le-groupe-des-bucherons-1024x768.jpg 1024w, https:\/\/houssiere.eu\/wp-content\/uploads\/2022\/10\/le-groupe-des-bucherons-300x225.jpg 300w, https:\/\/houssiere.eu\/wp-content\/uploads\/2022\/10\/le-groupe-des-bucherons-768x576.jpg 768w, https:\/\/houssiere.eu\/wp-content\/uploads\/2022\/10\/le-groupe-des-bucherons-1536x1152.jpg 1536w, https:\/\/houssiere.eu\/wp-content\/uploads\/2022\/10\/le-groupe-des-bucherons-400x300.jpg 400w, https:\/\/houssiere.eu\/wp-content\/uploads\/2022\/10\/le-groupe-des-bucherons.jpg 2048w\" sizes=\"auto, (max-width: 584px) 100vw, 584px\" \/><p id=\"caption-attachment-4379\" class=\"wp-caption-text\">Le groupe des B\u00fbcherons, vainqueur du vote des participants!<\/p><\/div>\n<p><span style=\"font-family: Times New Roman, serif;\">Le HAC remercie \u00e9galement les nombreux b\u00e9n\u00e9voles qui ont permis cette organisation cons\u00e9quente sous la houlette de G\u00e9raldine Verstaen.<\/span><\/p>\n<p><img loading=\"lazy\" decoding=\"async\" class=\"aligncenter size-large wp-image-4380\" src=\"https:\/\/houssiere.eu\/wp-content\/uploads\/2022\/10\/marcheurs-et-zombies-1024x768.jpg\" alt=\"\" width=\"584\" height=\"438\" srcset=\"https:\/\/houssiere.eu\/wp-content\/uploads\/2022\/10\/marcheurs-et-zombies-1024x768.jpg 1024w, https:\/\/houssiere.eu\/wp-content\/uploads\/2022\/10\/marcheurs-et-zombies-300x225.jpg 300w, https:\/\/houssiere.eu\/wp-content\/uploads\/2022\/10\/marcheurs-et-zombies-768x576.jpg 768w, https:\/\/houssiere.eu\/wp-content\/uploads\/2022\/10\/marcheurs-et-zombies-400x300.jpg 400w, https:\/\/houssiere.eu\/wp-content\/uploads\/2022\/10\/marcheurs-et-zombies.jpg 1280w\" sizes=\"auto, (max-width: 584px) 100vw, 584px\" \/><\/p>\n<p><span style=\"font-family: Times New Roman, serif;\">Vous trouverez diff\u00e9rents liens vers des reportages photographiques et en voici quelques extraits\u00a0!<\/span><\/p>\n<p><img loading=\"lazy\" decoding=\"async\" class=\"aligncenter size-large wp-image-4381\" src=\"https:\/\/houssiere.eu\/wp-content\/uploads\/2022\/10\/accueil-des-survivants-575x1024.jpg\" alt=\"\" width=\"575\" height=\"1024\" srcset=\"https:\/\/houssiere.eu\/wp-content\/uploads\/2022\/10\/accueil-des-survivants-575x1024.jpg 575w, https:\/\/houssiere.eu\/wp-content\/uploads\/2022\/10\/accueil-des-survivants-169x300.jpg 169w, https:\/\/houssiere.eu\/wp-content\/uploads\/2022\/10\/accueil-des-survivants-768x1367.jpg 768w, https:\/\/houssiere.eu\/wp-content\/uploads\/2022\/10\/accueil-des-survivants-863x1536.jpg 863w, https:\/\/houssiere.eu\/wp-content\/uploads\/2022\/10\/accueil-des-survivants-1151x2048.jpg 1151w, https:\/\/houssiere.eu\/wp-content\/uploads\/2022\/10\/accueil-des-survivants-scaled.jpg 1438w\" sizes=\"auto, (max-width: 575px) 100vw, 575px\" \/> <img loading=\"lazy\" decoding=\"async\" class=\"aligncenter size-large wp-image-4382\" src=\"https:\/\/houssiere.eu\/wp-content\/uploads\/2022\/10\/accueil-768x1024.jpg\" alt=\"\" width=\"584\" height=\"779\" srcset=\"https:\/\/houssiere.eu\/wp-content\/uploads\/2022\/10\/accueil-768x1024.jpg 768w, https:\/\/houssiere.eu\/wp-content\/uploads\/2022\/10\/accueil-225x300.jpg 225w, https:\/\/houssiere.eu\/wp-content\/uploads\/2022\/10\/accueil.jpg 960w\" sizes=\"auto, (max-width: 584px) 100vw, 584px\" \/> <img loading=\"lazy\" decoding=\"async\" class=\"aligncenter size-large wp-image-4383\" src=\"https:\/\/houssiere.eu\/wp-content\/uploads\/2022\/10\/avant-scene-1024x768.jpg\" alt=\"\" width=\"584\" height=\"438\" srcset=\"https:\/\/houssiere.eu\/wp-content\/uploads\/2022\/10\/avant-scene-1024x768.jpg 1024w, https:\/\/houssiere.eu\/wp-content\/uploads\/2022\/10\/avant-scene-300x225.jpg 300w, https:\/\/houssiere.eu\/wp-content\/uploads\/2022\/10\/avant-scene-768x576.jpg 768w, https:\/\/houssiere.eu\/wp-content\/uploads\/2022\/10\/avant-scene-1536x1152.jpg 1536w, https:\/\/houssiere.eu\/wp-content\/uploads\/2022\/10\/avant-scene-400x300.jpg 400w, https:\/\/houssiere.eu\/wp-content\/uploads\/2022\/10\/avant-scene.jpg 1920w\" sizes=\"auto, (max-width: 584px) 100vw, 584px\" \/> <img loading=\"lazy\" decoding=\"async\" class=\"aligncenter size-large wp-image-4384\" src=\"https:\/\/houssiere.eu\/wp-content\/uploads\/2022\/10\/breafig-de-zombies-1024x768.jpg\" alt=\"\" width=\"584\" height=\"438\" srcset=\"https:\/\/houssiere.eu\/wp-content\/uploads\/2022\/10\/breafig-de-zombies-1024x768.jpg 1024w, https:\/\/houssiere.eu\/wp-content\/uploads\/2022\/10\/breafig-de-zombies-300x225.jpg 300w, https:\/\/houssiere.eu\/wp-content\/uploads\/2022\/10\/breafig-de-zombies-768x576.jpg 768w, https:\/\/houssiere.eu\/wp-content\/uploads\/2022\/10\/breafig-de-zombies-400x300.jpg 400w, https:\/\/houssiere.eu\/wp-content\/uploads\/2022\/10\/breafig-de-zombies.jpg 1280w\" sizes=\"auto, (max-width: 584px) 100vw, 584px\" \/> <img loading=\"lazy\" decoding=\"async\" class=\"aligncenter size-large wp-image-4385\" src=\"https:\/\/houssiere.eu\/wp-content\/uploads\/2022\/10\/deguisement-1024x768.jpg\" alt=\"\" width=\"584\" height=\"438\" srcset=\"https:\/\/houssiere.eu\/wp-content\/uploads\/2022\/10\/deguisement-1024x768.jpg 1024w, https:\/\/houssiere.eu\/wp-content\/uploads\/2022\/10\/deguisement-300x225.jpg 300w, https:\/\/houssiere.eu\/wp-content\/uploads\/2022\/10\/deguisement-768x576.jpg 768w, https:\/\/houssiere.eu\/wp-content\/uploads\/2022\/10\/deguisement-400x300.jpg 400w, https:\/\/houssiere.eu\/wp-content\/uploads\/2022\/10\/deguisement.jpg 1280w\" sizes=\"auto, (max-width: 584px) 100vw, 584px\" \/> <img loading=\"lazy\" decoding=\"async\" class=\"aligncenter size-large wp-image-4386\" src=\"https:\/\/houssiere.eu\/wp-content\/uploads\/2022\/10\/enterrement.jpg\" alt=\"\" width=\"584\" height=\"779\" srcset=\"https:\/\/houssiere.eu\/wp-content\/uploads\/2022\/10\/enterrement.jpg 768w, https:\/\/houssiere.eu\/wp-content\/uploads\/2022\/10\/enterrement-225x300.jpg 225w\" sizes=\"auto, (max-width: 584px) 100vw, 584px\" \/> <img loading=\"lazy\" decoding=\"async\" class=\"aligncenter size-large wp-image-4387\" src=\"https:\/\/houssiere.eu\/wp-content\/uploads\/2022\/10\/groupe-avant-depart-1024x568.jpg\" alt=\"\" width=\"584\" height=\"324\" srcset=\"https:\/\/houssiere.eu\/wp-content\/uploads\/2022\/10\/groupe-avant-depart-1024x568.jpg 1024w, https:\/\/houssiere.eu\/wp-content\/uploads\/2022\/10\/groupe-avant-depart-300x167.jpg 300w, https:\/\/houssiere.eu\/wp-content\/uploads\/2022\/10\/groupe-avant-depart-768x426.jpg 768w, https:\/\/houssiere.eu\/wp-content\/uploads\/2022\/10\/groupe-avant-depart-500x278.jpg 500w, https:\/\/houssiere.eu\/wp-content\/uploads\/2022\/10\/groupe-avant-depart.jpg 1162w\" sizes=\"auto, (max-width: 584px) 100vw, 584px\" \/> <img loading=\"lazy\" decoding=\"async\" class=\"aligncenter size-large wp-image-4388\" src=\"https:\/\/houssiere.eu\/wp-content\/uploads\/2022\/10\/les-clowns-1024x768.jpg\" alt=\"\" width=\"584\" height=\"438\" srcset=\"https:\/\/houssiere.eu\/wp-content\/uploads\/2022\/10\/les-clowns-1024x768.jpg 1024w, https:\/\/houssiere.eu\/wp-content\/uploads\/2022\/10\/les-clowns-300x225.jpg 300w, https:\/\/houssiere.eu\/wp-content\/uploads\/2022\/10\/les-clowns-768x576.jpg 768w, https:\/\/houssiere.eu\/wp-content\/uploads\/2022\/10\/les-clowns-400x300.jpg 400w, https:\/\/houssiere.eu\/wp-content\/uploads\/2022\/10\/les-clowns.jpg 1280w\" sizes=\"auto, (max-width: 584px) 100vw, 584px\" \/> <img loading=\"lazy\" decoding=\"async\" class=\"aligncenter size-large wp-image-4389\" src=\"https:\/\/houssiere.eu\/wp-content\/uploads\/2022\/10\/maquillage-768x1024.jpg\" alt=\"\" width=\"584\" height=\"779\" srcset=\"https:\/\/houssiere.eu\/wp-content\/uploads\/2022\/10\/maquillage-768x1024.jpg 768w, https:\/\/houssiere.eu\/wp-content\/uploads\/2022\/10\/maquillage-225x300.jpg 225w, https:\/\/houssiere.eu\/wp-content\/uploads\/2022\/10\/maquillage.jpg 960w\" sizes=\"auto, (max-width: 584px) 100vw, 584px\" \/> <img loading=\"lazy\" decoding=\"async\" class=\"aligncenter size-large wp-image-4390\" src=\"https:\/\/houssiere.eu\/wp-content\/uploads\/2022\/10\/prepa-des-zombies-1024x768.jpg\" alt=\"\" width=\"584\" height=\"438\" srcset=\"https:\/\/houssiere.eu\/wp-content\/uploads\/2022\/10\/prepa-des-zombies-1024x768.jpg 1024w, https:\/\/houssiere.eu\/wp-content\/uploads\/2022\/10\/prepa-des-zombies-300x225.jpg 300w, https:\/\/houssiere.eu\/wp-content\/uploads\/2022\/10\/prepa-des-zombies-768x576.jpg 768w, https:\/\/houssiere.eu\/wp-content\/uploads\/2022\/10\/prepa-des-zombies-1536x1152.jpg 1536w, https:\/\/houssiere.eu\/wp-content\/uploads\/2022\/10\/prepa-des-zombies-400x300.jpg 400w, https:\/\/houssiere.eu\/wp-content\/uploads\/2022\/10\/prepa-des-zombies.jpg 2048w\" sizes=\"auto, (max-width: 584px) 100vw, 584px\" \/> <img loading=\"lazy\" decoding=\"async\" class=\"aligncenter size-large wp-image-4391\" src=\"https:\/\/houssiere.eu\/wp-content\/uploads\/2022\/10\/sorciere.jpg\" alt=\"\" width=\"517\" height=\"775\" srcset=\"https:\/\/houssiere.eu\/wp-content\/uploads\/2022\/10\/sorciere.jpg 517w, https:\/\/houssiere.eu\/wp-content\/uploads\/2022\/10\/sorciere-200x300.jpg 200w\" sizes=\"auto, (max-width: 517px) 100vw, 517px\" \/><\/p>\n<p><span style=\"font-family: Times New Roman, serif;\">Photos de St\u00e9phane\u00a0: <a href=\"https:\/\/photos.app.goo.gl\/2Yi2hd9NF7jRx6wMA\">ici<\/a><\/span><\/p>\n<p><span style=\"font-family: Times New Roman, serif;\">Photos de G\u00e9rald : <a href=\"https:\/\/photos.app.goo.gl\/dxFUNpsQ8hdBBKMX9\">ici<\/a><br \/>\n<\/span><\/p>\n<p><span style=\"font-family: Times New Roman, serif;\">Photos de Danielle : <a href=\"https:\/\/photos.app.goo.gl\/dEvSR5RGFMGxxmHV6\">ici<\/a><br \/>\n<\/span><\/p>\n<p><span style=\"font-family: Times New Roman, serif;\">Merci \u00e0 tous et \u00e0 l\u2019ann\u00e9e prochaine\u00a0!<\/span><\/p>\n<p><span style=\"font-family: Times New Roman, serif;\">N\u2019h\u00e9sitez pas \u00e0 partager nos articles \u00e0 l\u2019aide des boutons ci-dessous (le + donne acc\u00e8s \u00e0 de nombreux m\u00e9dias sociaux).<\/span><\/p>\n","protected":false},"excerpt":{"rendered":"<p>Le Houssi\u00e8re Athletic Club organisait sa seconde Balade de Zombies ce 29 octobre 2022, avec \u00e0 la clef un franc succ\u00e8s\u00a0\u00a0! Merci aux nombreux participants qui ont eu le courage de crapahuter dans le bois de la Houssi\u00e8re en pleine &hellip; <a href=\"https:\/\/houssiere.eu\/index.php\/balade-de-zombies-2022\/\">Continuer la lecture <span class=\"meta-nav\">&rarr;<\/span><\/a><\/p>\n","protected":false},"author":1,"featured_media":0,"parent":0,"menu_order":0,"comment_status":"closed","ping_status":"closed","template":"","meta":{"jetpack_post_was_ever_published":false,"footnotes":""},"class_list":["post-4377","page","type-page","status-publish","hentry"],"jetpack_sharing_enabled":true,"jetpack_shortlink":"https:\/\/wp.me\/P8shbt-18B","_links":{"self":[{"href":"https:\/\/houssiere.eu\/index.php\/wp-json\/wp\/v2\/pages\/4377","targetHints":{"allow":["GET"]}}],"collection":[{"href":"https:\/\/houssiere.eu\/index.php\/wp-json\/wp\/v2\/pages"}],"about":[{"href":"https:\/\/houssiere.eu\/index.php\/wp-json\/wp\/v2\/types\/page"}],"author":[{"embeddable":true,"href":"https:\/\/houssiere.eu\/index.php\/wp-json\/wp\/v2\/users\/1"}],"replies":[{"embeddable":true,"href":"https:\/\/houssiere.eu\/index.php\/wp-json\/wp\/v2\/comments?post=4377"}],"version-history":[{"count":3,"href":"https:\/\/houssiere.eu\/index.php\/wp-json\/wp\/v2\/pages\/4377\/revisions"}],"predecessor-version":[{"id":4402,"href":"https:\/\/houssiere.eu\/index.php\/wp-json\/wp\/v2\/pages\/4377\/revisions\/4402"}],"wp:attachment":[{"href":"https:\/\/houssiere.eu\/index.php\/wp-json\/wp\/v2\/media?parent=4377"}],"curies":[{"name":"wp","href":"https:\/\/api.w.org\/{rel}","templated":true}]}}