{"id":4944,"date":"2023-06-11T15:52:03","date_gmt":"2023-06-11T13:52:03","guid":{"rendered":"https:\/\/houssiere.eu\/?page_id=4944"},"modified":"2023-08-23T09:37:43","modified_gmt":"2023-08-23T07:37:43","slug":"thoracique-de-la-houssiere-2023","status":"publish","type":"page","link":"https:\/\/houssiere.eu\/index.php\/thoracique-de-la-houssiere-2023\/","title":{"rendered":"Thoracique de la Houssi\u00e8re 2023"},"content":{"rendered":"<p><span style=\"font-family: Times New Roman, serif;\">Merci aux 382 vaillants coureurs du 12,4 km qui ont affront\u00e9 la canicule : ce 10 juin 2023 \u00e9tait tr\u00e8s chaud avec 32\u00b0 hors du bois, cela laissait encore beaucoup de degr\u00e9s dans le bois, m\u00eame si le couvert v\u00e9g\u00e9tal a prot\u00e9g\u00e9 les coureurs ! Les r\u00e9sultats sont disponibles sur le site de chronorace (<a href=\"https:\/\/prod.chronorace.be\/Classements\/Classement.aspx?eventId=2141212995753571&amp;mode=large&amp;IdClassement=23391\" target=\"_blank\" rel=\"noopener\">ICI<\/a> ) . Sur le 6,6 km, vous \u00e9tiez 127 arrivants, affrontant les m\u00eame conditions atmosph\u00e9riques ! Notre course foresti\u00e8re int\u00e9grait cette ann\u00e9e le Challenge Delhalle et les r\u00e9sultats du Challenge sont \u00e9galement disponibles sur le site de chronorace (<a href=\"https:\/\/prod.chronorace.be\/Classements\/Classement.aspx?eventId=2141212995753571&amp;mode=large&amp;IdClassement=23390\" target=\"_blank\" rel=\"noopener\">ICI<\/a> \u00a0) . 509 fois merci, donc!<br \/>\n<\/span><\/p>\n<p><img loading=\"lazy\" decoding=\"async\" class=\"aligncenter size-large wp-image-4945\" src=\"https:\/\/houssiere.eu\/wp-content\/uploads\/2023\/06\/avant-le-depart-1024x768.jpg\" alt=\"\" width=\"584\" height=\"438\" srcset=\"https:\/\/houssiere.eu\/wp-content\/uploads\/2023\/06\/avant-le-depart-1024x768.jpg 1024w, https:\/\/houssiere.eu\/wp-content\/uploads\/2023\/06\/avant-le-depart-300x225.jpg 300w, https:\/\/houssiere.eu\/wp-content\/uploads\/2023\/06\/avant-le-depart-768x576.jpg 768w, https:\/\/houssiere.eu\/wp-content\/uploads\/2023\/06\/avant-le-depart-400x300.jpg 400w, https:\/\/houssiere.eu\/wp-content\/uploads\/2023\/06\/avant-le-depart.jpg 1280w\" sizes=\"auto, (max-width: 584px) 100vw, 584px\" \/><\/p>\n<p><span style=\"font-family: Times New Roman, serif;\">Vous trouverez sur cette page des liens vers les photos du jour tr\u00e8s bient\u00f4t\u00a0! Voici d\u00e9j\u00e0 quelques souvenirs&#8230;<\/span><\/p>\n<p>Merci \u00e0 Danielle pour son reportage \u00e0 voir\u00a0<a href=\"https:\/\/flic.kr\/s\/aHBqjAHiqE\" target=\"_blank\" rel=\"noopener\">ICI<\/a>\u00a0 .<\/p>\n<p>Merci \u00e0 Brigitte pour son reportage \u00e0 l&rsquo;arriv\u00e9e \u00e0 voir <a href=\"https:\/\/www.flickr.com\/photos\/198518721@N02\/albums\/72177720309017239?fbclid=IwAR3XirrKdjd3b3H2vpuEfFP1_uomSaxMIQkoGklGTgGWS_Xjwswc9Uk1j2g\" target=\"_blank\" rel=\"noopener\">ICI<\/a>\u00a0 .<\/p>\n<p>Merci \u00e0 Sophie pour son reportage pr\u00e8s de l&rsquo;arriv\u00e9e \u00e0 voir\u00a0<a href=\"https:\/\/photos.app.goo.gl\/hyKDgAfQmneRqR9q8\" target=\"_blank\" rel=\"noopener\">ICI<\/a>\u00a0 .<\/p>\n<p>Merci \u00e0 St\u00e9phane pour son reportage \u00e0 voir <a href=\"https:\/\/www.flickr.com\/gp\/108180753@N02\/Y5p46W7057\" target=\"_blank\" rel=\"noopener\">ICI<\/a>\u00a0 .<\/p>\n<p>Merci \u00e0 G\u00e9rald dont les photos du km 2.3 et du haut de la derni\u00e8re c\u00f4te sont\u00a0 <a href=\"https:\/\/photos.app.goo.gl\/VHFFhEkuMF8gK2Rp7\" target=\"_blank\" rel=\"noopener\">ICI<\/a> et sont <a href=\"https:\/\/photos.app.goo.gl\/D4WMXZm3iSLTG9Aw5\" target=\"_blank\" rel=\"noopener\">LA<\/a><\/p>\n<p><img loading=\"lazy\" decoding=\"async\" class=\"aligncenter size-large wp-image-4946\" src=\"https:\/\/houssiere.eu\/wp-content\/uploads\/2023\/06\/after-1024x768.jpg\" alt=\"\" width=\"584\" height=\"438\" srcset=\"https:\/\/houssiere.eu\/wp-content\/uploads\/2023\/06\/after-1024x768.jpg 1024w, https:\/\/houssiere.eu\/wp-content\/uploads\/2023\/06\/after-300x225.jpg 300w, https:\/\/houssiere.eu\/wp-content\/uploads\/2023\/06\/after-768x576.jpg 768w, https:\/\/houssiere.eu\/wp-content\/uploads\/2023\/06\/after-400x300.jpg 400w, https:\/\/houssiere.eu\/wp-content\/uploads\/2023\/06\/after.jpg 1280w\" sizes=\"auto, (max-width: 584px) 100vw, 584px\" \/> <img loading=\"lazy\" decoding=\"async\" class=\"aligncenter size-large wp-image-4947\" src=\"https:\/\/houssiere.eu\/wp-content\/uploads\/2023\/06\/before-1024x766.jpg\" alt=\"\" width=\"584\" height=\"437\" srcset=\"https:\/\/houssiere.eu\/wp-content\/uploads\/2023\/06\/before-1024x766.jpg 1024w, https:\/\/houssiere.eu\/wp-content\/uploads\/2023\/06\/before-300x224.jpg 300w, https:\/\/houssiere.eu\/wp-content\/uploads\/2023\/06\/before-768x574.jpg 768w, https:\/\/houssiere.eu\/wp-content\/uploads\/2023\/06\/before-401x300.jpg 401w, https:\/\/houssiere.eu\/wp-content\/uploads\/2023\/06\/before.jpg 1280w\" sizes=\"auto, (max-width: 584px) 100vw, 584px\" \/> <img loading=\"lazy\" decoding=\"async\" class=\"aligncenter size-large wp-image-4948\" src=\"https:\/\/houssiere.eu\/wp-content\/uploads\/2023\/06\/groupe-001-1024x921.jpg\" alt=\"\" width=\"584\" height=\"525\" srcset=\"https:\/\/houssiere.eu\/wp-content\/uploads\/2023\/06\/groupe-001-1024x921.jpg 1024w, https:\/\/houssiere.eu\/wp-content\/uploads\/2023\/06\/groupe-001-300x270.jpg 300w, https:\/\/houssiere.eu\/wp-content\/uploads\/2023\/06\/groupe-001-768x691.jpg 768w, https:\/\/houssiere.eu\/wp-content\/uploads\/2023\/06\/groupe-001-333x300.jpg 333w, https:\/\/houssiere.eu\/wp-content\/uploads\/2023\/06\/groupe-001.jpg 1138w\" sizes=\"auto, (max-width: 584px) 100vw, 584px\" \/> <img loading=\"lazy\" decoding=\"async\" class=\"aligncenter size-large wp-image-4949\" src=\"https:\/\/houssiere.eu\/wp-content\/uploads\/2023\/06\/groupe01-963x1024.jpg\" alt=\"\" width=\"584\" height=\"621\" srcset=\"https:\/\/houssiere.eu\/wp-content\/uploads\/2023\/06\/groupe01-963x1024.jpg 963w, https:\/\/houssiere.eu\/wp-content\/uploads\/2023\/06\/groupe01-282x300.jpg 282w, https:\/\/houssiere.eu\/wp-content\/uploads\/2023\/06\/groupe01-768x817.jpg 768w, https:\/\/houssiere.eu\/wp-content\/uploads\/2023\/06\/groupe01.jpg 1024w\" sizes=\"auto, (max-width: 584px) 100vw, 584px\" \/> <img loading=\"lazy\" decoding=\"async\" class=\"aligncenter size-large wp-image-4950\" src=\"https:\/\/houssiere.eu\/wp-content\/uploads\/2023\/06\/groupe02-776x1024.jpg\" alt=\"\" width=\"584\" height=\"771\" srcset=\"https:\/\/houssiere.eu\/wp-content\/uploads\/2023\/06\/groupe02-776x1024.jpg 776w, https:\/\/houssiere.eu\/wp-content\/uploads\/2023\/06\/groupe02-227x300.jpg 227w, https:\/\/houssiere.eu\/wp-content\/uploads\/2023\/06\/groupe02-768x1013.jpg 768w, https:\/\/houssiere.eu\/wp-content\/uploads\/2023\/06\/groupe02.jpg 970w\" sizes=\"auto, (max-width: 584px) 100vw, 584px\" \/> <img loading=\"lazy\" decoding=\"async\" class=\"aligncenter size-large wp-image-4951\" src=\"https:\/\/houssiere.eu\/wp-content\/uploads\/2023\/06\/groupe03-993x1024.jpg\" alt=\"\" width=\"584\" height=\"602\" srcset=\"https:\/\/houssiere.eu\/wp-content\/uploads\/2023\/06\/groupe03-993x1024.jpg 993w, https:\/\/houssiere.eu\/wp-content\/uploads\/2023\/06\/groupe03-291x300.jpg 291w, https:\/\/houssiere.eu\/wp-content\/uploads\/2023\/06\/groupe03-768x792.jpg 768w, https:\/\/houssiere.eu\/wp-content\/uploads\/2023\/06\/groupe03.jpg 1024w\" sizes=\"auto, (max-width: 584px) 100vw, 584px\" \/> <img loading=\"lazy\" decoding=\"async\" class=\"aligncenter size-large wp-image-4952\" src=\"https:\/\/houssiere.eu\/wp-content\/uploads\/2023\/06\/groupe04-957x1024.jpg\" alt=\"\" width=\"584\" height=\"625\" srcset=\"https:\/\/houssiere.eu\/wp-content\/uploads\/2023\/06\/groupe04-957x1024.jpg 957w, https:\/\/houssiere.eu\/wp-content\/uploads\/2023\/06\/groupe04-280x300.jpg 280w, https:\/\/houssiere.eu\/wp-content\/uploads\/2023\/06\/groupe04-768x822.jpg 768w, https:\/\/houssiere.eu\/wp-content\/uploads\/2023\/06\/groupe04.jpg 1024w\" sizes=\"auto, (max-width: 584px) 100vw, 584px\" \/><\/p>\n<p><img loading=\"lazy\" decoding=\"async\" class=\"aligncenter size-large wp-image-4963\" src=\"https:\/\/houssiere.eu\/wp-content\/uploads\/2023\/06\/depart-mvt-thoracique-2023-1024x680.jpg\" alt=\"\" width=\"584\" height=\"388\" srcset=\"https:\/\/houssiere.eu\/wp-content\/uploads\/2023\/06\/depart-mvt-thoracique-2023-1024x680.jpg 1024w, https:\/\/houssiere.eu\/wp-content\/uploads\/2023\/06\/depart-mvt-thoracique-2023-300x199.jpg 300w, https:\/\/houssiere.eu\/wp-content\/uploads\/2023\/06\/depart-mvt-thoracique-2023-768x510.jpg 768w, https:\/\/houssiere.eu\/wp-content\/uploads\/2023\/06\/depart-mvt-thoracique-2023-452x300.jpg 452w, https:\/\/houssiere.eu\/wp-content\/uploads\/2023\/06\/depart-mvt-thoracique-2023.jpg 1280w\" sizes=\"auto, (max-width: 584px) 100vw, 584px\" \/><\/p>\n<p><img loading=\"lazy\" decoding=\"async\" class=\"aligncenter size-large wp-image-4978\" src=\"https:\/\/houssiere.eu\/wp-content\/uploads\/2023\/06\/Thoracique-divers-108-1024x680.jpg\" alt=\"\" width=\"584\" height=\"388\" srcset=\"https:\/\/houssiere.eu\/wp-content\/uploads\/2023\/06\/Thoracique-divers-108-1024x680.jpg 1024w, https:\/\/houssiere.eu\/wp-content\/uploads\/2023\/06\/Thoracique-divers-108-300x199.jpg 300w, https:\/\/houssiere.eu\/wp-content\/uploads\/2023\/06\/Thoracique-divers-108-768x510.jpg 768w, https:\/\/houssiere.eu\/wp-content\/uploads\/2023\/06\/Thoracique-divers-108-452x300.jpg 452w, https:\/\/houssiere.eu\/wp-content\/uploads\/2023\/06\/Thoracique-divers-108.jpg 1280w\" sizes=\"auto, (max-width: 584px) 100vw, 584px\" \/><\/p>\n<p><span style=\"font-family: Times New Roman, serif;\">Merci \u00e0 tous et \u00e0 l\u2019ann\u00e9e prochaine, sans doute le 31 ao\u00fbt 2024\u00a0!<\/span><\/p>\n<p><span style=\"font-family: Times New Roman, serif;\">N\u2019h\u00e9sitez pas \u00e0 partager cette page vers vos r\u00e9seaux favoris \u00e0 l\u2019aide des boutons ci-dessous.<\/span><\/p>\n","protected":false},"excerpt":{"rendered":"<p>Merci aux 382 vaillants coureurs du 12,4 km qui ont affront\u00e9 la canicule : ce 10 juin 2023 \u00e9tait tr\u00e8s chaud avec 32\u00b0 hors du bois, cela laissait encore beaucoup de degr\u00e9s dans le bois, m\u00eame si le couvert v\u00e9g\u00e9tal &hellip; <a href=\"https:\/\/houssiere.eu\/index.php\/thoracique-de-la-houssiere-2023\/\">Continuer la lecture <span class=\"meta-nav\">&rarr;<\/span><\/a><\/p>\n","protected":false},"author":1,"featured_media":0,"parent":0,"menu_order":0,"comment_status":"closed","ping_status":"closed","template":"","meta":{"jetpack_post_was_ever_published":false,"footnotes":""},"class_list":["post-4944","page","type-page","status-publish","hentry"],"jetpack_sharing_enabled":true,"jetpack_shortlink":"https:\/\/wp.me\/P8shbt-1hK","_links":{"self":[{"href":"https:\/\/houssiere.eu\/index.php\/wp-json\/wp\/v2\/pages\/4944","targetHints":{"allow":["GET"]}}],"collection":[{"href":"https:\/\/houssiere.eu\/index.php\/wp-json\/wp\/v2\/pages"}],"about":[{"href":"https:\/\/houssiere.eu\/index.php\/wp-json\/wp\/v2\/types\/page"}],"author":[{"embeddable":true,"href":"https:\/\/houssiere.eu\/index.php\/wp-json\/wp\/v2\/users\/1"}],"replies":[{"embeddable":true,"href":"https:\/\/houssiere.eu\/index.php\/wp-json\/wp\/v2\/comments?post=4944"}],"version-history":[{"count":10,"href":"https:\/\/houssiere.eu\/index.php\/wp-json\/wp\/v2\/pages\/4944\/revisions"}],"predecessor-version":[{"id":5191,"href":"https:\/\/houssiere.eu\/index.php\/wp-json\/wp\/v2\/pages\/4944\/revisions\/5191"}],"wp:attachment":[{"href":"https:\/\/houssiere.eu\/index.php\/wp-json\/wp\/v2\/media?parent=4944"}],"curies":[{"name":"wp","href":"https:\/\/api.w.org\/{rel}","templated":true}]}}