{"id":558,"date":"2017-10-30T18:01:30","date_gmt":"2017-10-30T17:01:30","guid":{"rendered":"http:\/\/houssiere.eu\/?page_id=558"},"modified":"2017-10-30T18:01:30","modified_gmt":"2017-10-30T17:01:30","slug":"3-joggy-decouvre-le-pulsometre","status":"publish","type":"page","link":"https:\/\/houssiere.eu\/index.php\/humour\/3-joggy-decouvre-le-pulsometre\/","title":{"rendered":"3. Joggy d\u00e9couvre le pulsom\u00e8tre"},"content":{"rendered":"<p lang=\"fr-BE\"><img loading=\"lazy\" decoding=\"async\" class=\"aligncenter size-full wp-image-559\" src=\"http:\/\/houssiere.eu\/wp-content\/uploads\/2017\/10\/joggy3.jpg\" alt=\"\" width=\"800\" height=\"357\" srcset=\"https:\/\/houssiere.eu\/wp-content\/uploads\/2017\/10\/joggy3.jpg 800w, https:\/\/houssiere.eu\/wp-content\/uploads\/2017\/10\/joggy3-300x134.jpg 300w, https:\/\/houssiere.eu\/wp-content\/uploads\/2017\/10\/joggy3-768x343.jpg 768w, https:\/\/houssiere.eu\/wp-content\/uploads\/2017\/10\/joggy3-500x223.jpg 500w\" sizes=\"auto, (max-width: 800px) 100vw, 800px\" \/><\/p>\n<p lang=\"fr-BE\"><span style=\"font-family: Times New Roman,serif;\"><span style=\"font-size: medium;\">Le ciel est bleu, le vent frais\u00a0: 16\u00b0C fin octobre, le temps est id\u00e9al pour les adeptes de la course \u00e0 pied. A l\u2019or\u00e9e du bois, les ch\u00e2taignes tombent, les feuilles les accompagnent\u00a0: le bois s\u2019est par\u00e9 de ses mille couleurs, il a son habit de f\u00eate et le joyeux groupe qui se forme sur le parking n\u2019en a cure, blas\u00e9 par la beaut\u00e9 des lieux. Petit nouveau, je m\u2019\u00e9merveille encore.<\/span><\/span><\/p>\n<p lang=\"fr-BE\"><span style=\"font-family: Times New Roman,serif;\"><span style=\"font-size: medium;\">&#8211; Fartlek aujourd\u2019hui\u00a0? dit un petit r\u00e2bl\u00e9 mal ras\u00e9.<\/span><\/span><\/p>\n<p lang=\"fr-BE\"><span style=\"font-family: Times New Roman,serif;\"><span style=\"font-size: medium;\">&#8211; Non, trop dangereux avec les feuilles ou alors du fractionn\u00e9 sur la route.<\/span><\/span><\/p>\n<p lang=\"fr-BE\"><span style=\"font-family: Times New Roman,serif;\"><span style=\"font-size: medium;\">Le probl\u00e8me quand on d\u00e9bute, c\u2019est leur jargon. Il faut l\u2019entendre, le comprendre sans traducteur ou le deviner, ce qui est le plus dangereux. Fartlek\u00a0? Le fart des skis\u00a0? Mais lek alors\u00a0?? Je me tais vu qu\u2019on n\u2019en fera pas\u2026<\/span><\/span><\/p>\n<p lang=\"fr-BE\"><span style=\"font-family: Times New Roman,serif;\"><span style=\"font-size: medium;\">Courir est une chose naturelle. Il sait \u00e0 peine marcher qu\u2019un enfant court, et \u00e7a personne ne doit le lui apprendre. C\u2019est inn\u00e9. In\u00e9narrable est leur propension (cela n\u2019a rien \u00e0 voir avec Serge qui est tr\u00e8s favorable aux pensionn\u00e9s) \u00e0 donner de l\u2019importance \u00e0 tout ce qui tourne autour du jogging et \u00e0 jargonner sur le plus naturel des mouvements que personne ne nous a appris\u00a0: la course.<\/span><\/span><\/p>\n<p lang=\"fr-BE\"><span style=\"font-family: Times New Roman,serif;\"><span style=\"font-size: medium;\">Attaquons-nous au fractionn\u00e9 donc. <\/span><\/span><\/p>\n<p lang=\"fr-BE\"><span style=\"font-family: Times New Roman,serif;\"><span style=\"font-size: medium;\">&#8211; Quel est l\u2019avantage du fractionn\u00e9\u00a0?<\/span><\/span><\/p>\n<p lang=\"fr-BE\"><span style=\"font-family: Times New Roman,serif;\"><span style=\"font-size: medium;\">L\u00e0 ils m\u2019ont tous jet\u00e9 des mots \u00e0 la t\u00eate\u00a0: r\u00e9sistance, endurance, interval-training, r\u00e9p\u00e9tition, intermittent\u00a0: c\u2019\u00e9tait \u00e0 qui me montrerait son savoir. Pourquoi Dieu a-t-on deux oreilles\u00a0?? Les sons s\u2019entassent sans succ\u00e8s dans ce cerveau lent qu\u2019est le mien\u2026 Le mouvement d\u00e9sordonn\u00e9 de mes globes oculaires a d\u00fb trahir mon d\u00e9sarroi. P\u00e9remptoire, Willy l\u00e2cha\u00a0:<\/span><\/span><\/p>\n<p lang=\"fr-BE\"><span style=\"font-family: Times New Roman,serif;\"><span style=\"font-size: medium;\">&#8211; De toute fa\u00e7on, Joggy, tu comprendras quand tu auras fait tes premi\u00e8res comp\u00e9t\u2019. <\/span><\/span><\/p>\n<p lang=\"fr-BE\"><span style=\"font-family: Times New Roman,serif;\"><span style=\"font-size: medium;\">On ne dit pas comp\u00e9tition, on dit comp\u00e9t\u2019. Les acteurs et musiciens aussi tronquent r\u00e9p\u00e9titions. Si on boit un verre \u00e0 la cafet\u2019 cela n\u2019a cependant rien \u00e0 voir avec une caf\u00e9tition. Pas facile la langue fran\u00e7aise.. Il faudra que je me surveille \u00e0 \u00e9crire Jean-Guy sur ma feuille d\u2019inscription\u2026 \u00e0 force d\u2019entendre ce surnom ridicule, je m\u2019y habitue\u00a0!<\/span><\/span><\/p>\n<p lang=\"fr-BE\"><span style=\"font-family: Times New Roman,serif;\"><span style=\"font-size: medium;\">&#8211; Ce qui compte ce sont tes pulses. <\/span><\/span><\/p>\n<p lang=\"fr-BE\"><span style=\"font-family: Times New Roman,serif;\"><span style=\"font-size: medium;\">Mortel. Je suis dans une impasse. Sont-ce des pulsions\u00a0? Si oui, en quoi ma libido interf\u00e8re-t-elle avec la course \u00e0 pied\u00a0? Une nouvelle abr\u00e9viation\u00a0? Pulsation\u00a0? C\u2019est \u00e7a\u00a0! Le c\u0153ur\u00a0: bon sang mais c\u2019est bien s\u00fbr\u00a0!<\/span><\/span><\/p>\n<p lang=\"fr-BE\"><span style=\"font-family: Times New Roman,serif;\"><span style=\"font-size: medium;\">&#8211; Si elles sont \u00e0 z\u00e9ro, ce n\u2019est pas bon signe je suppose\u00a0?<\/span><\/span><\/p>\n<p lang=\"fr-BE\"><span style=\"font-family: Times New Roman,serif;\"><span style=\"font-size: medium;\">&#8211; Yes\u00a0! T\u2019es mort. Mais cela arrive souvent si tu ne mouilles pas\u2026<\/span><\/span><\/p>\n<p lang=\"fr-BE\"><span style=\"font-family: Times New Roman,serif;\"><span style=\"font-size: medium;\">Voil\u00e0 une autre d\u00e9rive sexuelle des joggeurs\u00a0ou des joggeuses? Que nenni. Retroussant son T-Shirt, le poilu J\u00e9sus (un ib\u00e8re qui porte un pr\u00e9nom mythique) me montra une plaque noire qui lui passait sous les aisselles. <\/span><\/span><\/p>\n<p lang=\"fr-BE\"><span style=\"font-family: Times New Roman,serif;\"><span style=\"font-size: medium;\">&#8211; C\u2019est le pulsem\u00e8tre. Il mesure ton pouls et est reli\u00e9 \u00e0 une montre. Au plus vite tu vas, au plus hautes sont tes pulses.<\/span><\/span><\/p>\n<p lang=\"fr-BE\"><span style=\"font-family: Times New Roman,serif;\"><span style=\"font-size: medium;\">J\u2019appris plus tard que le terme correct de cardiofr\u00e9quencem\u00e8tre ou pulsom\u00e8tre ne leur convenait pas et que l\u2019on francisait le terme anglais en pulsem\u00e8tre. C\u2019est un peu tir\u00e9 par les cheveux, mais ils ont leur pouls sous les yeux en permanence\u2026<\/span><\/span><\/p>\n<p lang=\"fr-BE\"><span style=\"font-family: Times New Roman,serif;\"><span style=\"font-size: medium;\">Ces pouilleux (est-ce bien le terme pour d\u00e9signer ceux qui ont un pouls\u00a0?) sont plus nombreux que je ne le croyais. Il y en avait m\u00eame un vicieux qui n\u2019avait pas d\u2019\u00e9metteur, mais qui lisait le pouls de ses copains\u00a0! Et m\u00eame Marcel, l\u2019astronome m\u00e9tronome qui mesurait les distances.<\/span><\/span><\/p>\n<p lang=\"fr-BE\"><span style=\"font-family: Times New Roman,serif;\"><span style=\"font-size: medium;\">&#8211; Avec un marc\u00e9l\u00e9rom\u00e8tre\u00a0! Nous ass\u00e9n\u00e2t le grand Jacques. <\/span><\/span><\/p>\n<p lang=\"fr-BE\"><span style=\"font-family: Times New Roman,serif;\"><span style=\"font-size: medium;\">&#8211; C\u2019est mieux qu\u2019avec un pifom\u00e8tre \u00e0 foul\u00e9es variables\u00a0! r\u00e9pondit ledit Marcel\u00a0!<\/span><\/span><\/p>\n<p lang=\"fr-BE\"><span style=\"font-family: Times New Roman,serif;\"><span style=\"font-size: medium;\">&#8211; L\u00e0, Marcel, tu exag\u00e8res\u00a0! Venir dire que ma montre \u00e0 40 \u20ac, vieille de 10 ans, tient du pifom\u00e8tre, c\u2019est de la mauvaise foi\u00a0! D\u2019accord, elle indique 12km 660 au lieu des 12 km 700 de la tienne, mais mon pif ne mesure pas 40 m\u00e8tres. Tu me d\u00e9\u00e7ois. Je le dirai \u00e0 Christine\u00a0! Elle te fera la tirade du nez\u00a0!<\/span><\/span><\/p>\n<p lang=\"fr-BE\"><span style=\"font-family: Times New Roman,serif;\"><span style=\"font-size: medium;\">&#8211; D\u2019accord. D\u2019accord, capitula Marcel.<\/span><\/span><\/p>\n<p lang=\"fr-BE\"><span style=\"font-family: Times New Roman,serif;\"><span style=\"font-size: medium;\">L\u2019avantage du pulsem\u00e8tre me sembla \u00e9vident. Ceux qui l&rsquo;avaient au poignet se faisaient charrier\u00a0: faire monter ses pulses \u00e0 la force du poignet, etc&#8230; Ils parlaient tous de pourcentages, qui n\u2019avaient rien de commerciaux, mais correspondaient bien \u00e0 une r\u00e9duction\u00a0: ils couraient tous lentement\u00a0! G\u00e9nial\u00a0! Je savais suivre. Pourquoi donc ne pulsm\u00e8trent-ils pas plus souvent\u00a0? me disais-je\u2026 Un parcours agr\u00e9able dans la for\u00eat, le soleil qui faisait le stroboscope avec les troncs d\u2019arbres, j\u2019avais presque oubli\u00e9 que l\u2019on courait\u00a0! Soudain au d\u00e9tour d\u2019un sentier, on d\u00e9bouche sur une route macadamis\u00e9e.. Et l\u00e0, paf\u00a0! Ils s\u2019arr\u00eatent tous. <\/span><\/span><\/p>\n<p lang=\"fr-BE\"><span style=\"font-family: Times New Roman,serif;\"><span style=\"font-size: medium;\">Bizarre, nous sommes au milieu de nulle part mais sur le sol un trait blanc, avec un beau z\u00e9ro qui le voisine. A\u00efe. Ils s\u2019alignent sur la route, se demandent mutuellement s\u2019ils sont pr\u00eats et vlan, les voil\u00e0 partis. L\u00e0 j\u2019ai eu dur\u00a0: pas de possibilit\u00e9 de parler. Respirer revient \u00e0 haleter comme une actrice coquine, mais en plus rapide\u00a0! La foul\u00e9e s\u2019allonge et le rythme ne change pas. Je ne tiendrai pas longtemps\u2026 D\u2019ailleurs, ils me distancient et je me dis que je finirai l\u2019entra\u00eenement bien seul\u00a0! <\/span><\/span><\/p>\n<p lang=\"fr-BE\"><span style=\"font-family: Times New Roman,serif;\"><span style=\"font-size: medium;\">100 m\u00e8tres devant moi, ils ralentissent, s\u2019arr\u00eatent. Ont-ils vu que je ne suivais pas\u00a0? Bien sympa ils m\u2019attendent. Je suis surpris de tant de sollicitude. <\/span><\/span><\/p>\n<p lang=\"fr-BE\"><span style=\"font-family: Times New Roman,serif;\"><span style=\"font-size: medium;\">&#8211; Cinq quarante-neuf, Joggy\u00a0! me dit Willy. <\/span><\/span><\/p>\n<p lang=\"fr-BE\"><span style=\"font-family: Times New Roman,serif;\"><span style=\"font-size: medium;\">&#8211; Cela te fera un peu moins de r\u00e9cup\u2019, lance Michel<\/span><\/span><\/p>\n<p lang=\"fr-BE\"><span style=\"font-family: Times New Roman,serif;\"><span style=\"font-size: medium;\">Je souris, continue \u00e0 \u00ab\u00a0couroter\u00a0\u00bb en leur demandant par o\u00f9 continue le circuit \u2026 <\/span><\/span><\/p>\n<p lang=\"fr-BE\"><span style=\"font-family: Times New Roman,serif;\"><span style=\"font-size: medium;\">&#8211; Ah, mais on fait demi-tour, le mille monte maintenant \u2026<\/span><\/span><\/p>\n<p lang=\"fr-BE\"><span style=\"font-family: Times New Roman,serif;\"><span style=\"font-size: medium;\">&#8211; Ah le mille montant\u00a0!Ah le mille montant\u00a0! chantonne l\u2019un.<\/span><\/span><\/p>\n<p lang=\"fr-BE\"><span style=\"font-family: Times New Roman,serif;\"><span style=\"font-size: medium;\">Et ils ne veulent vraiment pas poursuivre\u2026 Cela a l\u2019air vrai, ils s\u2019appr\u00eatent \u00e0 repartir dans l\u2019autre sens\u2026 C\u2019est donc \u00e7a\u00a0! 1000 m dans un sens, mille dans l\u2019autre et une pause au milieu\u00a0!<\/span><\/span><\/p>\n<p lang=\"fr-BE\"><span style=\"font-family: Times New Roman,serif;\"><span style=\"font-size: medium;\"><span style=\"color: #000000;\">Apr\u00e8s quatre \u00e9pisodes, je suis compl\u00e8tement fractionn\u00e9\u00a0! Ils d\u00e9cident la fin du calvaire\u2026 en continuant \u00e0 courir\u00a0! C\u2019est le retour au calme disent-ils. Je termine \u00e0 demi-conscient, pr\u00eat \u00e0 d\u00e9poser plainte contre tiers et inapte \u00e0 boire un quart de rouge\u2026 Mais je sais ce qu\u2019est le fractionn\u00e9\u00a0! C\u2019est \u00e0 90% des pulses\u00a0! J.Air<\/span><\/span><\/span><\/p>\n","protected":false},"excerpt":{"rendered":"<p>Le ciel est bleu, le vent frais\u00a0: 16\u00b0C fin octobre, le temps est id\u00e9al pour les adeptes de la course \u00e0 pied. A l\u2019or\u00e9e du bois, les ch\u00e2taignes tombent, les feuilles les accompagnent\u00a0: le bois s\u2019est par\u00e9 de ses mille &hellip; <a href=\"https:\/\/houssiere.eu\/index.php\/humour\/3-joggy-decouvre-le-pulsometre\/\">Continuer la lecture <span class=\"meta-nav\">&rarr;<\/span><\/a><\/p>\n","protected":false},"author":1,"featured_media":0,"parent":353,"menu_order":3,"comment_status":"closed","ping_status":"closed","template":"","meta":{"jetpack_post_was_ever_published":false,"footnotes":""},"class_list":["post-558","page","type-page","status-publish","hentry"],"jetpack_sharing_enabled":true,"jetpack_shortlink":"https:\/\/wp.me\/P8shbt-90","_links":{"self":[{"href":"https:\/\/houssiere.eu\/index.php\/wp-json\/wp\/v2\/pages\/558","targetHints":{"allow":["GET"]}}],"collection":[{"href":"https:\/\/houssiere.eu\/index.php\/wp-json\/wp\/v2\/pages"}],"about":[{"href":"https:\/\/houssiere.eu\/index.php\/wp-json\/wp\/v2\/types\/page"}],"author":[{"embeddable":true,"href":"https:\/\/houssiere.eu\/index.php\/wp-json\/wp\/v2\/users\/1"}],"replies":[{"embeddable":true,"href":"https:\/\/houssiere.eu\/index.php\/wp-json\/wp\/v2\/comments?post=558"}],"version-history":[{"count":1,"href":"https:\/\/houssiere.eu\/index.php\/wp-json\/wp\/v2\/pages\/558\/revisions"}],"predecessor-version":[{"id":560,"href":"https:\/\/houssiere.eu\/index.php\/wp-json\/wp\/v2\/pages\/558\/revisions\/560"}],"up":[{"embeddable":true,"href":"https:\/\/houssiere.eu\/index.php\/wp-json\/wp\/v2\/pages\/353"}],"wp:attachment":[{"href":"https:\/\/houssiere.eu\/index.php\/wp-json\/wp\/v2\/media?parent=558"}],"curies":[{"name":"wp","href":"https:\/\/api.w.org\/{rel}","templated":true}]}}