{"id":6235,"date":"2024-09-02T11:28:29","date_gmt":"2024-09-02T09:28:29","guid":{"rendered":"https:\/\/houssiere.eu\/?page_id=6235"},"modified":"2024-09-07T10:28:20","modified_gmt":"2024-09-07T08:28:20","slug":"thoracique-2024","status":"publish","type":"page","link":"https:\/\/houssiere.eu\/index.php\/thoracique-2024\/","title":{"rendered":"Thoracique 2024"},"content":{"rendered":"<p><span style=\"font-family: Times New Roman, serif;\">Le HAC remercie les 373 coureurs venus prendre part \u00e0 notre comp\u00e9tition foresti\u00e8re sur un parcours exigeant mais loin d\u2019\u00eatre monotone, au grand plaisir des participants.<\/span><\/p>\n<div id=\"attachment_6236\" style=\"width: 594px\" class=\"wp-caption aligncenter\"><img loading=\"lazy\" decoding=\"async\" aria-describedby=\"caption-attachment-6236\" class=\"wp-image-6236 size-large\" src=\"https:\/\/houssiere.eu\/wp-content\/uploads\/2024\/09\/Les-cinq-premiers-hommes-1024x682.jpg\" alt=\"\" width=\"584\" height=\"389\" srcset=\"https:\/\/houssiere.eu\/wp-content\/uploads\/2024\/09\/Les-cinq-premiers-hommes-1024x682.jpg 1024w, https:\/\/houssiere.eu\/wp-content\/uploads\/2024\/09\/Les-cinq-premiers-hommes-300x200.jpg 300w, https:\/\/houssiere.eu\/wp-content\/uploads\/2024\/09\/Les-cinq-premiers-hommes-768x512.jpg 768w, https:\/\/houssiere.eu\/wp-content\/uploads\/2024\/09\/Les-cinq-premiers-hommes-450x300.jpg 450w, https:\/\/houssiere.eu\/wp-content\/uploads\/2024\/09\/Les-cinq-premiers-hommes.jpg 1280w\" sizes=\"auto, (max-width: 584px) 100vw, 584px\" \/><p id=\"caption-attachment-6236\" class=\"wp-caption-text\">Les cinq premiers hommes de la Thoracique 2024\u00a0: Romain PAUL, J\u00e9r\u00f4me PHILIPPE, Pierre LAMBIN, S\u00e9bastien COLMANT et Thomas FLORIZOONE<\/p><\/div>\n<p><span style=\"font-family: Times New Roman, serif;\">Un climat sympa pour la course, des athl\u00e8tes tr\u00e8s comp\u00e9titifs, le challenge Delhalle a garni sa quatorzi\u00e8me manche d\u2019une belle brochette de performances \u00e0 analyser sur le site de chronorace ou\u00a0<a href=\"https:\/\/www.acn-timing.com\/?lng=FR#\/events\/2153492307275075\/ctx\/20240831_delhalle\/cms\/CAP\" target=\"_blank\" rel=\"noopener\">ICI<\/a>. <\/span><\/p>\n<div id=\"attachment_6237\" style=\"width: 594px\" class=\"wp-caption aligncenter\"><img loading=\"lazy\" decoding=\"async\" aria-describedby=\"caption-attachment-6237\" class=\"wp-image-6237 size-large\" src=\"https:\/\/houssiere.eu\/wp-content\/uploads\/2024\/09\/les-cinq-premieres-dames-1024x682.jpg\" alt=\"\" width=\"584\" height=\"389\" srcset=\"https:\/\/houssiere.eu\/wp-content\/uploads\/2024\/09\/les-cinq-premieres-dames-1024x682.jpg 1024w, https:\/\/houssiere.eu\/wp-content\/uploads\/2024\/09\/les-cinq-premieres-dames-300x200.jpg 300w, https:\/\/houssiere.eu\/wp-content\/uploads\/2024\/09\/les-cinq-premieres-dames-768x512.jpg 768w, https:\/\/houssiere.eu\/wp-content\/uploads\/2024\/09\/les-cinq-premieres-dames-450x300.jpg 450w, https:\/\/houssiere.eu\/wp-content\/uploads\/2024\/09\/les-cinq-premieres-dames.jpg 1280w\" sizes=\"auto, (max-width: 584px) 100vw, 584px\" \/><p id=\"caption-attachment-6237\" class=\"wp-caption-text\">Les cinq premi\u00e8res dames de la Thoracique 2024\u00a0: Daphn\u00e9 CAWET, Kathy PROVOOST, Florence PIRSON, Julie VANDERLINDEN et Fran\u00e7oise PISCART<\/p><\/div>\n<p><span style=\"font-family: Times New Roman, serif;\">L\u2019ann\u00e9e prochaine, <span style=\"color: #ff0000;\">c\u2019est le samedi 13 septembre 2025<\/span> que nous vous donnons rendez-vous pour la 5\u00e8me \u00e9dition.<\/span><\/p>\n<p><span style=\"font-family: Times New Roman, serif;\">Cette page souvenir va s\u2019\u00e9toffer sous peu\u00a0!<\/span><\/p>\n<p><span style=\"font-family: Times New Roman, serif;\">Lien vers les photos de Philippe qui vous permettra de sourire 931 fois ! Merci \u00e0 lui. C&rsquo;est par <a href=\"https:\/\/photos.app.goo.gl\/EK4XRxfqa2fEQhyw8\" target=\"_blank\" rel=\"noopener\">ICI<\/a> .<br \/>\n<\/span><\/p>\n<p>Danielle (merci Danielle!) vous propose de voir ses photos sur son compte google par le lien suivant: <a href=\"https:\/\/photos.app.goo.gl\/ZMsze9SnbCTLJUPW6\" target=\"_blank\" rel=\"noopener\">ICI<\/a><\/p>\n<p>Lien vers les photos de Soraya avec 219 vues <a href=\"https:\/\/photos.app.goo.gl\/Lj4f4KghxqBzE6cFA\" target=\"_blank\" rel=\"noopener\">ICI<\/a>\u00a0 . Merci \u00e0 Soraya!<\/p>\n<p>Lien vers les photos de St\u00e9phanie et Jacques (merci \u00e0 eux!) :\u00a0<a href=\"https:\/\/photos.app.goo.gl\/VucVNAwNN3m9Y4ZU6\" target=\"_blank\" rel=\"noopener\">ICI<\/a>\u00a0 .<\/p>\n","protected":false},"excerpt":{"rendered":"<p>Le HAC remercie les 373 coureurs venus prendre part \u00e0 notre comp\u00e9tition foresti\u00e8re sur un parcours exigeant mais loin d\u2019\u00eatre monotone, au grand plaisir des participants. Un climat sympa pour la course, des athl\u00e8tes tr\u00e8s comp\u00e9titifs, le challenge Delhalle a &hellip; <a href=\"https:\/\/houssiere.eu\/index.php\/thoracique-2024\/\">Continuer la lecture <span class=\"meta-nav\">&rarr;<\/span><\/a><\/p>\n","protected":false},"author":1,"featured_media":0,"parent":0,"menu_order":0,"comment_status":"closed","ping_status":"closed","template":"","meta":{"jetpack_post_was_ever_published":false,"footnotes":""},"class_list":["post-6235","page","type-page","status-publish","hentry"],"jetpack_sharing_enabled":true,"jetpack_shortlink":"https:\/\/wp.me\/P8shbt-1Cz","_links":{"self":[{"href":"https:\/\/houssiere.eu\/index.php\/wp-json\/wp\/v2\/pages\/6235","targetHints":{"allow":["GET"]}}],"collection":[{"href":"https:\/\/houssiere.eu\/index.php\/wp-json\/wp\/v2\/pages"}],"about":[{"href":"https:\/\/houssiere.eu\/index.php\/wp-json\/wp\/v2\/types\/page"}],"author":[{"embeddable":true,"href":"https:\/\/houssiere.eu\/index.php\/wp-json\/wp\/v2\/users\/1"}],"replies":[{"embeddable":true,"href":"https:\/\/houssiere.eu\/index.php\/wp-json\/wp\/v2\/comments?post=6235"}],"version-history":[{"count":9,"href":"https:\/\/houssiere.eu\/index.php\/wp-json\/wp\/v2\/pages\/6235\/revisions"}],"predecessor-version":[{"id":6255,"href":"https:\/\/houssiere.eu\/index.php\/wp-json\/wp\/v2\/pages\/6235\/revisions\/6255"}],"wp:attachment":[{"href":"https:\/\/houssiere.eu\/index.php\/wp-json\/wp\/v2\/media?parent=6235"}],"curies":[{"name":"wp","href":"https:\/\/api.w.org\/{rel}","templated":true}]}}