{"id":706,"date":"2018-01-02T16:00:23","date_gmt":"2018-01-02T15:00:23","guid":{"rendered":"http:\/\/houssiere.eu\/?page_id=706"},"modified":"2018-01-02T16:00:23","modified_gmt":"2018-01-02T15:00:23","slug":"4-joggy-court-le-soir","status":"publish","type":"page","link":"https:\/\/houssiere.eu\/index.php\/humour\/4-joggy-court-le-soir\/","title":{"rendered":"4. Joggy court le soir"},"content":{"rendered":"<p lang=\"fr-BE\"><span style=\"font-family: Times New Roman, serif;\">Quand vient l\u2019hiver, la p\u00e9riode de No\u00ebl est proche. Je me suis aper\u00e7u que les joggeurs contribuaient largement \u00e0 l\u2019ambiance.<\/span><\/p>\n<p lang=\"fr-BE\"><span style=\"font-family: Times New Roman, serif;\">Ce jour-l\u00e0, le rendez-vous \u00e9tait fix\u00e9 au square de la Libert\u00e9. Square en anglais signifie \u2018carr\u00e9\u2019.\u00a0Chez nous le square s\u2019av\u00e8re \u00eatre un rond-point. D\u00e9sar\u00e7onn\u00e9, je cherche la maison du coin, o\u00f9 l\u2019on m\u2019avait donn\u00e9 rendez-vous. <\/span><\/p>\n<p lang=\"fr-BE\"><span style=\"font-family: Times New Roman, serif;\">\u00ab\u00a0C\u2019est juste au coin, Joggy\u00a0!\u00a0Tu ne peux pas te tromper\u00a0!\u00a0\u00bb . Mon pr\u00e9nom c\u2019est Jean-Guy, mais ils en ont d\u00e9cid\u00e9 autrement\u2026 Difficile de se battre contre du vent. <\/span><\/p>\n<p lang=\"fr-BE\"><span style=\"font-family: Times New Roman, serif;\">Mais o\u00f9 est le coin d\u2019un rond. Oui je sais que l\u2019on met ses d\u00e9chets au coin d\u2019une assiette, mais l\u2019humour de table ne d\u00e9soriente personne. L\u2019orient\u00e9 est au nord du square rond. J\u2019y trouve notre h\u00f4te qui a plus de 70 ans\u2026 et me prend presque 70 secondes au kilom\u00e8tre. Heureusement qu\u2019il n\u2019a pas quatre-vingts ans\u00a0!<\/span><\/p>\n<p lang=\"fr-BE\"><span style=\"font-family: Times New Roman, serif;\">Comme le fond de l\u2019air \u00e9tait frais (le fond de l\u2019eau, on voit bien o\u00f9 c\u2019est. Mais le fond de l\u2019air\u00a0? L\u2019air de rien, o\u00f9 est-ce\u00a0?), je m\u2019\u00e9tais habill\u00e9 bien chaudement, sur les conseils de Danielle : cagoule, moufles, collants, pull. <\/span><\/p>\n<p lang=\"fr-BE\"><span style=\"font-family: Times New Roman, serif;\">Arriv\u00e9 bien avant l\u2019heure, j\u2019ai eu l\u2019occasion de les voir surgir de la nuit et d\u2019un peu partout. L\u2019un avec une veste fluo, l\u2019autre avec un brassard clignotant ou comme le grand mince clignotant en rouge devant et derri\u00e8re\u00a0: du coup on ne savait pas o\u00f9 \u00e9tait l\u2019avant.. C\u2019\u00e9tait No\u00ebl, cela clignotait de partout\u00a0! <img loading=\"lazy\" decoding=\"async\" class=\"alignright wp-image-707 size-medium\" src=\"http:\/\/houssiere.eu\/wp-content\/uploads\/2018\/01\/hac4-300x225.jpg\" alt=\"\" width=\"300\" height=\"225\" srcset=\"https:\/\/houssiere.eu\/wp-content\/uploads\/2018\/01\/hac4-300x225.jpg 300w, https:\/\/houssiere.eu\/wp-content\/uploads\/2018\/01\/hac4-400x300.jpg 400w, https:\/\/houssiere.eu\/wp-content\/uploads\/2018\/01\/hac4.jpg 720w\" sizes=\"auto, (max-width: 300px) 100vw, 300px\" \/><\/span><\/p>\n<p lang=\"fr-BE\"><span style=\"font-family: Times New Roman, serif;\">Et Herv\u00e9 (souvent tr\u00e8s enherv\u00e9) a une lampe frontale\u00a0: \u00ab\u00a0Je suis une lumi\u00e8re\u00a0\u00bb , dit-il en se mettant la main au front. Et paf, sa lampe de rejoindre le fond de l\u2019air\u2026 <\/span><\/p>\n<p lang=\"fr-BE\"><span style=\"font-family: Times New Roman, serif;\">Cette joyeuse \u00e9quipe bigarr\u00e9e (ils occupaient deux places de stationnement) se met en branle. C\u2019est une expression qu\u2019ils adorent. <\/span><\/p>\n<p lang=\"fr-BE\"><span style=\"font-family: Times New Roman, serif;\">\u00ab\u00a0Joggy, tu as tes palmes\u00a0? On fait le tour des canards\u00a0!\u00a0\u00bb<\/span><\/p>\n<p lang=\"fr-BE\"><span style=\"font-family: Times New Roman, serif;\">\u00ab\u00a0 J\u2019ai \u00e9t\u00e9 d\u00e9cor\u00e9 de l\u2019ordre du pot de colle \u00e0 tapisser, avec palmes, mais c\u2019est la seule reconnaissance soci\u00e9tale en mati\u00e8re de d\u00e9coration. Pourquoi des palmes\u00a0?\u00a0\u00bb<\/span><\/p>\n<p lang=\"fr-BE\"><span style=\"font-family: Times New Roman, serif;\">\u00ab\u00a0Parce que dans ce coin-coin l\u00e0, s\u2019il y a des canards, c&rsquo;est qu&rsquo;il y a aussi de l\u2019eau\u00a0!\u00a0\u00bb<\/span><\/p>\n<p lang=\"fr-BE\"><span style=\"font-family: Times New Roman, serif;\">\u00ab\u00a0J\u00e9sus court avec nous\u00a0?\u00a0\u00bb. <\/span><\/p>\n<p lang=\"fr-BE\"><span style=\"font-family: Times New Roman, serif;\">Ceux qui me croient virer au mysticisme se trompent. Je vous l&rsquo;ai d\u00e9j\u00e0 dit\u00a0: ils ont un joggeur r\u00e9ellement pr\u00e9nomm\u00e9 J\u00e9sus. Hispanique, il raffole de la pluie, dont il a longtemps \u00e9t\u00e9 priv\u00e9. <\/span><\/p>\n<p lang=\"fr-BE\"><span style=\"font-family: Times New Roman, serif;\">\u00ab\u00a0C\u2019est le seul qui court sur l\u2019eau. Avec Michel\u00a0!\u00a0\u00bb<\/span><\/p>\n<p lang=\"fr-BE\"><span style=\"font-family: Times New Roman, serif;\">Nous voil\u00e0 partis qui sur la route , qui sur le trottoir (dangereuse zone de jogging avec tous ces obstacles). Nous voil\u00e0 tr\u00e8s vite dans les petits chemins, rencontrant les automobilistes qui prennent les itin\u00e9raires \u2018bison bourr\u00e9\u2019 et dont il fallait se m\u00e9fier. <\/span><\/p>\n<p lang=\"fr-BE\"><span style=\"font-family: Times New Roman, serif;\">Puis la p\u00e9nombre, les chemins mal \u00e9clair\u00e9s. On se rend compte que l\u2019\u00e9clairage n\u2019est jamais pens\u00e9 pour les pi\u00e9tons.. Il se rar\u00e9fie, les lampes saut\u00e9es sautent aux yeux. Le travail au noir sans doute.. <\/span><\/p>\n<p lang=\"fr-BE\"><span style=\"font-family: Times New Roman, serif;\">Le peloton s\u2019allonge, la f\u00e9erie de No\u00ebl (pas un ami joggeur, la f\u00eate) avec les lumi\u00e8res clignotantes prend tout son sens. C\u2019est joli un peloton la nuit. Et en plus, on ne voit pas que je grimace pour pouvoir suivre le train. A propos de train\u00a0: arr\u00eat au passage \u00e0 niveau, qui lui(t) aussi se met \u00e0 clignoter comme un sapin de No\u00ebl. Zouf\u00a0! Le train-train quotidien jette un rai de lumi\u00e8re blanche\u2026<\/span><\/p>\n<p lang=\"fr-BE\"><span style=\"font-family: Times New Roman, serif;\">Le passage quitte le rouge de No\u00ebl\u2026<\/span><\/p>\n<p lang=\"fr-BE\"><span style=\"font-family: Times New Roman, serif;\">\u00ab\u00a0Allez\u00a0! Gu\u00a0!\u00a0\u00bb<\/span><\/p>\n<p lang=\"fr-BE\"><span style=\"font-family: Times New Roman, serif;\">\u00ab\u00a0Je te demande tout de go, pourquoi gu Jacques\u00a0?\u00a0\u00bb<\/span><\/p>\n<p lang=\"fr-BE\"><span style=\"font-family: Times New Roman, serif;\">\u00ab\u00a0Parce que go est lent et gu parce que gu l\u2019hiver\u00a0\u00bb. Logique de joggeur hyperoxyg\u00e9n\u00e9.<\/span><\/p>\n<p lang=\"fr-BE\"><span style=\"font-family: Times New Roman, serif;\"><img loading=\"lazy\" decoding=\"async\" class=\"aligncenter size-full wp-image-708\" src=\"http:\/\/houssiere.eu\/wp-content\/uploads\/2018\/01\/minineige.jpg\" alt=\"\" width=\"200\" height=\"112\" \/>Le peloton serpente dans la p\u00e9nombre, le sol est difficilement discernable\u00a0: ils ne ralentissent pas. L\u2019angoisse de tr\u00e9bucher au milieu de nulle part et de me retrouver seul abandonn\u00e9\u00e9\u00e9\u00e9, fait que je m\u2019accroche au train. Pas celui du passage \u00e0 niveau, mais celui du passage \u00e0 un niveau de course bien sup\u00e9rieur \u00e0 mes capacit\u00e9s\u00a0!<\/span><\/p>\n<p lang=\"fr-BE\"><span style=\"font-family: Times New Roman, serif;\">Et puis les froides flaques font claquer le tempo des pas. Flic-flaques, nous dit Eric, inspecteur tout-terrain. Et mouillent les chaussettes. Ils n\u2019en ont cure, tracent comme des hors-bords et me laissent en godille du peloton. Les lumi\u00e8res clignotent, gigotent, tremblotent\u00a0: cela ressemble vraiment \u00e0 l\u2019\u00e9tat de mes jambes. Cela monte, l\u2019eau ruisselle sur les flancs de la route et ceux de mes joues\u00a0: c\u2019est bien confortable d&rsquo;avoir la t\u00eate pr\u00e8s du bonnet\u00a0: le froid n\u2019a plus prise sur moi.<\/span><\/p>\n<p lang=\"fr-BE\"><span style=\"font-family: Times New Roman, serif;\">En haut du faux-plat montant (c&rsquo;est sous ce label que Serge d\u00e9signe les c\u00f4tes), ils m\u2019attendent en cerclant, comme les busards au-dessus de leur proie. Busards, vous avez dit busards, comme c\u2019est busard\u2026 <\/span><\/p>\n<p lang=\"fr-BE\"><span style=\"font-family: Times New Roman, serif;\">\u00ab\u00a0Tu te serais perdu Joggy, et comme on fait les faux-plats de r\u00e9sistance, cela nous fait du bien de t\u2019attendre\u00a0\u00bb.<\/span><\/p>\n<p lang=\"fr-BE\"><span style=\"font-family: Times New Roman, serif;\">Les clignotants rouges doivent avoir la couleur de mes joues en feu (ne dit-on pas \u00ab\u00a0En joue, feu\u00a0\u00bb\u00a0?) . L\u2019humour est noir comme la nuit et la route aussi t\u00e9n\u00e9breuse que tant\u00f4t\u2026<\/span><\/p>\n<p lang=\"fr-BE\"><span style=\"font-family: Times New Roman, serif;\">Quelques r\u00e9verb\u00e8res, quelques lumi\u00e8res, le retour \u00e0 la rassurante qui\u00e9tude de la ville endormie par la froidure, qui n\u2019existe pas pour ces nocturnes joggeurs. Et j\u2019en fais partie, quasi asphyxi\u00e9 mais pr\u00e9sent. <\/span><\/p>\n<p lang=\"fr-BE\"><span style=\"font-family: Times New Roman, serif;\">\u00ab\u00a0Je ne suis pas nyctalope\u00a0\u00bb, dis-je.<\/span><\/p>\n<p lang=\"fr-BE\"><span style=\"font-family: Times New Roman, serif;\">\u00ab\u00a0Qui tu niques, bleu\u00a0?\u00a0\u00bb allonge le grand. Et eux, ils font \u00e7a sans souffrir.<\/span><\/p>\n<p lang=\"fr-BE\"><span style=\"font-family: Times New Roman, serif;\">Pas facile l\u2019entra\u00eenement l\u2019hiver. Mais je progresse..<\/span><\/p>\n<p lang=\"fr-BE\"><span style=\"font-family: Times New Roman, serif;\">Dieu que c\u2019est joli No\u00ebl quand les jambes suivent le cou\u2026<\/span><\/p>\n<p lang=\"fr-BE\"><span style=\"font-family: Times New Roman, serif;\"> J. Air<\/span><\/p>\n","protected":false},"excerpt":{"rendered":"<p>Quand vient l\u2019hiver, la p\u00e9riode de No\u00ebl est proche. Je me suis aper\u00e7u que les joggeurs contribuaient largement \u00e0 l\u2019ambiance. Ce jour-l\u00e0, le rendez-vous \u00e9tait fix\u00e9 au square de la Libert\u00e9. Square en anglais signifie \u2018carr\u00e9\u2019.\u00a0Chez nous le square s\u2019av\u00e8re &hellip; <a href=\"https:\/\/houssiere.eu\/index.php\/humour\/4-joggy-court-le-soir\/\">Continuer la lecture <span class=\"meta-nav\">&rarr;<\/span><\/a><\/p>\n","protected":false},"author":1,"featured_media":0,"parent":353,"menu_order":4,"comment_status":"closed","ping_status":"closed","template":"","meta":{"jetpack_post_was_ever_published":false,"footnotes":""},"class_list":["post-706","page","type-page","status-publish","hentry"],"jetpack_sharing_enabled":true,"jetpack_shortlink":"https:\/\/wp.me\/P8shbt-bo","_links":{"self":[{"href":"https:\/\/houssiere.eu\/index.php\/wp-json\/wp\/v2\/pages\/706","targetHints":{"allow":["GET"]}}],"collection":[{"href":"https:\/\/houssiere.eu\/index.php\/wp-json\/wp\/v2\/pages"}],"about":[{"href":"https:\/\/houssiere.eu\/index.php\/wp-json\/wp\/v2\/types\/page"}],"author":[{"embeddable":true,"href":"https:\/\/houssiere.eu\/index.php\/wp-json\/wp\/v2\/users\/1"}],"replies":[{"embeddable":true,"href":"https:\/\/houssiere.eu\/index.php\/wp-json\/wp\/v2\/comments?post=706"}],"version-history":[{"count":1,"href":"https:\/\/houssiere.eu\/index.php\/wp-json\/wp\/v2\/pages\/706\/revisions"}],"predecessor-version":[{"id":709,"href":"https:\/\/houssiere.eu\/index.php\/wp-json\/wp\/v2\/pages\/706\/revisions\/709"}],"up":[{"embeddable":true,"href":"https:\/\/houssiere.eu\/index.php\/wp-json\/wp\/v2\/pages\/353"}],"wp:attachment":[{"href":"https:\/\/houssiere.eu\/index.php\/wp-json\/wp\/v2\/media?parent=706"}],"curies":[{"name":"wp","href":"https:\/\/api.w.org\/{rel}","templated":true}]}}