{"id":951,"date":"2018-03-22T18:20:54","date_gmt":"2018-03-22T17:20:54","guid":{"rendered":"http:\/\/houssiere.eu\/?page_id=951"},"modified":"2018-03-22T18:20:54","modified_gmt":"2018-03-22T17:20:54","slug":"5-joggy-lhiver","status":"publish","type":"page","link":"https:\/\/houssiere.eu\/index.php\/humour\/5-joggy-lhiver\/","title":{"rendered":"5. Joggy l\u2019hiver"},"content":{"rendered":"<p lang=\"fr-BE\"><span style=\"color: #000000;\"><span style=\"font-family: Times\\ New\\ Roman, serif;\">Pour vous faire sourire, quelques histoires invent\u00e9es. Un personnage imaginaire se lance dans le jogging. Nous l\u2019appellerons \u00ab\u00a0Joggy\u00a0\u00bb. Il fr\u00e9quente un peloton tout aussi imaginaire. Toute ressemblance avec des personnages r\u00e9els est bien s\u00fbr fortuite.<\/span><\/span><\/p>\n<p lang=\"fr-BE\"><img loading=\"lazy\" decoding=\"async\" class=\"aligncenter size-full wp-image-952\" src=\"http:\/\/houssiere.eu\/wp-content\/uploads\/2018\/03\/minineige.jpg\" alt=\"\" width=\"200\" height=\"112\" \/><\/p>\n<p lang=\"fr-BE\"><span style=\"font-family: Times\\ New\\ Roman, serif;\">\u00ab\u00a0Mince comme tu es, Tolsto\u00ef, tu devrais ne faire que du long.\u00a0\u00bb<\/span><\/p>\n<p lang=\"fr-BE\"><span style=\"font-family: Times\\ New\\ Roman, serif;\">\u00ab\u00a0Le long, c\u2019est mon m\u00e8tre presque nonante, mais je ne m\u2019appelle plus Joggy maintenant\u00a0?\u00a0\u00bb<\/span><\/p>\n<p lang=\"fr-BE\"><span style=\"font-family: Times\\ New\\ Roman, serif;\">\u00ab\u00a0Siiii, Tolsto\u00ef c\u2019est momentan\u00e9, c\u2019est parce que tu n\u2019es gu\u00e8re \u00e9pais\u00a0\u00bb<\/span><\/p>\n<p lang=\"fr-BE\"><span style=\"font-family: Times\\ New\\ Roman, serif;\">\u00ab\u00a0Alors moi je vais t\u2019appeler Azerty, parce que tu as des lettres. \u00bb. Je me demande pourquoi mes parents m\u2019ont appel\u00e9 Jean-Guy\u2026\u00a0, ce sobriquet me colle \u00e0 la peau.<\/span><\/p>\n<p lang=\"fr-BE\"><span style=\"font-family: Times\\ New\\ Roman, serif;\">L\u2019hiver et son blanc manteau a succ\u00e9d\u00e9 au strip-tease automnal des arbres. Ces effeuilleuses ont sem\u00e9 des feuilles qui masquent les flaques et maintenant voil\u00e0 que cela floconne comme mes pieds. On ne s\u2019entend plus courir. Du tapis brun au tapis blanc, la lumi\u00e8re fait la diff\u00e9rence.<\/span><\/p>\n<p lang=\"fr-BE\"><span style=\"font-family: Times\\ New\\ Roman, serif;\">\u00ab\u00a0Mais l\u2019hiver, cela jette un froid pour faire des distances\u00a0\u00bb. Il faut raccourcir, m\u00eame si on est long\u00a0! Et de d\u00e9butant sur courte distance je deviens pro-long. Pas pro comme professionnel, mais pro comme partisan\u00a0! Tiens\u00a0?? Pro. Un gigolo est un pro-metteur\u00a0? Celui que le fait gratuitement est un anti-metteur\u00a0? <\/span><\/p>\n<p lang=\"fr-BE\"><span style=\"font-family: Times\\ New\\ Roman, serif;\">\u00ab\u00a0Allez metteur, sors ton antenne et met le turbo.\u00a0\u00bb<\/span><\/p>\n<p lang=\"fr-BE\"><span style=\"font-family: Times\\ New\\ Roman, serif;\">\u00ab\u00a0Si je suis un metteur, tu en es un autre\u00a0!\u00a0\u00bb<\/span><\/p>\n<p lang=\"fr-BE\"><span style=\"font-family: Times\\ New\\ Roman, serif;\">\u00ab\u00a0Et moi qui court entre vous deux, je suis un entremetteur, alors\u00a0?\u00a0\u00bb viens nous glisser Marcel. Le grain de sel de Marcel est propre \u00e0 ce metteur en Sennette, la rivi\u00e8re locale, mais en cette p\u00e9riode hivernale ce sel est bienvenu.<\/span><\/p>\n<p lang=\"fr-BE\"><span style=\"font-family: Times\\ New\\ Roman, serif;\">Il faut savoir que les ger\u00e7ures, cela existe. Que les rhumes de cerveau, cela s\u2019attrape en prenant froid. Et en ayant un cerveau. Oui je sais, quand on court on a chaud. Mais quand on s\u2019arr\u00eate, hein\u00a0? Qui ne s\u2019arr\u00eate pas\u00a0? Moi je d\u00e9bute et parfois il me faut r\u00e9cup\u00e9rer. Alors je m\u2019arr\u00eate. Et souvent c\u2019est en c\u00f4te. Et les red\u00e9marrages en c\u00f4te, cela fait mal.<\/span><\/p>\n<p lang=\"fr-BE\"><span style=\"font-family: Times\\ New\\ Roman, serif;\">La chouette hulotte (ce n\u2019est pas une jolie copine qui s\u2019appelle hulotte, hein\u00a0!) ne s\u2019entend pas le jour. Le lac qui se trouve pr\u00e8s de Charly des Pr\u00e8s, porte ce nom. C\u2019est le lac Hulotte (de cheval) autour duquel nous tournons avant d\u2019aborder une grimpette hivernale. Laissant lac Hulotte pour sa grimpette, je me trouve en terrain glissant&#8230; et c\u2019est plus dur\u00a0! En effet, quand on a de l\u2019\u00e9lan, si \u00e7a glisse c\u2019est facile de monter. Mais en tra\u00eenant le pas, la c\u00f4te est plus p\u00e9nible\u00a0! Style Echternach\u2026<\/span><\/p>\n<p lang=\"fr-BE\"><span style=\"font-family: Times\\ New\\ Roman, serif;\">Pourtant, tout le monde vous le dira, en jogging, les c\u00f4tes sont plus sympas que les descentes\u2026 Il faut avoir le c\u0153ur bien accroch\u00e9 pour courir dans une descente\u00a0! On prend de la vitesse. Et quand vous passez les 20 km\/h, m\u00eame sur quelques m\u00e8tres, vous pensez \u00e0 des images qui n\u2019encouragent pas\u00a0: les v\u00e9los ont un frein, les voitures des airbags, les cyclos ont un casque\u2026 Et les arbres qui d\u00e9filent \u00e0 toute vitesse. Cela fait trois pas \u00e0 la seconde, sans se tordre la cheville. On se tord de rire, mais c\u2019est la seule chose qui vous fait rire avec le mot tordre&#8230;<\/span><\/p>\n<p lang=\"fr-BE\"><span style=\"font-family: Times\\ New\\ Roman, serif;\">Quoique\u2026 D\u2019ailleurs dans ces circonstances, les corps s\u2019arc-boutent. Et celui qui fait rire dans ces cas-l\u00e0, est-il un arc-boute-en-train\u00a0? Ici, l\u2019entra\u00eenement sans entrain est impossible. Sans tender ni trompette, le rythme s\u2019acc\u00e9l\u00e8re. Froid ou non, ils sont chauds et les volutes de fum\u00e9es exhal\u00e9es de leurs poitrines saccad\u00e9es marquent l\u2019air du bois\u2026 et la mesure de leurs efforts se traduit par la longueur de ces exhalaisons. Le blanc du sol, la blancheur de l\u2019air. Tout est troublanc.<\/span><\/p>\n<p lang=\"fr-BE\"><span style=\"font-family: Times\\ New\\ Roman, serif;\">Il faut les voir courir sur la neige. Le pas glisse et la boue marque vite la neige. Ca crisse, teint le chemin et d\u2019une vierge couche blanche, ils font un sombre sentier de for\u00eat. C\u2019est la cur\u00e9e. Mais ce qu\u2019on ne sait pas, c\u2019est que cette file d\u2019enfants de ch\u0153ur \u00e0 l\u2019ouvrage, est d\u2019office align\u00e9e, de mani\u00e8re \u00e0 profiter de l\u2019aplatissement de la poudreuse par le pas du pr\u00e9c\u00e9dent. Dieu merci, nous ne sommes pas assez nombreux pour verglacer l\u2019all\u00e9e. Allez, chez Torine un verre glac\u00e9 nous attend et nous y communierons nos \u00e9tats d\u2019\u00e2me apr\u00e8s ces hostilit\u00e9s sportives et avoir laiss\u00e9 cet enfer blanc \u00e0 nos talons. Nous chantons avec Yves, le terme de notre jogging\u00a0: \u00ab\u00a0Talons enfants de la patrie, le jour de foire est termin\u00e9\u00a0\u00bb. Si le Brabant sonne, le Hainaut ouvre la porte en ce lieu interprovincial qu&rsquo;est le bois de la Houssi\u00e8re\u2026<\/span><\/p>\n<p lang=\"fr-BE\"><span style=\"font-family: Times\\ New\\ Roman, serif;\">Les \u00e9quilibristes de la course \u00e0 pied sont toujours \u00e9tonn\u00e9s de se trouver si nombreux les jours de conditions climatiques difficiles. Le jogging, c\u2019est une passion, qui se vit passionn\u00e9ment et ce avec des passionn\u00e9s\u00a0! Cela d\u00e9stresse, d\u00e9tend, apaise, cela vous fait vibrer. Et quelles \u00ab\u00a0good vibrations\u00a0\u00bb, diraient les Gar\u00e7ons de Plage\u00a0!<\/span><\/p>\n<p lang=\"fr-BE\"><span style=\"font-family: Times\\ New\\ Roman, serif;\"> J. Air<\/span><\/p>\n","protected":false},"excerpt":{"rendered":"<p>Pour vous faire sourire, quelques histoires invent\u00e9es. Un personnage imaginaire se lance dans le jogging. Nous l\u2019appellerons \u00ab\u00a0Joggy\u00a0\u00bb. Il fr\u00e9quente un peloton tout aussi imaginaire. Toute ressemblance avec des personnages r\u00e9els est bien s\u00fbr fortuite. \u00ab\u00a0Mince comme tu es, Tolsto\u00ef, &hellip; <a href=\"https:\/\/houssiere.eu\/index.php\/humour\/5-joggy-lhiver\/\">Continuer la lecture <span class=\"meta-nav\">&rarr;<\/span><\/a><\/p>\n","protected":false},"author":1,"featured_media":0,"parent":353,"menu_order":5,"comment_status":"closed","ping_status":"closed","template":"","meta":{"jetpack_post_was_ever_published":false,"footnotes":""},"class_list":["post-951","page","type-page","status-publish","hentry"],"jetpack_sharing_enabled":true,"jetpack_shortlink":"https:\/\/wp.me\/P8shbt-fl","_links":{"self":[{"href":"https:\/\/houssiere.eu\/index.php\/wp-json\/wp\/v2\/pages\/951","targetHints":{"allow":["GET"]}}],"collection":[{"href":"https:\/\/houssiere.eu\/index.php\/wp-json\/wp\/v2\/pages"}],"about":[{"href":"https:\/\/houssiere.eu\/index.php\/wp-json\/wp\/v2\/types\/page"}],"author":[{"embeddable":true,"href":"https:\/\/houssiere.eu\/index.php\/wp-json\/wp\/v2\/users\/1"}],"replies":[{"embeddable":true,"href":"https:\/\/houssiere.eu\/index.php\/wp-json\/wp\/v2\/comments?post=951"}],"version-history":[{"count":1,"href":"https:\/\/houssiere.eu\/index.php\/wp-json\/wp\/v2\/pages\/951\/revisions"}],"predecessor-version":[{"id":953,"href":"https:\/\/houssiere.eu\/index.php\/wp-json\/wp\/v2\/pages\/951\/revisions\/953"}],"up":[{"embeddable":true,"href":"https:\/\/houssiere.eu\/index.php\/wp-json\/wp\/v2\/pages\/353"}],"wp:attachment":[{"href":"https:\/\/houssiere.eu\/index.php\/wp-json\/wp\/v2\/media?parent=951"}],"curies":[{"name":"wp","href":"https:\/\/api.w.org\/{rel}","templated":true}]}}